{"id":95,"date":"2017-02-28T22:51:20","date_gmt":"2017-02-28T21:51:20","guid":{"rendered":"http:\/\/murve.um.si\/?page_id=95"},"modified":"2017-03-01T16:41:51","modified_gmt":"2017-03-01T15:41:51","slug":"partners","status":"publish","type":"page","link":"https:\/\/www.murve.um.si\/?page_id=95&lang=en","title":{"rendered":"Partners"},"content":{"rendered":"<p><strong>Hungary<\/strong><\/p>\n<p style=\"text-align: center;\">University of Veterinary Medicine Budapest,<br \/>\nDepartment of Microbiology and Infectious Diseases<\/p>\n<p><img loading=\"lazy\" decoding=\"async\" class=\"wp-image-150 aligncenter\" src=\"http:\/\/murve.um.si\/wp-content\/uploads\/2017\/02\/univet_logo-300x294.jpg\" alt=\"\" width=\"161\" height=\"158\" srcset=\"https:\/\/www.murve.um.si\/wp-content\/uploads\/2017\/02\/univet_logo-300x294.jpg 300w, https:\/\/www.murve.um.si\/wp-content\/uploads\/2017\/02\/univet_logo-768x752.jpg 768w, https:\/\/www.murve.um.si\/wp-content\/uploads\/2017\/02\/univet_logo-1024x1003.jpg 1024w\" sizes=\"auto, (max-width: 161px) 100vw, 161px\" \/><\/p>\n<p>dr. <a href=\"https:\/\/vm.mtmt.hu\/\/search\/slist.php?nwi=1&amp;inited=1&amp;ty_on=1&amp;url_on=1&amp;cite_type=2&amp;orderby=3D1a&amp;lang=1&amp;location=mtmt&amp;stn=1&amp;AuthorID=10048617\" target=\"_blank\">Rebeka Ber\u010di\u010d<\/a><br \/>\nbercic.rebeka.lucijana@aotk.szie.hu<br \/>\nResearch field: Biotechnical sciences, animal production and processing<\/p>\n<p>dr. <a href=\"https:\/\/vm.mtmt.hu\/\/search\/slist.php?nwi=1&amp;inited=1&amp;ty_on=1&amp;url_on=1&amp;cite_type=2&amp;orderby=3D1a&amp;lang=1&amp;location=mtmt&amp;stn=1&amp;AuthorID=10000642\" target=\"_blank\">Tam\u00e1s Bakonyi<\/a><br \/>\ntamas.bakonyi@vetmeduni.ac.at<br \/>\nResearch field: Biotechnical sciences, animal production and processing<\/p>\n<p><strong>Slovenia<\/strong><\/p>\n<p style=\"text-align: center;\">University of Maribor, Faculty of Agriculture and Life Sciences<\/p>\n<p><img loading=\"lazy\" decoding=\"async\" class=\"wp-image-161 aligncenter\" src=\"http:\/\/murve.um.si\/wp-content\/uploads\/2017\/02\/UM-300x171.png\" alt=\"\" width=\"204\" height=\"116\" srcset=\"https:\/\/www.murve.um.si\/wp-content\/uploads\/2017\/02\/UM-300x171.png 300w, https:\/\/www.murve.um.si\/wp-content\/uploads\/2017\/02\/UM.png 456w\" sizes=\"auto, (max-width: 204px) 100vw, 204px\" \/><\/p>\n<p>dr. <a href=\"http:\/\/www.sicris.si\/public\/jqm\/search_basic.aspx?lang=slv&amp;opdescr=search&amp;opt=2&amp;subopt=1&amp;code1=cmn&amp;code2=auto&amp;search_term=andreja%20urbanek\" target=\"_blank\">Andreja Urbanek Kranjc<\/a><br \/>\nandreja.urbanek@um.si<br \/>\nResearch field: Biology, plant physiology<\/p>\n<p>&nbsp;<\/p>\n<p>Researchers:<\/p>\n<p>dr. <a href=\"http:\/\/www.sicris.si\/public\/jqm\/rsr.aspx?lang=eng&amp;opdescr=search&amp;opt=2&amp;subopt=300&amp;code1=cmn&amp;code2=auto&amp;psize=10&amp;hits=1&amp;page=1&amp;count=&amp;search_term=vesna%20bukovac&amp;id=8632&amp;slng=&amp;order_by=\" target=\"_blank\">Vesna Bukovac<\/a><br \/>\nvesna.bukovac@um.si<br \/>\nResearch field: Chemistry, Analitical chemistry<\/p>\n<p>&nbsp;<\/p>\n<p><a href=\"http:\/\/www.sicris.si\/public\/jqm\/rsr.aspx?lang=eng&amp;opdescr=search&amp;opt=2&amp;subopt=300&amp;code1=cmn&amp;code2=auto&amp;psize=10&amp;hits=2&amp;page=1&amp;count=2&amp;search_term=Mateja%20Felicijan&amp;id=43650&amp;slng=slv&amp;order_by=\" target=\"_blank\">Mateja Felicijan<\/a>, mag. kmet.<br \/>\nmateja.felicijan@um.si<br \/>\nResearch field: Biology, botany<\/p>\n<p>&nbsp;<\/p>\n<p>dr. <a href=\"http:\/\/www.sicris.si\/public\/jqm\/rsr.aspx?lang=eng&amp;opdescr=search&amp;opt=2&amp;subopt=300&amp;code1=cmn&amp;code2=auto&amp;psize=10&amp;hits=1&amp;page=1&amp;count=&amp;search_term=Mario%20Le%C5%A1nik&amp;id=8084&amp;slng=&amp;order_by=\" target=\"_blank\">Mario Le\u0161nik<\/a><br \/>\nmario.lesnik@um.si<br \/>\nResearch field: Plant production and processing, phytomedicine<\/p>\n<p>&nbsp;<\/p>\n<p>dr. <a href=\"http:\/\/www.sicris.si\/public\/jqm\/rsr.aspx?lang=eng&amp;opdescr=search&amp;opt=2&amp;subopt=300&amp;code1=cmn&amp;code2=auto&amp;psize=10&amp;hits=1&amp;page=1&amp;count=&amp;search_term=Andrej%20Pau%C5%A1i%C4%8D&amp;id=33491&amp;slng=&amp;order_by=\" target=\"_blank\">Andrej Pau\u0161i\u010d<\/a><br \/>\nandrej.pausic@um.si<br \/>\nResearch field: Biology, botany<\/p>\n<p>&nbsp;<\/p>\n<p>dr. <a href=\"http:\/\/www.sicris.si\/public\/jqm\/rsr.aspx?lang=eng&amp;opdescr=search&amp;opt=2&amp;subopt=300&amp;code1=cmn&amp;code2=auto&amp;psize=10&amp;hits=1&amp;page=1&amp;count=&amp;search_term=jurij%20rakun&amp;id=32181&amp;slng=&amp;order_by=\" target=\"_blank\">Jurij Rakun<\/a><br \/>\njurij.rakun@um.si<br \/>\nResearch field: Plant production and processing<\/p>\n<p>&nbsp;<\/p>\n<p>dr. <a href=\"http:\/\/www.sicris.si\/public\/jqm\/rsr.aspx?lang=eng&amp;opdescr=search&amp;opt=2&amp;subopt=300&amp;code1=cmn&amp;code2=auto&amp;psize=10&amp;hits=1&amp;page=1&amp;count=&amp;search_term=Stanislav%20Tojnko&amp;id=8094&amp;slng=&amp;order_by=\" target=\"_blank\">Stanislav Tojnko<\/a><br \/>\nstanislav.tojnko@um.si<br \/>\nResearch field: Plant production and processing, agricultural plants<\/p>\n<p>&nbsp;<\/p>\n<p>Technical associates:<\/p>\n<p>Anja Ivanu\u0161, dipl. in\u017e. kmet. un<br \/>\nanja.ivanus@um.si<br \/>\nResearch field: Biology, botany<\/p>\n<p>&nbsp;<\/p>\n<p><a href=\"http:\/\/www.sicris.si\/public\/jqm\/rsr.aspx?lang=eng&amp;opdescr=search&amp;opt=2&amp;subopt=300&amp;code1=cmn&amp;code2=auto&amp;psize=10&amp;hits=5&amp;page=1&amp;count=3&amp;search_term=johann&amp;id=44913&amp;slng=slv&amp;order_by=\" target=\"_blank\">Johannes Rabensteiner<\/a>, mag. rer. nat.<br \/>\njj.rabenstein@gmail.com<br \/>\nResearch field: Biology, botany<\/p>\n<p>&nbsp;<\/p>\n<p><a href=\"http:\/\/www.sicris.si\/public\/jqm\/rsr.aspx?lang=eng&amp;opdescr=search&amp;opt=2&amp;subopt=300&amp;code1=cmn&amp;code2=auto&amp;psize=10&amp;hits=1&amp;page=1&amp;count=&amp;search_term=Polona%20Su%C5%A1nik&amp;id=45451&amp;slng=&amp;order_by=\" target=\"_blank\">Polona Su\u0161nik<\/a>, mag. ekol. biod.<br \/>\nResearch field: Biology, botany<br \/>\npolona.susnik@um.si<\/p>\n<p>&nbsp;<\/p>\n<p><a href=\"http:\/\/www.sicris.si\/public\/jqm\/rsr.aspx?lang=eng&amp;opdescr=search&amp;opt=2&amp;subopt=300&amp;code1=cmn&amp;code2=auto&amp;psize=10&amp;hits=2&amp;page=1&amp;count=2&amp;search_term=Bojana%20%C5%BDiberna&amp;id=20968&amp;slng=slv&amp;order_by=\" target=\"_blank\">Bojana \u017diberna<\/a>, univ. dipl. ing. kem. tehn.<br \/>\nbojana.ziberna21@gmail.com<br \/>\nResearch field: Chemical engeneering, processing systemic engeneering<\/p>\n<p>&nbsp;<\/p>\n<p>Students:<\/p>\n<p>Tina Ugulin, mag. kmet. (PhD student, Uni Graz, AT)<br \/>\nArnej\u010di\u010d Ana (Agrikultura in okolje UN; FKBV)<br \/>\n\u010cre\u0161nar Veronika (Ekolo\u0161ko kmetijstvo; FKBV)<br \/>\nFras Martin (Uporabno ra\u010dunalni\u0161tvo; FNM)<br \/>\nGomil\u0161ek Ga\u0161per (Agrikultura in okolje; FKBV)<br \/>\nHleb\u0161 Lana (Biosistemsko in\u017eenirstvo; FKBV)<br \/>\nKekec Tamara (Kmetijstvo II; FKBV)<br \/>\n\u0160erbinek \u017diga (Vinogradni\u0161tvo, vinarstvo in sadjarstvo; FKBV)<\/p>\n","protected":false},"excerpt":{"rendered":"<p>Hungary University of Veterinary Medicine Budapest, Department of Microbiology and Infectious Diseases dr. Rebeka Ber\u010di\u010d bercic.rebeka.lucijana@aotk.szie.hu Research field: Biotechnical sciences, animal production and processing dr. Tam\u00e1s Bakonyi tamas.bakonyi@vetmeduni.ac.at Research field: Biotechnical sciences, animal production and processing Slovenia University of Maribor, Faculty of Agriculture and Life Sciences dr. Andreja Urbanek Kranjc andreja.urbanek@um.si Research field: Biology, plantContinue reading &rarr;<\/p>\n","protected":false},"author":3,"featured_media":0,"parent":0,"menu_order":0,"comment_status":"closed","ping_status":"closed","template":"","meta":{"ngg_post_thumbnail":0,"footnotes":""},"class_list":["post-95","page","type-page","status-publish","hentry","no-thumb"],"yoast_head":"<!-- This site is optimized with the Yoast SEO plugin v27.4 - https:\/\/yoast.com\/product\/yoast-seo-wordpress\/ -->\n<title>Partners - murve.um.si<\/title>\n<meta name=\"robots\" content=\"index, follow, max-snippet:-1, max-image-preview:large, max-video-preview:-1\" \/>\n<link rel=\"canonical\" href=\"https:\/\/www.murve.um.si\/?page_id=95&lang=en\" \/>\n<meta property=\"og:locale\" content=\"sl_SI\" \/>\n<meta property=\"og:type\" content=\"article\" \/>\n<meta property=\"og:title\" content=\"Partners - murve.um.si\" \/>\n<meta property=\"og:description\" content=\"Hungary University of Veterinary Medicine Budapest, Department of Microbiology and Infectious Diseases dr. Rebeka Ber\u010di\u010d bercic.rebeka.lucijana@aotk.szie.hu Research field: Biotechnical sciences, animal production and processing dr. Tam\u00e1s Bakonyi tamas.bakonyi@vetmeduni.ac.at Research field: Biotechnical sciences, animal production and processing Slovenia University of Maribor, Faculty of Agriculture and Life Sciences dr. Andreja Urbanek Kranjc andreja.urbanek@um.si Research field: Biology, plantContinue reading &rarr;\" \/>\n<meta property=\"og:url\" content=\"https:\/\/www.murve.um.si\/?page_id=95&amp;lang=en\" \/>\n<meta property=\"og:site_name\" content=\"murve.um.si\" \/>\n<meta property=\"article:modified_time\" content=\"2017-03-01T15:41:51+00:00\" \/>\n<meta property=\"og:image\" content=\"http:\/\/murve.um.si\/wp-content\/uploads\/2017\/02\/univet_logo-300x294.jpg\" \/>\n<meta name=\"twitter:card\" content=\"summary_large_image\" \/>\n<meta name=\"twitter:label1\" content=\"Est. reading time\" \/>\n\t<meta name=\"twitter:data1\" content=\"1 minuta\" \/>\n<script type=\"application\/ld+json\" class=\"yoast-schema-graph\">{\"@context\":\"https:\\\/\\\/schema.org\",\"@graph\":[{\"@type\":\"WebPage\",\"@id\":\"https:\\\/\\\/www.murve.um.si\\\/?page_id=95&lang=en\",\"url\":\"https:\\\/\\\/www.murve.um.si\\\/?page_id=95&lang=en\",\"name\":\"Partners - murve.um.si\",\"isPartOf\":{\"@id\":\"https:\\\/\\\/www.murve.um.si\\\/#website\"},\"primaryImageOfPage\":{\"@id\":\"https:\\\/\\\/www.murve.um.si\\\/?page_id=95&lang=en#primaryimage\"},\"image\":{\"@id\":\"https:\\\/\\\/www.murve.um.si\\\/?page_id=95&lang=en#primaryimage\"},\"thumbnailUrl\":\"http:\\\/\\\/murve.um.si\\\/wp-content\\\/uploads\\\/2017\\\/02\\\/univet_logo-300x294.jpg\",\"datePublished\":\"2017-02-28T21:51:20+00:00\",\"dateModified\":\"2017-03-01T15:41:51+00:00\",\"breadcrumb\":{\"@id\":\"https:\\\/\\\/www.murve.um.si\\\/?page_id=95&lang=en#breadcrumb\"},\"inLanguage\":\"sl-SI\",\"potentialAction\":[{\"@type\":\"ReadAction\",\"target\":[\"https:\\\/\\\/www.murve.um.si\\\/?page_id=95&lang=en\"]}]},{\"@type\":\"ImageObject\",\"inLanguage\":\"sl-SI\",\"@id\":\"https:\\\/\\\/www.murve.um.si\\\/?page_id=95&lang=en#primaryimage\",\"url\":\"http:\\\/\\\/murve.um.si\\\/wp-content\\\/uploads\\\/2017\\\/02\\\/univet_logo-300x294.jpg\",\"contentUrl\":\"http:\\\/\\\/murve.um.si\\\/wp-content\\\/uploads\\\/2017\\\/02\\\/univet_logo-300x294.jpg\"},{\"@type\":\"BreadcrumbList\",\"@id\":\"https:\\\/\\\/www.murve.um.si\\\/?page_id=95&lang=en#breadcrumb\",\"itemListElement\":[{\"@type\":\"ListItem\",\"position\":1,\"name\":\"Home\",\"item\":\"http:\\\/\\\/www.murve.um.si\\\/?page_id=27&lang=en\"},{\"@type\":\"ListItem\",\"position\":2,\"name\":\"Partners\"}]},{\"@type\":\"WebSite\",\"@id\":\"https:\\\/\\\/www.murve.um.si\\\/#website\",\"url\":\"https:\\\/\\\/www.murve.um.si\\\/\",\"name\":\"murve.um.si\",\"description\":\"Projekt murve\",\"publisher\":{\"@id\":\"https:\\\/\\\/www.murve.um.si\\\/#organization\"},\"potentialAction\":[{\"@type\":\"SearchAction\",\"target\":{\"@type\":\"EntryPoint\",\"urlTemplate\":\"https:\\\/\\\/www.murve.um.si\\\/?s={search_term_string}\"},\"query-input\":{\"@type\":\"PropertyValueSpecification\",\"valueRequired\":true,\"valueName\":\"search_term_string\"}}],\"inLanguage\":\"sl-SI\"},{\"@type\":\"Organization\",\"@id\":\"https:\\\/\\\/www.murve.um.si\\\/#organization\",\"name\":\"murve.um.si\",\"url\":\"https:\\\/\\\/www.murve.um.si\\\/\",\"logo\":{\"@type\":\"ImageObject\",\"inLanguage\":\"sl-SI\",\"@id\":\"https:\\\/\\\/www.murve.um.si\\\/#\\\/schema\\\/logo\\\/image\\\/\",\"url\":\"https:\\\/\\\/www.murve.um.si\\\/wp-content\\\/uploads\\\/2017\\\/08\\\/logo-pop2.jpg\",\"contentUrl\":\"https:\\\/\\\/www.murve.um.si\\\/wp-content\\\/uploads\\\/2017\\\/08\\\/logo-pop2.jpg\",\"width\":3281,\"height\":3593,\"caption\":\"murve.um.si\"},\"image\":{\"@id\":\"https:\\\/\\\/www.murve.um.si\\\/#\\\/schema\\\/logo\\\/image\\\/\"}}]}<\/script>\n<!-- \/ Yoast SEO plugin. -->","yoast_head_json":{"title":"Partners - murve.um.si","robots":{"index":"index","follow":"follow","max-snippet":"max-snippet:-1","max-image-preview":"max-image-preview:large","max-video-preview":"max-video-preview:-1"},"canonical":"https:\/\/www.murve.um.si\/?page_id=95&lang=en","og_locale":"sl_SI","og_type":"article","og_title":"Partners - murve.um.si","og_description":"Hungary University of Veterinary Medicine Budapest, Department of Microbiology and Infectious Diseases dr. Rebeka Ber\u010di\u010d bercic.rebeka.lucijana@aotk.szie.hu Research field: Biotechnical sciences, animal production and processing dr. Tam\u00e1s Bakonyi tamas.bakonyi@vetmeduni.ac.at Research field: Biotechnical sciences, animal production and processing Slovenia University of Maribor, Faculty of Agriculture and Life Sciences dr. Andreja Urbanek Kranjc andreja.urbanek@um.si Research field: Biology, plantContinue reading &rarr;","og_url":"https:\/\/www.murve.um.si\/?page_id=95&lang=en","og_site_name":"murve.um.si","article_modified_time":"2017-03-01T15:41:51+00:00","og_image":[{"url":"http:\/\/murve.um.si\/wp-content\/uploads\/2017\/02\/univet_logo-300x294.jpg","type":"","width":"","height":""}],"twitter_card":"summary_large_image","twitter_misc":{"Est. reading time":"1 minuta"},"schema":{"@context":"https:\/\/schema.org","@graph":[{"@type":"WebPage","@id":"https:\/\/www.murve.um.si\/?page_id=95&lang=en","url":"https:\/\/www.murve.um.si\/?page_id=95&lang=en","name":"Partners - murve.um.si","isPartOf":{"@id":"https:\/\/www.murve.um.si\/#website"},"primaryImageOfPage":{"@id":"https:\/\/www.murve.um.si\/?page_id=95&lang=en#primaryimage"},"image":{"@id":"https:\/\/www.murve.um.si\/?page_id=95&lang=en#primaryimage"},"thumbnailUrl":"http:\/\/murve.um.si\/wp-content\/uploads\/2017\/02\/univet_logo-300x294.jpg","datePublished":"2017-02-28T21:51:20+00:00","dateModified":"2017-03-01T15:41:51+00:00","breadcrumb":{"@id":"https:\/\/www.murve.um.si\/?page_id=95&lang=en#breadcrumb"},"inLanguage":"sl-SI","potentialAction":[{"@type":"ReadAction","target":["https:\/\/www.murve.um.si\/?page_id=95&lang=en"]}]},{"@type":"ImageObject","inLanguage":"sl-SI","@id":"https:\/\/www.murve.um.si\/?page_id=95&lang=en#primaryimage","url":"http:\/\/murve.um.si\/wp-content\/uploads\/2017\/02\/univet_logo-300x294.jpg","contentUrl":"http:\/\/murve.um.si\/wp-content\/uploads\/2017\/02\/univet_logo-300x294.jpg"},{"@type":"BreadcrumbList","@id":"https:\/\/www.murve.um.si\/?page_id=95&lang=en#breadcrumb","itemListElement":[{"@type":"ListItem","position":1,"name":"Home","item":"http:\/\/www.murve.um.si\/?page_id=27&lang=en"},{"@type":"ListItem","position":2,"name":"Partners"}]},{"@type":"WebSite","@id":"https:\/\/www.murve.um.si\/#website","url":"https:\/\/www.murve.um.si\/","name":"murve.um.si","description":"Projekt murve","publisher":{"@id":"https:\/\/www.murve.um.si\/#organization"},"potentialAction":[{"@type":"SearchAction","target":{"@type":"EntryPoint","urlTemplate":"https:\/\/www.murve.um.si\/?s={search_term_string}"},"query-input":{"@type":"PropertyValueSpecification","valueRequired":true,"valueName":"search_term_string"}}],"inLanguage":"sl-SI"},{"@type":"Organization","@id":"https:\/\/www.murve.um.si\/#organization","name":"murve.um.si","url":"https:\/\/www.murve.um.si\/","logo":{"@type":"ImageObject","inLanguage":"sl-SI","@id":"https:\/\/www.murve.um.si\/#\/schema\/logo\/image\/","url":"https:\/\/www.murve.um.si\/wp-content\/uploads\/2017\/08\/logo-pop2.jpg","contentUrl":"https:\/\/www.murve.um.si\/wp-content\/uploads\/2017\/08\/logo-pop2.jpg","width":3281,"height":3593,"caption":"murve.um.si"},"image":{"@id":"https:\/\/www.murve.um.si\/#\/schema\/logo\/image\/"}}]}},"_links":{"self":[{"href":"https:\/\/www.murve.um.si\/index.php?rest_route=\/wp\/v2\/pages\/95","targetHints":{"allow":["GET"]}}],"collection":[{"href":"https:\/\/www.murve.um.si\/index.php?rest_route=\/wp\/v2\/pages"}],"about":[{"href":"https:\/\/www.murve.um.si\/index.php?rest_route=\/wp\/v2\/types\/page"}],"author":[{"embeddable":true,"href":"https:\/\/www.murve.um.si\/index.php?rest_route=\/wp\/v2\/users\/3"}],"replies":[{"embeddable":true,"href":"https:\/\/www.murve.um.si\/index.php?rest_route=%2Fwp%2Fv2%2Fcomments&post=95"}],"version-history":[{"count":4,"href":"https:\/\/www.murve.um.si\/index.php?rest_route=\/wp\/v2\/pages\/95\/revisions"}],"predecessor-version":[{"id":190,"href":"https:\/\/www.murve.um.si\/index.php?rest_route=\/wp\/v2\/pages\/95\/revisions\/190"}],"wp:attachment":[{"href":"https:\/\/www.murve.um.si\/index.php?rest_route=%2Fwp%2Fv2%2Fmedia&parent=95"}],"curies":[{"name":"wp","href":"https:\/\/api.w.org\/{rel}","templated":true}]}}