{"id":63,"date":"2017-02-28T22:33:34","date_gmt":"2017-02-28T21:33:34","guid":{"rendered":"http:\/\/murve.um.si\/?page_id=63"},"modified":"2023-09-13T09:18:19","modified_gmt":"2023-09-13T07:18:19","slug":"uporaba","status":"publish","type":"page","link":"https:\/\/www.murve.um.si\/?page_id=63&lang=sl","title":{"rendered":"Uporaba"},"content":{"rendered":"\n<p>Vsi deli murv so \u017ee ve\u010d tiso\u010dletij prepoznavni po izjemnih farmakolo\u0161kih lastnosti (kitajska medicina, Plinij, Hildegarda iz Bingna) in so v zadnjem desetletju predmet \u0161tevilnih raziskav. Dokazan je bil antioksidativni, nevroprotektivni, imunostimulativni, antiglikemi\u010dni in antikancerogeni u\u010dinek vseh delov murv. Murvini listi in sade\u017ei so danes prepoznani kot super\u017eivilo. Ugodna sestava listov murv \u017ee izkazuje potencial kot krmni dodatek v prehrani \u017eivali, predvsem v pra\u0161i\u010dereji, reji drobnice in perutninarstvu (Latinska Amerika, Tajska, Indija, \u0160panija). Murve izkazujejo tudi potencial v na\u010drtnem zasajanju izbranih genotipov dreves za pa\u0161o \u017eivali. Listi se uporabljajo tudi za pripravo \u010daja, \u017eganja. Plodovi murv imajo visok dele\u017e enostavnih sladkorjev, ki zagotavljajo hiter vir energije, ter relativno visoko raven beljakovin ter prav toliko vlaknin, ki so pomembne za uravnavanje prebave. Sodobne sorte dajejo potencial kori\u0161\u010denja plodov za predelavo (marmelada, liker, \u017eganje, kis, su\u0161enje), temni genotipi kot barvilo v \u017eivilski in tekstilni industriji, beli genotipi kot sladilo.\u00a0  <\/p>\n\n\n\n<p>Les je zelo trden in trajen. Uporaben je v gradbeni\u0161tvu, sodarstvu, mizarstvu, \u010dolnarstvu, strugarstvu, zaradi akusti\u010dnih lastnosti je cenjen za izdelovanje glasbil. Li\u010dje se je tradicionalno rabilo za izdelavo papirja (srednjeameri\u0161ki staroselci 300 pr. n. \u0161t.; Kitajci) in tekstila. Prepoznane dobre fizikalne lastnosti celuloznih vlaken odpirajo mo\u017enost ponovne uporabo za tekstilna vlakna in za napredne tehni\u010dne aplikacije. Prvi poskusi uporabe likovih vlaken v Italiji segajo v 19. stoletje. Danes manj\u0161a dru\u017einska tovarna v Porcia di Pordenone iz likovih vlaken izdeluje blago, \u00bbgelsofil\u00ab (Sfiligoj-Smole et al. 2019).&nbsp;<\/p>\n\n\n\n<p>Projekt Po kreativni poti do znanja 2016\/2017 (Sklad kadri, MIZ\u0160, Evropski socialni sklad) je z realizacijo vseh delovnih sklopov odprl trajne mo\u017enosti uporabe murv in re-integracije svilogojstva. Pri tem smo vzpostavili sodelovanje s strokovnjaki iz tujine (Italije, Mad\u017earske, Avstrije in Hrva\u0161ke) ter lastniki murv po Sloveniji in Mad\u017earskem. Histori\u010dne murve smo testirali na pridelavo svile z evropskimi genetskimi linijami sviloprejk, ki so se pri nas uporabljale v preteklosti. Zainteresiranim lastnikom histori\u010dnih murv iz Slovenije in Mad\u017earske smo poskusno razdelili manj\u0161e \u0161tevilo sviloprejk, z namenom pilotne revitalizacije svilogojstva.<\/p>\n\n\n\n<p>Z analizo pridelanih kokonov in svilene niti smo potrdili, da smo z obstoje\u010dimi genskimi viri murv zmo\u017eni pridelali svilo najvi\u0161je kvalitete in kakovosti. Glede na lokalni interes in povpra\u0161evanje po evropski svili smo v prej\u0161njem letu ustanovili zasebni zavod za raziskave (neprofitna ustanova, In\u0161titut za svilogojstvo in svilarstvo, dr. Rebeka Lucijana Ber\u010di\u010d) z namenom po izteku projekta svilogojstvo najbolje diseminarati v okviru strokovnih \u010dlankov, intervjujev, radijskih in televizijskih prispevkov, predavanj in simpozijev, zagotoviti zdrav genski vir sviloprejk in murv, ter vzpostaviti povezavo med pridelovalci in predelovalci.<\/p>\n\n\n\n<p>\u0160irok potencial uporabe murv izkazuje potrebo po nadaljnjih agronomskih raziskavah in razvijanju pogojev za ponovno vzpostavitev morikulture in z njim povezanim svilogojstvom in svilarstvom v Sloveniji ter razvoja blagovne znamke z za\u0161\u010ditenim geografskim poreklom.<\/p>\n\n\n<div class=\"wp-block-image wp-image-1021\">\n<figure class=\"aligncenter\"><img loading=\"lazy\" decoding=\"async\" width=\"1000\" height=\"667\" src=\"http:\/\/murve.um.si\/wp-content\/uploads\/2017\/02\/IMG_8356.jpg\" alt=\"\" class=\"wp-image-1021\" srcset=\"https:\/\/www.murve.um.si\/wp-content\/uploads\/2017\/02\/IMG_8356.jpg 1000w, https:\/\/www.murve.um.si\/wp-content\/uploads\/2017\/02\/IMG_8356-300x200.jpg 300w, https:\/\/www.murve.um.si\/wp-content\/uploads\/2017\/02\/IMG_8356-768x512.jpg 768w, https:\/\/www.murve.um.si\/wp-content\/uploads\/2017\/02\/IMG_8356-272x182.jpg 272w\" sizes=\"auto, (max-width: 1000px) 100vw, 1000px\" \/><figcaption class=\"wp-element-caption\">Sviloprejke se hranijo na listih bele murve. Foto: Polona Su\u0161nik<\/figcaption><\/figure><\/div>\n\n\n<figure class=\"wp-block-gallery has-nested-images columns-4 is-cropped wp-block-gallery-1 is-layout-flex wp-block-gallery-is-layout-flex\">\n<figure class=\"wp-block-image size-large\"><a href=\"http:\/\/www.murve.um.si\/wp-content\/uploads\/2017\/02\/IMG_3280.jpg\"><img loading=\"lazy\" decoding=\"async\" width=\"747\" height=\"1000\" data-id=\"486\" src=\"http:\/\/www.murve.um.si\/wp-content\/uploads\/2017\/02\/IMG_3280.jpg\" alt=\"\" class=\"wp-image-486\" srcset=\"https:\/\/www.murve.um.si\/wp-content\/uploads\/2017\/02\/IMG_3280.jpg 747w, https:\/\/www.murve.um.si\/wp-content\/uploads\/2017\/02\/IMG_3280-224x300.jpg 224w\" sizes=\"auto, (max-width: 747px) 100vw, 747px\" \/><\/a><figcaption class=\"wp-element-caption\">Murvin sirup tur\u0161kega izvora. Foto: Johannes Rabensteiner<\/figcaption><\/figure>\n\n\n\n<figure class=\"wp-block-image size-large\"><a href=\"http:\/\/www.murve.um.si\/wp-content\/uploads\/2017\/02\/IMG_2997.jpg\"><img loading=\"lazy\" decoding=\"async\" width=\"747\" height=\"1000\" data-id=\"487\" src=\"http:\/\/www.murve.um.si\/wp-content\/uploads\/2017\/02\/IMG_2997.jpg\" alt=\"\" class=\"wp-image-487\" srcset=\"https:\/\/www.murve.um.si\/wp-content\/uploads\/2017\/02\/IMG_2997.jpg 747w, https:\/\/www.murve.um.si\/wp-content\/uploads\/2017\/02\/IMG_2997-224x300.jpg 224w\" sizes=\"auto, (max-width: 747px) 100vw, 747px\" \/><\/a><figcaption class=\"wp-element-caption\">Sok iz murv. Foto: Johannes Rabensteiner<\/figcaption><\/figure>\n\n\n\n<figure class=\"wp-block-image size-large\"><a href=\"http:\/\/www.murve.um.si\/wp-content\/uploads\/2017\/02\/22291813_10214061041300524_338077812_n.jpg\"><img loading=\"lazy\" decoding=\"async\" width=\"720\" height=\"960\" data-id=\"795\" src=\"http:\/\/www.murve.um.si\/wp-content\/uploads\/2017\/02\/22291813_10214061041300524_338077812_n.jpg\" alt=\"\" class=\"wp-image-795\" srcset=\"https:\/\/www.murve.um.si\/wp-content\/uploads\/2017\/02\/22291813_10214061041300524_338077812_n.jpg 720w, https:\/\/www.murve.um.si\/wp-content\/uploads\/2017\/02\/22291813_10214061041300524_338077812_n-225x300.jpg 225w\" sizes=\"auto, (max-width: 720px) 100vw, 720px\" \/><\/a><figcaption class=\"wp-element-caption\">Su\u0161eni plodovi bele murve na oddelku super hrane. Foto: Polona Su\u0161nik<\/figcaption><\/figure>\n\n\n\n<figure class=\"wp-block-image size-large\"><a href=\"http:\/\/www.murve.um.si\/wp-content\/uploads\/2017\/02\/22278656_10214061040700509_1894815030_n.jpg\"><img loading=\"lazy\" decoding=\"async\" width=\"720\" height=\"960\" data-id=\"797\" src=\"http:\/\/www.murve.um.si\/wp-content\/uploads\/2017\/02\/22278656_10214061040700509_1894815030_n.jpg\" alt=\"\" class=\"wp-image-797\" srcset=\"https:\/\/www.murve.um.si\/wp-content\/uploads\/2017\/02\/22278656_10214061040700509_1894815030_n.jpg 720w, https:\/\/www.murve.um.si\/wp-content\/uploads\/2017\/02\/22278656_10214061040700509_1894815030_n-225x300.jpg 225w\" sizes=\"auto, (max-width: 720px) 100vw, 720px\" \/><\/a><figcaption class=\"wp-element-caption\">\u010caj iz murvinih listov. Foto: Polona Su\u0161nik<\/figcaption><\/figure>\n\n\n\n<figure class=\"wp-block-image size-large\"><a href=\"http:\/\/www.murve.um.si\/wp-content\/uploads\/2017\/02\/22331005_10214061040580506_111468577_n.jpg\"><img loading=\"lazy\" decoding=\"async\" width=\"960\" height=\"720\" data-id=\"796\" src=\"http:\/\/www.murve.um.si\/wp-content\/uploads\/2017\/02\/22331005_10214061040580506_111468577_n.jpg\" alt=\"\" class=\"wp-image-796\" srcset=\"https:\/\/www.murve.um.si\/wp-content\/uploads\/2017\/02\/22331005_10214061040580506_111468577_n.jpg 960w, https:\/\/www.murve.um.si\/wp-content\/uploads\/2017\/02\/22331005_10214061040580506_111468577_n-300x225.jpg 300w, https:\/\/www.murve.um.si\/wp-content\/uploads\/2017\/02\/22331005_10214061040580506_111468577_n-768x576.jpg 768w\" sizes=\"auto, (max-width: 960px) 100vw, 960px\" \/><\/a><figcaption class=\"wp-element-caption\">Marmelada s plodovi murve. Foto: Polona Su\u0161nik<\/figcaption><\/figure>\n<\/figure>\n","protected":false},"excerpt":{"rendered":"<p>Vsi deli murv so \u017ee ve\u010d tiso\u010dletij prepoznavni po izjemnih farmakolo\u0161kih lastnosti (kitajska medicina, Plinij, Hildegarda iz Bingna) in so v zadnjem desetletju predmet \u0161tevilnih raziskav. Dokazan je bil antioksidativni, nevroprotektivni, imunostimulativni, antiglikemi\u010dni in antikancerogeni u\u010dinek vseh delov murv. Murvini listi in sade\u017ei so danes prepoznani kot super\u017eivilo. Ugodna sestava listov murv \u017ee izkazuje potencialContinue reading &rarr;<\/p>\n","protected":false},"author":3,"featured_media":0,"parent":0,"menu_order":0,"comment_status":"closed","ping_status":"closed","template":"","meta":{"ngg_post_thumbnail":0,"footnotes":""},"class_list":["post-63","page","type-page","status-publish","hentry","no-thumb"],"yoast_head":"<!-- This site is optimized with the Yoast SEO plugin v27.4 - https:\/\/yoast.com\/product\/yoast-seo-wordpress\/ -->\n<title>Uporaba - murve.um.si<\/title>\n<meta name=\"robots\" content=\"index, follow, max-snippet:-1, max-image-preview:large, max-video-preview:-1\" \/>\n<link rel=\"canonical\" href=\"https:\/\/www.murve.um.si\/?page_id=63&lang=sl\" \/>\n<meta property=\"og:locale\" content=\"sl_SI\" \/>\n<meta property=\"og:type\" content=\"article\" \/>\n<meta property=\"og:title\" content=\"Uporaba - murve.um.si\" \/>\n<meta property=\"og:description\" content=\"Vsi deli murv so \u017ee ve\u010d tiso\u010dletij prepoznavni po izjemnih farmakolo\u0161kih lastnosti (kitajska medicina, Plinij, Hildegarda iz Bingna) in so v zadnjem desetletju predmet \u0161tevilnih raziskav. Dokazan je bil antioksidativni, nevroprotektivni, imunostimulativni, antiglikemi\u010dni in antikancerogeni u\u010dinek vseh delov murv. Murvini listi in sade\u017ei so danes prepoznani kot super\u017eivilo. Ugodna sestava listov murv \u017ee izkazuje potencialContinue reading &rarr;\" \/>\n<meta property=\"og:url\" content=\"https:\/\/www.murve.um.si\/?page_id=63&amp;lang=sl\" \/>\n<meta property=\"og:site_name\" content=\"murve.um.si\" \/>\n<meta property=\"article:modified_time\" content=\"2023-09-13T07:18:19+00:00\" \/>\n<meta property=\"og:image\" content=\"http:\/\/murve.um.si\/wp-content\/uploads\/2017\/02\/IMG_8356.jpg\" \/>\n<meta name=\"twitter:card\" content=\"summary_large_image\" \/>\n<meta name=\"twitter:label1\" content=\"Est. reading time\" \/>\n\t<meta name=\"twitter:data1\" content=\"4 minute\" \/>\n<script type=\"application\/ld+json\" class=\"yoast-schema-graph\">{\"@context\":\"https:\\\/\\\/schema.org\",\"@graph\":[{\"@type\":\"WebPage\",\"@id\":\"https:\\\/\\\/www.murve.um.si\\\/?page_id=63&lang=sl\",\"url\":\"https:\\\/\\\/www.murve.um.si\\\/?page_id=63&lang=sl\",\"name\":\"Uporaba - murve.um.si\",\"isPartOf\":{\"@id\":\"https:\\\/\\\/www.murve.um.si\\\/#website\"},\"primaryImageOfPage\":{\"@id\":\"https:\\\/\\\/www.murve.um.si\\\/?page_id=63&lang=sl#primaryimage\"},\"image\":{\"@id\":\"https:\\\/\\\/www.murve.um.si\\\/?page_id=63&lang=sl#primaryimage\"},\"thumbnailUrl\":\"http:\\\/\\\/murve.um.si\\\/wp-content\\\/uploads\\\/2017\\\/02\\\/IMG_8356.jpg\",\"datePublished\":\"2017-02-28T21:33:34+00:00\",\"dateModified\":\"2023-09-13T07:18:19+00:00\",\"breadcrumb\":{\"@id\":\"https:\\\/\\\/www.murve.um.si\\\/?page_id=63&lang=sl#breadcrumb\"},\"inLanguage\":\"sl-SI\",\"potentialAction\":[{\"@type\":\"ReadAction\",\"target\":[\"https:\\\/\\\/www.murve.um.si\\\/?page_id=63&lang=sl\"]}]},{\"@type\":\"ImageObject\",\"inLanguage\":\"sl-SI\",\"@id\":\"https:\\\/\\\/www.murve.um.si\\\/?page_id=63&lang=sl#primaryimage\",\"url\":\"http:\\\/\\\/murve.um.si\\\/wp-content\\\/uploads\\\/2017\\\/02\\\/IMG_8356.jpg\",\"contentUrl\":\"http:\\\/\\\/murve.um.si\\\/wp-content\\\/uploads\\\/2017\\\/02\\\/IMG_8356.jpg\"},{\"@type\":\"BreadcrumbList\",\"@id\":\"https:\\\/\\\/www.murve.um.si\\\/?page_id=63&lang=sl#breadcrumb\",\"itemListElement\":[{\"@type\":\"ListItem\",\"position\":1,\"name\":\"Home\",\"item\":\"http:\\\/\\\/www.murve.um.si\\\/?page_id=27&lang=en\"},{\"@type\":\"ListItem\",\"position\":2,\"name\":\"Uporaba\"}]},{\"@type\":\"WebSite\",\"@id\":\"https:\\\/\\\/www.murve.um.si\\\/#website\",\"url\":\"https:\\\/\\\/www.murve.um.si\\\/\",\"name\":\"murve.um.si\",\"description\":\"Projekt murve\",\"publisher\":{\"@id\":\"https:\\\/\\\/www.murve.um.si\\\/#organization\"},\"potentialAction\":[{\"@type\":\"SearchAction\",\"target\":{\"@type\":\"EntryPoint\",\"urlTemplate\":\"https:\\\/\\\/www.murve.um.si\\\/?s={search_term_string}\"},\"query-input\":{\"@type\":\"PropertyValueSpecification\",\"valueRequired\":true,\"valueName\":\"search_term_string\"}}],\"inLanguage\":\"sl-SI\"},{\"@type\":\"Organization\",\"@id\":\"https:\\\/\\\/www.murve.um.si\\\/#organization\",\"name\":\"murve.um.si\",\"url\":\"https:\\\/\\\/www.murve.um.si\\\/\",\"logo\":{\"@type\":\"ImageObject\",\"inLanguage\":\"sl-SI\",\"@id\":\"https:\\\/\\\/www.murve.um.si\\\/#\\\/schema\\\/logo\\\/image\\\/\",\"url\":\"https:\\\/\\\/www.murve.um.si\\\/wp-content\\\/uploads\\\/2017\\\/08\\\/logo-pop2.jpg\",\"contentUrl\":\"https:\\\/\\\/www.murve.um.si\\\/wp-content\\\/uploads\\\/2017\\\/08\\\/logo-pop2.jpg\",\"width\":3281,\"height\":3593,\"caption\":\"murve.um.si\"},\"image\":{\"@id\":\"https:\\\/\\\/www.murve.um.si\\\/#\\\/schema\\\/logo\\\/image\\\/\"}}]}<\/script>\n<!-- \/ Yoast SEO plugin. -->","yoast_head_json":{"title":"Uporaba - murve.um.si","robots":{"index":"index","follow":"follow","max-snippet":"max-snippet:-1","max-image-preview":"max-image-preview:large","max-video-preview":"max-video-preview:-1"},"canonical":"https:\/\/www.murve.um.si\/?page_id=63&lang=sl","og_locale":"sl_SI","og_type":"article","og_title":"Uporaba - murve.um.si","og_description":"Vsi deli murv so \u017ee ve\u010d tiso\u010dletij prepoznavni po izjemnih farmakolo\u0161kih lastnosti (kitajska medicina, Plinij, Hildegarda iz Bingna) in so v zadnjem desetletju predmet \u0161tevilnih raziskav. Dokazan je bil antioksidativni, nevroprotektivni, imunostimulativni, antiglikemi\u010dni in antikancerogeni u\u010dinek vseh delov murv. Murvini listi in sade\u017ei so danes prepoznani kot super\u017eivilo. Ugodna sestava listov murv \u017ee izkazuje potencialContinue reading &rarr;","og_url":"https:\/\/www.murve.um.si\/?page_id=63&lang=sl","og_site_name":"murve.um.si","article_modified_time":"2023-09-13T07:18:19+00:00","og_image":[{"url":"http:\/\/murve.um.si\/wp-content\/uploads\/2017\/02\/IMG_8356.jpg","type":"","width":"","height":""}],"twitter_card":"summary_large_image","twitter_misc":{"Est. reading time":"4 minute"},"schema":{"@context":"https:\/\/schema.org","@graph":[{"@type":"WebPage","@id":"https:\/\/www.murve.um.si\/?page_id=63&lang=sl","url":"https:\/\/www.murve.um.si\/?page_id=63&lang=sl","name":"Uporaba - murve.um.si","isPartOf":{"@id":"https:\/\/www.murve.um.si\/#website"},"primaryImageOfPage":{"@id":"https:\/\/www.murve.um.si\/?page_id=63&lang=sl#primaryimage"},"image":{"@id":"https:\/\/www.murve.um.si\/?page_id=63&lang=sl#primaryimage"},"thumbnailUrl":"http:\/\/murve.um.si\/wp-content\/uploads\/2017\/02\/IMG_8356.jpg","datePublished":"2017-02-28T21:33:34+00:00","dateModified":"2023-09-13T07:18:19+00:00","breadcrumb":{"@id":"https:\/\/www.murve.um.si\/?page_id=63&lang=sl#breadcrumb"},"inLanguage":"sl-SI","potentialAction":[{"@type":"ReadAction","target":["https:\/\/www.murve.um.si\/?page_id=63&lang=sl"]}]},{"@type":"ImageObject","inLanguage":"sl-SI","@id":"https:\/\/www.murve.um.si\/?page_id=63&lang=sl#primaryimage","url":"http:\/\/murve.um.si\/wp-content\/uploads\/2017\/02\/IMG_8356.jpg","contentUrl":"http:\/\/murve.um.si\/wp-content\/uploads\/2017\/02\/IMG_8356.jpg"},{"@type":"BreadcrumbList","@id":"https:\/\/www.murve.um.si\/?page_id=63&lang=sl#breadcrumb","itemListElement":[{"@type":"ListItem","position":1,"name":"Home","item":"http:\/\/www.murve.um.si\/?page_id=27&lang=en"},{"@type":"ListItem","position":2,"name":"Uporaba"}]},{"@type":"WebSite","@id":"https:\/\/www.murve.um.si\/#website","url":"https:\/\/www.murve.um.si\/","name":"murve.um.si","description":"Projekt murve","publisher":{"@id":"https:\/\/www.murve.um.si\/#organization"},"potentialAction":[{"@type":"SearchAction","target":{"@type":"EntryPoint","urlTemplate":"https:\/\/www.murve.um.si\/?s={search_term_string}"},"query-input":{"@type":"PropertyValueSpecification","valueRequired":true,"valueName":"search_term_string"}}],"inLanguage":"sl-SI"},{"@type":"Organization","@id":"https:\/\/www.murve.um.si\/#organization","name":"murve.um.si","url":"https:\/\/www.murve.um.si\/","logo":{"@type":"ImageObject","inLanguage":"sl-SI","@id":"https:\/\/www.murve.um.si\/#\/schema\/logo\/image\/","url":"https:\/\/www.murve.um.si\/wp-content\/uploads\/2017\/08\/logo-pop2.jpg","contentUrl":"https:\/\/www.murve.um.si\/wp-content\/uploads\/2017\/08\/logo-pop2.jpg","width":3281,"height":3593,"caption":"murve.um.si"},"image":{"@id":"https:\/\/www.murve.um.si\/#\/schema\/logo\/image\/"}}]}},"_links":{"self":[{"href":"https:\/\/www.murve.um.si\/index.php?rest_route=\/wp\/v2\/pages\/63","targetHints":{"allow":["GET"]}}],"collection":[{"href":"https:\/\/www.murve.um.si\/index.php?rest_route=\/wp\/v2\/pages"}],"about":[{"href":"https:\/\/www.murve.um.si\/index.php?rest_route=\/wp\/v2\/types\/page"}],"author":[{"embeddable":true,"href":"https:\/\/www.murve.um.si\/index.php?rest_route=\/wp\/v2\/users\/3"}],"replies":[{"embeddable":true,"href":"https:\/\/www.murve.um.si\/index.php?rest_route=%2Fwp%2Fv2%2Fcomments&post=63"}],"version-history":[{"count":13,"href":"https:\/\/www.murve.um.si\/index.php?rest_route=\/wp\/v2\/pages\/63\/revisions"}],"predecessor-version":[{"id":2068,"href":"https:\/\/www.murve.um.si\/index.php?rest_route=\/wp\/v2\/pages\/63\/revisions\/2068"}],"wp:attachment":[{"href":"https:\/\/www.murve.um.si\/index.php?rest_route=%2Fwp%2Fv2%2Fmedia&parent=63"}],"curies":[{"name":"wp","href":"https:\/\/api.w.org\/{rel}","templated":true}]}}