{"id":60,"date":"2017-02-28T22:33:05","date_gmt":"2017-02-28T21:33:05","guid":{"rendered":"http:\/\/murve.um.si\/?page_id=60"},"modified":"2017-03-09T15:30:17","modified_gmt":"2017-03-09T14:30:17","slug":"bela","status":"publish","type":"page","link":"https:\/\/www.murve.um.si\/?page_id=60&lang=sl","title":{"rendered":"Bela murva"},"content":{"rendered":"<p>Bela murva izvira iz J in JZ Kitajske, kjer jo gojijo \u017ee ve\u010d kot 4500 let. V Evropo so jo prinesli v 11. stoletju predvsem z namenom uporabe listov za krmo sviloprejk. Danes jo najdemo po vsej Evropi predvsem pa v ju\u017enej\u0161ih nekdaj svilogojskih de\u017eelah. V Sloveniji je bela murva najpogostej\u0161a v obalni regiji, na Krasu, Gori\u0161kem, Vipavski dolini, Beli Krajini, na Dolenskem v okolici Bre\u017eic in v Prekmurju.<br \/>\nMurva ima dru\u017einsko simboliko, saj je ponekod veljal obi\u010daj, da so murvo ob poroki ali rojstvu otroka zasadili ob hi\u0161o. Z namenom svilogojstva so jo kmetje zasajali ob gospodarska poslopja, kot mejice med njivami, v vinograd, ob ceste in kolovoze. Najmogo\u010dnej\u0161a bela murva in hkrati tudi najdebelej\u0161e sadno drevo je murva na Fabianijevi doma\u010diji v Kobdilju, ki v obsegu meri ve\u010d kot 650 cm. Omeniti velja nekaj starih drevoredov in sicer v Lokvi, ob gradu \u0160kolj pri vasi Famlje in pri Benediktinskem samostanu na Krogu nad Se\u010dovljami.<\/p>\n<div id=\"attachment_207\" style=\"width: 510px\" class=\"wp-caption aligncenter\"><img loading=\"lazy\" decoding=\"async\" aria-describedby=\"caption-attachment-207\" class=\"wp-image-207\" src=\"http:\/\/murve.um.si\/wp-content\/uploads\/2017\/02\/bela-murva.jpg\" width=\"500\" height=\"367\" srcset=\"https:\/\/www.murve.um.si\/wp-content\/uploads\/2017\/02\/bela-murva.jpg 699w, https:\/\/www.murve.um.si\/wp-content\/uploads\/2017\/02\/bela-murva-300x220.jpg 300w\" sizes=\"auto, (max-width: 500px) 100vw, 500px\" \/><p id=\"caption-attachment-207\" class=\"wp-caption-text\">Foto: Johannes Rabensteiner<\/p><\/div>\n<p>Bela murva (<em>Morus alba<\/em> L.) je listopadno do 18 metrov visoko drevo. Deblo je kratko in gr\u010davo, skorja je rde\u010dkastorjava in vzdol\u017eno razpokana. Poganjki bele murve so sprva dlakavi in pozneje goli, rumenosivi. Listi bele murve so dvoji, enostavni ali dlanasto krpati. Pojav, da se na isti rastlini listi razlikujejo po obliki in velikosti, imenujemo heterofilija. Tendenca k tvorjenju krpatih listov je odvisna od genotipa in starosti listov in poganjkov. Listi so pri beli murvi na zgornji strani svetlo zeleni in ble\u0161\u010de\u010di, na spodnji strani so samo ob \u017eilah dlakavi, kar je klju\u010dno pri prepoznavanju te vrste.<\/p>\n<div id=\"attachment_269\" style=\"width: 510px\" class=\"wp-caption aligncenter\"><img loading=\"lazy\" decoding=\"async\" aria-describedby=\"caption-attachment-269\" class=\"wp-image-269\" src=\"http:\/\/murve.um.si\/wp-content\/uploads\/2017\/02\/IMG_6554b.jpg\" width=\"500\" height=\"412\" srcset=\"https:\/\/www.murve.um.si\/wp-content\/uploads\/2017\/02\/IMG_6554b.jpg 1000w, https:\/\/www.murve.um.si\/wp-content\/uploads\/2017\/02\/IMG_6554b-300x247.jpg 300w, https:\/\/www.murve.um.si\/wp-content\/uploads\/2017\/02\/IMG_6554b-768x633.jpg 768w\" sizes=\"auto, (max-width: 500px) 100vw, 500px\" \/><p id=\"caption-attachment-269\" class=\"wp-caption-text\">Foto: Polona Su\u0161nik<\/p><\/div>\n<p>Bela murva je enodomna ali dvodomna vetrocvetka, ki cveti maja. Mo\u0161ki cvetovi so zdru\u017eeni v vise\u010de rumene ma\u010dice in imajo 4 pra\u0161nike. \u017denski cvetovi so zdru\u017eeni v pecljata pokon\u010dna jaj\u010dasta socvetja, peclji so pribli\u017eno tako dolgi kot socvetja (za razliko od \u010drne murve, kjer so peclji bistveno kraj\u0161i). Soplodja so pri beli murvi bela do ro\u017enata, redkeje temno rde\u010da ter pecljata.<\/p>\n<p><img loading=\"lazy\" decoding=\"async\" class=\"alignnone size-full wp-image-208\" src=\"http:\/\/murve.um.si\/wp-content\/uploads\/2017\/02\/bela-murva-1.jpg\" alt=\"\" width=\"1000\" height=\"708\" srcset=\"https:\/\/www.murve.um.si\/wp-content\/uploads\/2017\/02\/bela-murva-1.jpg 1000w, https:\/\/www.murve.um.si\/wp-content\/uploads\/2017\/02\/bela-murva-1-300x212.jpg 300w, https:\/\/www.murve.um.si\/wp-content\/uploads\/2017\/02\/bela-murva-1-768x544.jpg 768w\" sizes=\"auto, (max-width: 1000px) 100vw, 1000px\" \/><\/p>\n<p>&nbsp;<\/p>\n","protected":false},"excerpt":{"rendered":"<p>Bela murva izvira iz J in JZ Kitajske, kjer jo gojijo \u017ee ve\u010d kot 4500 let. V Evropo so jo prinesli v 11. stoletju predvsem z namenom uporabe listov za krmo sviloprejk. Danes jo najdemo po vsej Evropi predvsem pa v ju\u017enej\u0161ih nekdaj svilogojskih de\u017eelah. V Sloveniji je bela murva najpogostej\u0161a v obalni regiji, naContinue reading &rarr;<\/p>\n","protected":false},"author":3,"featured_media":0,"parent":0,"menu_order":0,"comment_status":"closed","ping_status":"closed","template":"","meta":{"ngg_post_thumbnail":0,"footnotes":""},"class_list":["post-60","page","type-page","status-publish","hentry","no-thumb"],"yoast_head":"<!-- This site is optimized with the Yoast SEO plugin v27.4 - https:\/\/yoast.com\/product\/yoast-seo-wordpress\/ -->\n<title>Bela murva - murve.um.si<\/title>\n<meta name=\"robots\" content=\"index, follow, max-snippet:-1, max-image-preview:large, max-video-preview:-1\" \/>\n<link rel=\"canonical\" href=\"https:\/\/www.murve.um.si\/?page_id=60&lang=sl\" \/>\n<meta property=\"og:locale\" content=\"sl_SI\" \/>\n<meta property=\"og:type\" content=\"article\" \/>\n<meta property=\"og:title\" content=\"Bela murva - murve.um.si\" \/>\n<meta property=\"og:description\" content=\"Bela murva izvira iz J in JZ Kitajske, kjer jo gojijo \u017ee ve\u010d kot 4500 let. V Evropo so jo prinesli v 11. stoletju predvsem z namenom uporabe listov za krmo sviloprejk. Danes jo najdemo po vsej Evropi predvsem pa v ju\u017enej\u0161ih nekdaj svilogojskih de\u017eelah. V Sloveniji je bela murva najpogostej\u0161a v obalni regiji, naContinue reading &rarr;\" \/>\n<meta property=\"og:url\" content=\"https:\/\/www.murve.um.si\/?page_id=60&amp;lang=sl\" \/>\n<meta property=\"og:site_name\" content=\"murve.um.si\" \/>\n<meta property=\"article:modified_time\" content=\"2017-03-09T14:30:17+00:00\" \/>\n<meta property=\"og:image\" content=\"http:\/\/murve.um.si\/wp-content\/uploads\/2017\/02\/bela-murva.jpg\" \/>\n<meta name=\"twitter:card\" content=\"summary_large_image\" \/>\n<meta name=\"twitter:label1\" content=\"Est. reading time\" \/>\n\t<meta name=\"twitter:data1\" content=\"2 minuti\" \/>\n<script type=\"application\/ld+json\" class=\"yoast-schema-graph\">{\"@context\":\"https:\\\/\\\/schema.org\",\"@graph\":[{\"@type\":\"WebPage\",\"@id\":\"https:\\\/\\\/www.murve.um.si\\\/?page_id=60&lang=sl\",\"url\":\"https:\\\/\\\/www.murve.um.si\\\/?page_id=60&lang=sl\",\"name\":\"Bela murva - murve.um.si\",\"isPartOf\":{\"@id\":\"https:\\\/\\\/www.murve.um.si\\\/#website\"},\"primaryImageOfPage\":{\"@id\":\"https:\\\/\\\/www.murve.um.si\\\/?page_id=60&lang=sl#primaryimage\"},\"image\":{\"@id\":\"https:\\\/\\\/www.murve.um.si\\\/?page_id=60&lang=sl#primaryimage\"},\"thumbnailUrl\":\"http:\\\/\\\/murve.um.si\\\/wp-content\\\/uploads\\\/2017\\\/02\\\/bela-murva.jpg\",\"datePublished\":\"2017-02-28T21:33:05+00:00\",\"dateModified\":\"2017-03-09T14:30:17+00:00\",\"breadcrumb\":{\"@id\":\"https:\\\/\\\/www.murve.um.si\\\/?page_id=60&lang=sl#breadcrumb\"},\"inLanguage\":\"sl-SI\",\"potentialAction\":[{\"@type\":\"ReadAction\",\"target\":[\"https:\\\/\\\/www.murve.um.si\\\/?page_id=60&lang=sl\"]}]},{\"@type\":\"ImageObject\",\"inLanguage\":\"sl-SI\",\"@id\":\"https:\\\/\\\/www.murve.um.si\\\/?page_id=60&lang=sl#primaryimage\",\"url\":\"http:\\\/\\\/murve.um.si\\\/wp-content\\\/uploads\\\/2017\\\/02\\\/bela-murva.jpg\",\"contentUrl\":\"http:\\\/\\\/murve.um.si\\\/wp-content\\\/uploads\\\/2017\\\/02\\\/bela-murva.jpg\"},{\"@type\":\"BreadcrumbList\",\"@id\":\"https:\\\/\\\/www.murve.um.si\\\/?page_id=60&lang=sl#breadcrumb\",\"itemListElement\":[{\"@type\":\"ListItem\",\"position\":1,\"name\":\"Home\",\"item\":\"http:\\\/\\\/www.murve.um.si\\\/?page_id=27&lang=en\"},{\"@type\":\"ListItem\",\"position\":2,\"name\":\"Bela murva\"}]},{\"@type\":\"WebSite\",\"@id\":\"https:\\\/\\\/www.murve.um.si\\\/#website\",\"url\":\"https:\\\/\\\/www.murve.um.si\\\/\",\"name\":\"murve.um.si\",\"description\":\"Projekt murve\",\"publisher\":{\"@id\":\"https:\\\/\\\/www.murve.um.si\\\/#organization\"},\"potentialAction\":[{\"@type\":\"SearchAction\",\"target\":{\"@type\":\"EntryPoint\",\"urlTemplate\":\"https:\\\/\\\/www.murve.um.si\\\/?s={search_term_string}\"},\"query-input\":{\"@type\":\"PropertyValueSpecification\",\"valueRequired\":true,\"valueName\":\"search_term_string\"}}],\"inLanguage\":\"sl-SI\"},{\"@type\":\"Organization\",\"@id\":\"https:\\\/\\\/www.murve.um.si\\\/#organization\",\"name\":\"murve.um.si\",\"url\":\"https:\\\/\\\/www.murve.um.si\\\/\",\"logo\":{\"@type\":\"ImageObject\",\"inLanguage\":\"sl-SI\",\"@id\":\"https:\\\/\\\/www.murve.um.si\\\/#\\\/schema\\\/logo\\\/image\\\/\",\"url\":\"https:\\\/\\\/www.murve.um.si\\\/wp-content\\\/uploads\\\/2017\\\/08\\\/logo-pop2.jpg\",\"contentUrl\":\"https:\\\/\\\/www.murve.um.si\\\/wp-content\\\/uploads\\\/2017\\\/08\\\/logo-pop2.jpg\",\"width\":3281,\"height\":3593,\"caption\":\"murve.um.si\"},\"image\":{\"@id\":\"https:\\\/\\\/www.murve.um.si\\\/#\\\/schema\\\/logo\\\/image\\\/\"}}]}<\/script>\n<!-- \/ Yoast SEO plugin. -->","yoast_head_json":{"title":"Bela murva - murve.um.si","robots":{"index":"index","follow":"follow","max-snippet":"max-snippet:-1","max-image-preview":"max-image-preview:large","max-video-preview":"max-video-preview:-1"},"canonical":"https:\/\/www.murve.um.si\/?page_id=60&lang=sl","og_locale":"sl_SI","og_type":"article","og_title":"Bela murva - murve.um.si","og_description":"Bela murva izvira iz J in JZ Kitajske, kjer jo gojijo \u017ee ve\u010d kot 4500 let. V Evropo so jo prinesli v 11. stoletju predvsem z namenom uporabe listov za krmo sviloprejk. Danes jo najdemo po vsej Evropi predvsem pa v ju\u017enej\u0161ih nekdaj svilogojskih de\u017eelah. V Sloveniji je bela murva najpogostej\u0161a v obalni regiji, naContinue reading &rarr;","og_url":"https:\/\/www.murve.um.si\/?page_id=60&lang=sl","og_site_name":"murve.um.si","article_modified_time":"2017-03-09T14:30:17+00:00","og_image":[{"url":"http:\/\/murve.um.si\/wp-content\/uploads\/2017\/02\/bela-murva.jpg","type":"","width":"","height":""}],"twitter_card":"summary_large_image","twitter_misc":{"Est. reading time":"2 minuti"},"schema":{"@context":"https:\/\/schema.org","@graph":[{"@type":"WebPage","@id":"https:\/\/www.murve.um.si\/?page_id=60&lang=sl","url":"https:\/\/www.murve.um.si\/?page_id=60&lang=sl","name":"Bela murva - murve.um.si","isPartOf":{"@id":"https:\/\/www.murve.um.si\/#website"},"primaryImageOfPage":{"@id":"https:\/\/www.murve.um.si\/?page_id=60&lang=sl#primaryimage"},"image":{"@id":"https:\/\/www.murve.um.si\/?page_id=60&lang=sl#primaryimage"},"thumbnailUrl":"http:\/\/murve.um.si\/wp-content\/uploads\/2017\/02\/bela-murva.jpg","datePublished":"2017-02-28T21:33:05+00:00","dateModified":"2017-03-09T14:30:17+00:00","breadcrumb":{"@id":"https:\/\/www.murve.um.si\/?page_id=60&lang=sl#breadcrumb"},"inLanguage":"sl-SI","potentialAction":[{"@type":"ReadAction","target":["https:\/\/www.murve.um.si\/?page_id=60&lang=sl"]}]},{"@type":"ImageObject","inLanguage":"sl-SI","@id":"https:\/\/www.murve.um.si\/?page_id=60&lang=sl#primaryimage","url":"http:\/\/murve.um.si\/wp-content\/uploads\/2017\/02\/bela-murva.jpg","contentUrl":"http:\/\/murve.um.si\/wp-content\/uploads\/2017\/02\/bela-murva.jpg"},{"@type":"BreadcrumbList","@id":"https:\/\/www.murve.um.si\/?page_id=60&lang=sl#breadcrumb","itemListElement":[{"@type":"ListItem","position":1,"name":"Home","item":"http:\/\/www.murve.um.si\/?page_id=27&lang=en"},{"@type":"ListItem","position":2,"name":"Bela murva"}]},{"@type":"WebSite","@id":"https:\/\/www.murve.um.si\/#website","url":"https:\/\/www.murve.um.si\/","name":"murve.um.si","description":"Projekt murve","publisher":{"@id":"https:\/\/www.murve.um.si\/#organization"},"potentialAction":[{"@type":"SearchAction","target":{"@type":"EntryPoint","urlTemplate":"https:\/\/www.murve.um.si\/?s={search_term_string}"},"query-input":{"@type":"PropertyValueSpecification","valueRequired":true,"valueName":"search_term_string"}}],"inLanguage":"sl-SI"},{"@type":"Organization","@id":"https:\/\/www.murve.um.si\/#organization","name":"murve.um.si","url":"https:\/\/www.murve.um.si\/","logo":{"@type":"ImageObject","inLanguage":"sl-SI","@id":"https:\/\/www.murve.um.si\/#\/schema\/logo\/image\/","url":"https:\/\/www.murve.um.si\/wp-content\/uploads\/2017\/08\/logo-pop2.jpg","contentUrl":"https:\/\/www.murve.um.si\/wp-content\/uploads\/2017\/08\/logo-pop2.jpg","width":3281,"height":3593,"caption":"murve.um.si"},"image":{"@id":"https:\/\/www.murve.um.si\/#\/schema\/logo\/image\/"}}]}},"_links":{"self":[{"href":"https:\/\/www.murve.um.si\/index.php?rest_route=\/wp\/v2\/pages\/60","targetHints":{"allow":["GET"]}}],"collection":[{"href":"https:\/\/www.murve.um.si\/index.php?rest_route=\/wp\/v2\/pages"}],"about":[{"href":"https:\/\/www.murve.um.si\/index.php?rest_route=\/wp\/v2\/types\/page"}],"author":[{"embeddable":true,"href":"https:\/\/www.murve.um.si\/index.php?rest_route=\/wp\/v2\/users\/3"}],"replies":[{"embeddable":true,"href":"https:\/\/www.murve.um.si\/index.php?rest_route=%2Fwp%2Fv2%2Fcomments&post=60"}],"version-history":[{"count":6,"href":"https:\/\/www.murve.um.si\/index.php?rest_route=\/wp\/v2\/pages\/60\/revisions"}],"predecessor-version":[{"id":270,"href":"https:\/\/www.murve.um.si\/index.php?rest_route=\/wp\/v2\/pages\/60\/revisions\/270"}],"wp:attachment":[{"href":"https:\/\/www.murve.um.si\/index.php?rest_route=%2Fwp%2Fv2%2Fmedia&parent=60"}],"curies":[{"name":"wp","href":"https:\/\/api.w.org\/{rel}","templated":true}]}}