{"id":57,"date":"2017-02-28T22:32:46","date_gmt":"2017-02-28T21:32:46","guid":{"rendered":"http:\/\/murve.um.si\/?page_id=57"},"modified":"2017-05-15T13:27:41","modified_gmt":"2017-05-15T11:27:41","slug":"crna","status":"publish","type":"page","link":"https:\/\/www.murve.um.si\/?page_id=57&lang=sl","title":{"rendered":"\u010crna murva"},"content":{"rendered":"<p>\u010crna murva ima (v primerjavi z belo) dalj\u0161o zgodovino gojenja. V Evropo so jo prinesli \u017ee v anti\u010dnem \u010dasu, najverjetneje iz Irana in Afganistana. Danes najve\u010d dreves najdemo v ju\u017eni Evropi. V stari Gr\u010diji je \u010drna murva veljala kot simbol modrosti in posve\u010dena bogu Panu, bogu gozda, pastirjev, lova in pastoralne glasbe. V preteklosti so v anti\u010dni Rim in Gr\u010dijo iz male Azije uva\u017eali murvine sade\u017ee, saj so jih Grki in Rimljani u\u017eivali kot kulinari\u010dno delikateso.<\/p>\n<div id=\"attachment_233\" style=\"width: 385px\" class=\"wp-caption aligncenter\"><img loading=\"lazy\" decoding=\"async\" aria-describedby=\"caption-attachment-233\" class=\"wp-image-233\" src=\"http:\/\/murve.um.si\/wp-content\/uploads\/2017\/02\/johannes1.jpg\" width=\"375\" height=\"500\" srcset=\"https:\/\/www.murve.um.si\/wp-content\/uploads\/2017\/02\/johannes1.jpg 604w, https:\/\/www.murve.um.si\/wp-content\/uploads\/2017\/02\/johannes1-225x300.jpg 225w\" sizes=\"auto, (max-width: 375px) 100vw, 375px\" \/><p id=\"caption-attachment-233\" class=\"wp-caption-text\">Foto: Johannes Rabensteiner<\/p><\/div>\n<p>V Mali Aziji se pona\u0161ajo z regionalnimi sortami, katerih plodovi so dolgi tudi do 6 cm in \u0161iroki 3 cm. V Albaniji v vasi Boboshtice stoji okoli 400 \u010drnih murv. Doma\u010dini jim pripisujejo 1000 let, najverjetneje so drevesa stara 400 do 500 let. Drevesa so na ob\u010dinskem posestvu, vendar je po 5 dreves v upravljanju va\u0161kih dru\u017ein; dedi\u0161ka skrb se prena\u0161a iz roda v rod. Iz plodov pridobivajo \u017eganje, ki ga spustijo \u010dez liste, da le ta dobi rahlo zeleno barvo.<\/p>\n<p>\u010crna murva (<em>Morus nigra<\/em> L.) je pri nas zelo redka, kljub temu da so podatki o \u0161tevilu ohranjenih dreves in lokacijah so nepopoln &#8211; na podlagi barve plodov jo pogosto zamenjujemo s temnoplodnimi genotipi bele murve. Za \u010drno murvo je zna\u010dilna kriva, gr\u010dava in zavita rast ter \u0161iroka, gosta kro\u0161nja. Poganjki so precej bolj debeli od bele murve, rde\u010dkastorjavi in dlakavi. Listi so za razliko od bele murve na spodnji strani mo\u010dno dlakavi, kar daje srebrnkast izgled. Zgornja stran je temnozelena in hrapava. Tudi za \u010drno murvo je zna\u010dilna heterofilija.<\/p>\n\n\t\t<style type=\"text\/css\">\n\t\t\t#gallery-1 {\n\t\t\t\tmargin: auto;\n\t\t\t}\n\t\t\t#gallery-1 .gallery-item {\n\t\t\t\tfloat: left;\n\t\t\t\tmargin-top: 10px;\n\t\t\t\ttext-align: center;\n\t\t\t\twidth: 50%;\n\t\t\t}\n\t\t\t#gallery-1 img {\n\t\t\t\tborder: 2px solid #cfcfcf;\n\t\t\t}\n\t\t\t#gallery-1 .gallery-caption {\n\t\t\t\tmargin-left: 0;\n\t\t\t}\n\t\t\t\/* see gallery_shortcode() in wp-includes\/media.php *\/\n\t\t<\/style>\n\t\t<div id='gallery-1' class='gallery galleryid-57 gallery-columns-2 gallery-size-large'><dl class='gallery-item'>\n\t\t\t<dt class='gallery-icon landscape'>\n\t\t\t\t<a href='https:\/\/www.murve.um.si\/?attachment_id=478'><img loading=\"lazy\" decoding=\"async\" width=\"1000\" height=\"667\" src=\"https:\/\/www.murve.um.si\/wp-content\/uploads\/2017\/02\/JJR6141.jpg\" class=\"attachment-large size-large\" alt=\"\" aria-describedby=\"gallery-1-478\" srcset=\"https:\/\/www.murve.um.si\/wp-content\/uploads\/2017\/02\/JJR6141.jpg 1000w, https:\/\/www.murve.um.si\/wp-content\/uploads\/2017\/02\/JJR6141-300x200.jpg 300w, https:\/\/www.murve.um.si\/wp-content\/uploads\/2017\/02\/JJR6141-768x512.jpg 768w, https:\/\/www.murve.um.si\/wp-content\/uploads\/2017\/02\/JJR6141-272x182.jpg 272w\" sizes=\"auto, (max-width: 1000px) 100vw, 1000px\" \/><\/a>\n\t\t\t<\/dt>\n\t\t\t\t<dd class='wp-caption-text gallery-caption' id='gallery-1-478'>\n\t\t\t\tMo\u0161ko socvetje \u010drne murve s pra\u0161niki. Foto Johannes Rabensteiner.\n\t\t\t\t<\/dd><\/dl><dl class='gallery-item'>\n\t\t\t<dt class='gallery-icon landscape'>\n\t\t\t\t<a href='https:\/\/www.murve.um.si\/?attachment_id=479'><img loading=\"lazy\" decoding=\"async\" width=\"1000\" height=\"667\" src=\"https:\/\/www.murve.um.si\/wp-content\/uploads\/2017\/02\/JJR6043.jpg\" class=\"attachment-large size-large\" alt=\"\" aria-describedby=\"gallery-1-479\" srcset=\"https:\/\/www.murve.um.si\/wp-content\/uploads\/2017\/02\/JJR6043.jpg 1000w, https:\/\/www.murve.um.si\/wp-content\/uploads\/2017\/02\/JJR6043-300x200.jpg 300w, https:\/\/www.murve.um.si\/wp-content\/uploads\/2017\/02\/JJR6043-768x512.jpg 768w, https:\/\/www.murve.um.si\/wp-content\/uploads\/2017\/02\/JJR6043-272x182.jpg 272w\" sizes=\"auto, (max-width: 1000px) 100vw, 1000px\" \/><\/a>\n\t\t\t<\/dt>\n\t\t\t\t<dd class='wp-caption-text gallery-caption' id='gallery-1-479'>\n\t\t\t\t\u017densko socvetje \u010drne murve z lepo vidnimi brazdami. Na spodnji strani lista so goste svilnate dla\u010dice. Foto Johannes Rabensteiner.\n\t\t\t\t<\/dd><\/dl><br style=\"clear: both\" \/>\n\t\t<\/div>\n\n<p>Cvetovi so enospolni, drevo je lahko enodomno ali dvodomno. Soplodja so za razliko od bele murve na kratkih pecljih ali skoraj sede\u010da, bolj mesnata, 1 do 3 cm dolga, sprva zelena, kasneje \u010drna in \u0161ele ob zrelosti so\u010dna, sladka in v primerjavi z belo murvo bolj aromati\u010dna.<\/p>\n<p><img loading=\"lazy\" decoding=\"async\" class=\"alignnone size-full wp-image-211\" src=\"http:\/\/murve.um.si\/wp-content\/uploads\/2017\/02\/crna-murva-1.jpg\" alt=\"\" width=\"1000\" height=\"708\" srcset=\"https:\/\/www.murve.um.si\/wp-content\/uploads\/2017\/02\/crna-murva-1.jpg 1000w, https:\/\/www.murve.um.si\/wp-content\/uploads\/2017\/02\/crna-murva-1-300x212.jpg 300w, https:\/\/www.murve.um.si\/wp-content\/uploads\/2017\/02\/crna-murva-1-768x544.jpg 768w\" sizes=\"auto, (max-width: 1000px) 100vw, 1000px\" \/><\/p>\n","protected":false},"excerpt":{"rendered":"<p>\u010crna murva ima (v primerjavi z belo) dalj\u0161o zgodovino gojenja. V Evropo so jo prinesli \u017ee v anti\u010dnem \u010dasu, najverjetneje iz Irana in Afganistana. Danes najve\u010d dreves najdemo v ju\u017eni Evropi. V stari Gr\u010diji je \u010drna murva veljala kot simbol modrosti in posve\u010dena bogu Panu, bogu gozda, pastirjev, lova in pastoralne glasbe. V preteklosti soContinue reading &rarr;<\/p>\n","protected":false},"author":3,"featured_media":0,"parent":0,"menu_order":0,"comment_status":"closed","ping_status":"closed","template":"","meta":{"ngg_post_thumbnail":0,"footnotes":""},"class_list":["post-57","page","type-page","status-publish","hentry","no-thumb"],"yoast_head":"<!-- This site is optimized with the Yoast SEO plugin v27.4 - https:\/\/yoast.com\/product\/yoast-seo-wordpress\/ -->\n<title>\u010crna murva - murve.um.si<\/title>\n<meta name=\"robots\" content=\"index, follow, max-snippet:-1, max-image-preview:large, max-video-preview:-1\" \/>\n<link rel=\"canonical\" href=\"https:\/\/www.murve.um.si\/?page_id=57&lang=sl\" \/>\n<meta property=\"og:locale\" content=\"sl_SI\" \/>\n<meta property=\"og:type\" content=\"article\" \/>\n<meta property=\"og:title\" content=\"\u010crna murva - murve.um.si\" \/>\n<meta property=\"og:description\" content=\"\u010crna murva ima (v primerjavi z belo) dalj\u0161o zgodovino gojenja. V Evropo so jo prinesli \u017ee v anti\u010dnem \u010dasu, najverjetneje iz Irana in Afganistana. Danes najve\u010d dreves najdemo v ju\u017eni Evropi. V stari Gr\u010diji je \u010drna murva veljala kot simbol modrosti in posve\u010dena bogu Panu, bogu gozda, pastirjev, lova in pastoralne glasbe. V preteklosti soContinue reading &rarr;\" \/>\n<meta property=\"og:url\" content=\"https:\/\/www.murve.um.si\/?page_id=57&amp;lang=sl\" \/>\n<meta property=\"og:site_name\" content=\"murve.um.si\" \/>\n<meta property=\"article:modified_time\" content=\"2017-05-15T11:27:41+00:00\" \/>\n<meta property=\"og:image\" content=\"http:\/\/www.murve.um.si\/wp-content\/uploads\/2017\/02\/JJR6141.jpg\" \/>\n<meta name=\"twitter:card\" content=\"summary_large_image\" \/>\n<meta name=\"twitter:label1\" content=\"Est. reading time\" \/>\n\t<meta name=\"twitter:data1\" content=\"2 minuti\" \/>\n<script type=\"application\/ld+json\" class=\"yoast-schema-graph\">{\"@context\":\"https:\\\/\\\/schema.org\",\"@graph\":[{\"@type\":\"WebPage\",\"@id\":\"https:\\\/\\\/www.murve.um.si\\\/?page_id=57&lang=sl\",\"url\":\"https:\\\/\\\/www.murve.um.si\\\/?page_id=57&lang=sl\",\"name\":\"\u010crna murva - murve.um.si\",\"isPartOf\":{\"@id\":\"https:\\\/\\\/www.murve.um.si\\\/#website\"},\"primaryImageOfPage\":{\"@id\":\"https:\\\/\\\/www.murve.um.si\\\/?page_id=57&lang=sl#primaryimage\"},\"image\":{\"@id\":\"https:\\\/\\\/www.murve.um.si\\\/?page_id=57&lang=sl#primaryimage\"},\"thumbnailUrl\":\"http:\\\/\\\/murve.um.si\\\/wp-content\\\/uploads\\\/2017\\\/02\\\/johannes1.jpg\",\"datePublished\":\"2017-02-28T21:32:46+00:00\",\"dateModified\":\"2017-05-15T11:27:41+00:00\",\"breadcrumb\":{\"@id\":\"https:\\\/\\\/www.murve.um.si\\\/?page_id=57&lang=sl#breadcrumb\"},\"inLanguage\":\"sl-SI\",\"potentialAction\":[{\"@type\":\"ReadAction\",\"target\":[\"https:\\\/\\\/www.murve.um.si\\\/?page_id=57&lang=sl\"]}]},{\"@type\":\"ImageObject\",\"inLanguage\":\"sl-SI\",\"@id\":\"https:\\\/\\\/www.murve.um.si\\\/?page_id=57&lang=sl#primaryimage\",\"url\":\"http:\\\/\\\/murve.um.si\\\/wp-content\\\/uploads\\\/2017\\\/02\\\/johannes1.jpg\",\"contentUrl\":\"http:\\\/\\\/murve.um.si\\\/wp-content\\\/uploads\\\/2017\\\/02\\\/johannes1.jpg\"},{\"@type\":\"BreadcrumbList\",\"@id\":\"https:\\\/\\\/www.murve.um.si\\\/?page_id=57&lang=sl#breadcrumb\",\"itemListElement\":[{\"@type\":\"ListItem\",\"position\":1,\"name\":\"Home\",\"item\":\"http:\\\/\\\/www.murve.um.si\\\/?page_id=27&lang=en\"},{\"@type\":\"ListItem\",\"position\":2,\"name\":\"\u010crna murva\"}]},{\"@type\":\"WebSite\",\"@id\":\"https:\\\/\\\/www.murve.um.si\\\/#website\",\"url\":\"https:\\\/\\\/www.murve.um.si\\\/\",\"name\":\"murve.um.si\",\"description\":\"Projekt murve\",\"publisher\":{\"@id\":\"https:\\\/\\\/www.murve.um.si\\\/#organization\"},\"potentialAction\":[{\"@type\":\"SearchAction\",\"target\":{\"@type\":\"EntryPoint\",\"urlTemplate\":\"https:\\\/\\\/www.murve.um.si\\\/?s={search_term_string}\"},\"query-input\":{\"@type\":\"PropertyValueSpecification\",\"valueRequired\":true,\"valueName\":\"search_term_string\"}}],\"inLanguage\":\"sl-SI\"},{\"@type\":\"Organization\",\"@id\":\"https:\\\/\\\/www.murve.um.si\\\/#organization\",\"name\":\"murve.um.si\",\"url\":\"https:\\\/\\\/www.murve.um.si\\\/\",\"logo\":{\"@type\":\"ImageObject\",\"inLanguage\":\"sl-SI\",\"@id\":\"https:\\\/\\\/www.murve.um.si\\\/#\\\/schema\\\/logo\\\/image\\\/\",\"url\":\"https:\\\/\\\/www.murve.um.si\\\/wp-content\\\/uploads\\\/2017\\\/08\\\/logo-pop2.jpg\",\"contentUrl\":\"https:\\\/\\\/www.murve.um.si\\\/wp-content\\\/uploads\\\/2017\\\/08\\\/logo-pop2.jpg\",\"width\":3281,\"height\":3593,\"caption\":\"murve.um.si\"},\"image\":{\"@id\":\"https:\\\/\\\/www.murve.um.si\\\/#\\\/schema\\\/logo\\\/image\\\/\"}}]}<\/script>\n<!-- \/ Yoast SEO plugin. -->","yoast_head_json":{"title":"\u010crna murva - murve.um.si","robots":{"index":"index","follow":"follow","max-snippet":"max-snippet:-1","max-image-preview":"max-image-preview:large","max-video-preview":"max-video-preview:-1"},"canonical":"https:\/\/www.murve.um.si\/?page_id=57&lang=sl","og_locale":"sl_SI","og_type":"article","og_title":"\u010crna murva - murve.um.si","og_description":"\u010crna murva ima (v primerjavi z belo) dalj\u0161o zgodovino gojenja. V Evropo so jo prinesli \u017ee v anti\u010dnem \u010dasu, najverjetneje iz Irana in Afganistana. Danes najve\u010d dreves najdemo v ju\u017eni Evropi. V stari Gr\u010diji je \u010drna murva veljala kot simbol modrosti in posve\u010dena bogu Panu, bogu gozda, pastirjev, lova in pastoralne glasbe. V preteklosti soContinue reading &rarr;","og_url":"https:\/\/www.murve.um.si\/?page_id=57&lang=sl","og_site_name":"murve.um.si","article_modified_time":"2017-05-15T11:27:41+00:00","og_image":[{"url":"http:\/\/www.murve.um.si\/wp-content\/uploads\/2017\/02\/JJR6141.jpg","type":"","width":"","height":""}],"twitter_card":"summary_large_image","twitter_misc":{"Est. reading time":"2 minuti"},"schema":{"@context":"https:\/\/schema.org","@graph":[{"@type":"WebPage","@id":"https:\/\/www.murve.um.si\/?page_id=57&lang=sl","url":"https:\/\/www.murve.um.si\/?page_id=57&lang=sl","name":"\u010crna murva - murve.um.si","isPartOf":{"@id":"https:\/\/www.murve.um.si\/#website"},"primaryImageOfPage":{"@id":"https:\/\/www.murve.um.si\/?page_id=57&lang=sl#primaryimage"},"image":{"@id":"https:\/\/www.murve.um.si\/?page_id=57&lang=sl#primaryimage"},"thumbnailUrl":"http:\/\/murve.um.si\/wp-content\/uploads\/2017\/02\/johannes1.jpg","datePublished":"2017-02-28T21:32:46+00:00","dateModified":"2017-05-15T11:27:41+00:00","breadcrumb":{"@id":"https:\/\/www.murve.um.si\/?page_id=57&lang=sl#breadcrumb"},"inLanguage":"sl-SI","potentialAction":[{"@type":"ReadAction","target":["https:\/\/www.murve.um.si\/?page_id=57&lang=sl"]}]},{"@type":"ImageObject","inLanguage":"sl-SI","@id":"https:\/\/www.murve.um.si\/?page_id=57&lang=sl#primaryimage","url":"http:\/\/murve.um.si\/wp-content\/uploads\/2017\/02\/johannes1.jpg","contentUrl":"http:\/\/murve.um.si\/wp-content\/uploads\/2017\/02\/johannes1.jpg"},{"@type":"BreadcrumbList","@id":"https:\/\/www.murve.um.si\/?page_id=57&lang=sl#breadcrumb","itemListElement":[{"@type":"ListItem","position":1,"name":"Home","item":"http:\/\/www.murve.um.si\/?page_id=27&lang=en"},{"@type":"ListItem","position":2,"name":"\u010crna murva"}]},{"@type":"WebSite","@id":"https:\/\/www.murve.um.si\/#website","url":"https:\/\/www.murve.um.si\/","name":"murve.um.si","description":"Projekt murve","publisher":{"@id":"https:\/\/www.murve.um.si\/#organization"},"potentialAction":[{"@type":"SearchAction","target":{"@type":"EntryPoint","urlTemplate":"https:\/\/www.murve.um.si\/?s={search_term_string}"},"query-input":{"@type":"PropertyValueSpecification","valueRequired":true,"valueName":"search_term_string"}}],"inLanguage":"sl-SI"},{"@type":"Organization","@id":"https:\/\/www.murve.um.si\/#organization","name":"murve.um.si","url":"https:\/\/www.murve.um.si\/","logo":{"@type":"ImageObject","inLanguage":"sl-SI","@id":"https:\/\/www.murve.um.si\/#\/schema\/logo\/image\/","url":"https:\/\/www.murve.um.si\/wp-content\/uploads\/2017\/08\/logo-pop2.jpg","contentUrl":"https:\/\/www.murve.um.si\/wp-content\/uploads\/2017\/08\/logo-pop2.jpg","width":3281,"height":3593,"caption":"murve.um.si"},"image":{"@id":"https:\/\/www.murve.um.si\/#\/schema\/logo\/image\/"}}]}},"_links":{"self":[{"href":"https:\/\/www.murve.um.si\/index.php?rest_route=\/wp\/v2\/pages\/57","targetHints":{"allow":["GET"]}}],"collection":[{"href":"https:\/\/www.murve.um.si\/index.php?rest_route=\/wp\/v2\/pages"}],"about":[{"href":"https:\/\/www.murve.um.si\/index.php?rest_route=\/wp\/v2\/types\/page"}],"author":[{"embeddable":true,"href":"https:\/\/www.murve.um.si\/index.php?rest_route=\/wp\/v2\/users\/3"}],"replies":[{"embeddable":true,"href":"https:\/\/www.murve.um.si\/index.php?rest_route=%2Fwp%2Fv2%2Fcomments&post=57"}],"version-history":[{"count":7,"href":"https:\/\/www.murve.um.si\/index.php?rest_route=\/wp\/v2\/pages\/57\/revisions"}],"predecessor-version":[{"id":481,"href":"https:\/\/www.murve.um.si\/index.php?rest_route=\/wp\/v2\/pages\/57\/revisions\/481"}],"wp:attachment":[{"href":"https:\/\/www.murve.um.si\/index.php?rest_route=%2Fwp%2Fv2%2Fmedia&parent=57"}],"curies":[{"name":"wp","href":"https:\/\/api.w.org\/{rel}","templated":true}]}}