{"id":54,"date":"2017-02-28T22:32:21","date_gmt":"2017-02-28T21:32:21","guid":{"rendered":"http:\/\/murve.um.si\/?page_id=54"},"modified":"2021-09-30T08:06:45","modified_gmt":"2021-09-30T06:06:45","slug":"rdeca","status":"publish","type":"page","link":"https:\/\/www.murve.um.si\/?page_id=54&lang=sl","title":{"rendered":"Rde\u010da murva"},"content":{"rendered":"<p>Rde\u010da murva (<em>Morus rubra<\/em> L.) je listopadno drevo, ki je naravno prisotno v osrednjem in vzhodnem delu Severne Amerike. Zraste okoli 15 metrov visoko, kratko deblo pa dose\u017ee premer 40 cm. Lubje je lahko gladko ali pa razbrazdano, temno rjave barve. Veje oblikujejo kroglasto kro\u0161njo. Listi so name\u0161\u010deni premenjalno in dose\u017eejo do 15 cm dol\u017eine. Enako kot pri \u010drni in beli murvi, so tudi listi rde\u010de murve lahko tako enostavni \u0161iroko jaj\u010dasti, kot tudi 2-3 krpati. Listni peclji vsebujejo mle\u010dek. Podobno kot pri \u010drni murvi ima tudi rde\u010da murva zgornjo povr\u0161ino lista hrapavo, spodnjo pa prekrito s svilnatimi dla\u010dicami. Dobro je odporna na temperature pod ledi\u0161\u010dem, su\u0161o, onesna\u017eenje in prilagojena na manj kakovostno podlago. Cvetovi so neopazni, rumenozeleni do rde\u010dkasto zeleni, plodovi pa rde\u010di do temno vijoli\u010dni in merijo 2-3 cm v dol\u017eino.<\/p>\n<p>Rde\u010de murve v okviru projekta \u0161e nismo popisali, kar je razlog, da nam na spletni strani zaenkrat \u0161e manjka slika in zemljevid raz\u0161irjenosti.<\/p>\n","protected":false},"excerpt":{"rendered":"<p>Rde\u010da murva (Morus rubra L.) je listopadno drevo, ki je naravno prisotno v osrednjem in vzhodnem delu Severne Amerike. Zraste okoli 15 metrov visoko, kratko deblo pa dose\u017ee premer 40 cm. Lubje je lahko gladko ali pa razbrazdano, temno rjave barve. Veje oblikujejo kroglasto kro\u0161njo. Listi so name\u0161\u010deni premenjalno in dose\u017eejo do 15 cm dol\u017eine.Continue reading &rarr;<\/p>\n","protected":false},"author":3,"featured_media":0,"parent":0,"menu_order":0,"comment_status":"closed","ping_status":"closed","template":"","meta":{"ngg_post_thumbnail":0,"footnotes":""},"class_list":["post-54","page","type-page","status-publish","hentry","no-thumb"],"yoast_head":"<!-- This site is optimized with the Yoast SEO plugin v27.4 - https:\/\/yoast.com\/product\/yoast-seo-wordpress\/ -->\n<title>Rde\u010da murva - murve.um.si<\/title>\n<meta name=\"robots\" content=\"index, follow, max-snippet:-1, max-image-preview:large, max-video-preview:-1\" \/>\n<link rel=\"canonical\" href=\"https:\/\/www.murve.um.si\/?page_id=54&lang=sl\" \/>\n<meta property=\"og:locale\" content=\"sl_SI\" \/>\n<meta property=\"og:type\" content=\"article\" \/>\n<meta property=\"og:title\" content=\"Rde\u010da murva - murve.um.si\" \/>\n<meta property=\"og:description\" content=\"Rde\u010da murva (Morus rubra L.) je listopadno drevo, ki je naravno prisotno v osrednjem in vzhodnem delu Severne Amerike. Zraste okoli 15 metrov visoko, kratko deblo pa dose\u017ee premer 40 cm. Lubje je lahko gladko ali pa razbrazdano, temno rjave barve. Veje oblikujejo kroglasto kro\u0161njo. Listi so name\u0161\u010deni premenjalno in dose\u017eejo do 15 cm dol\u017eine.Continue reading &rarr;\" \/>\n<meta property=\"og:url\" content=\"https:\/\/www.murve.um.si\/?page_id=54&amp;lang=sl\" \/>\n<meta property=\"og:site_name\" content=\"murve.um.si\" \/>\n<meta property=\"article:modified_time\" content=\"2021-09-30T06:06:45+00:00\" \/>\n<meta name=\"twitter:card\" content=\"summary_large_image\" \/>\n<meta name=\"twitter:label1\" content=\"Est. reading time\" \/>\n\t<meta name=\"twitter:data1\" content=\"1 minuta\" \/>\n<script type=\"application\/ld+json\" class=\"yoast-schema-graph\">{\"@context\":\"https:\\\/\\\/schema.org\",\"@graph\":[{\"@type\":\"WebPage\",\"@id\":\"https:\\\/\\\/www.murve.um.si\\\/?page_id=54&lang=sl\",\"url\":\"https:\\\/\\\/www.murve.um.si\\\/?page_id=54&lang=sl\",\"name\":\"Rde\u010da murva - murve.um.si\",\"isPartOf\":{\"@id\":\"https:\\\/\\\/www.murve.um.si\\\/#website\"},\"datePublished\":\"2017-02-28T21:32:21+00:00\",\"dateModified\":\"2021-09-30T06:06:45+00:00\",\"breadcrumb\":{\"@id\":\"https:\\\/\\\/www.murve.um.si\\\/?page_id=54&lang=sl#breadcrumb\"},\"inLanguage\":\"sl-SI\",\"potentialAction\":[{\"@type\":\"ReadAction\",\"target\":[\"https:\\\/\\\/www.murve.um.si\\\/?page_id=54&lang=sl\"]}]},{\"@type\":\"BreadcrumbList\",\"@id\":\"https:\\\/\\\/www.murve.um.si\\\/?page_id=54&lang=sl#breadcrumb\",\"itemListElement\":[{\"@type\":\"ListItem\",\"position\":1,\"name\":\"Home\",\"item\":\"http:\\\/\\\/www.murve.um.si\\\/?page_id=27&lang=en\"},{\"@type\":\"ListItem\",\"position\":2,\"name\":\"Rde\u010da murva\"}]},{\"@type\":\"WebSite\",\"@id\":\"https:\\\/\\\/www.murve.um.si\\\/#website\",\"url\":\"https:\\\/\\\/www.murve.um.si\\\/\",\"name\":\"murve.um.si\",\"description\":\"Projekt murve\",\"publisher\":{\"@id\":\"https:\\\/\\\/www.murve.um.si\\\/#organization\"},\"potentialAction\":[{\"@type\":\"SearchAction\",\"target\":{\"@type\":\"EntryPoint\",\"urlTemplate\":\"https:\\\/\\\/www.murve.um.si\\\/?s={search_term_string}\"},\"query-input\":{\"@type\":\"PropertyValueSpecification\",\"valueRequired\":true,\"valueName\":\"search_term_string\"}}],\"inLanguage\":\"sl-SI\"},{\"@type\":\"Organization\",\"@id\":\"https:\\\/\\\/www.murve.um.si\\\/#organization\",\"name\":\"murve.um.si\",\"url\":\"https:\\\/\\\/www.murve.um.si\\\/\",\"logo\":{\"@type\":\"ImageObject\",\"inLanguage\":\"sl-SI\",\"@id\":\"https:\\\/\\\/www.murve.um.si\\\/#\\\/schema\\\/logo\\\/image\\\/\",\"url\":\"https:\\\/\\\/www.murve.um.si\\\/wp-content\\\/uploads\\\/2017\\\/08\\\/logo-pop2.jpg\",\"contentUrl\":\"https:\\\/\\\/www.murve.um.si\\\/wp-content\\\/uploads\\\/2017\\\/08\\\/logo-pop2.jpg\",\"width\":3281,\"height\":3593,\"caption\":\"murve.um.si\"},\"image\":{\"@id\":\"https:\\\/\\\/www.murve.um.si\\\/#\\\/schema\\\/logo\\\/image\\\/\"}}]}<\/script>\n<!-- \/ Yoast SEO plugin. -->","yoast_head_json":{"title":"Rde\u010da murva - murve.um.si","robots":{"index":"index","follow":"follow","max-snippet":"max-snippet:-1","max-image-preview":"max-image-preview:large","max-video-preview":"max-video-preview:-1"},"canonical":"https:\/\/www.murve.um.si\/?page_id=54&lang=sl","og_locale":"sl_SI","og_type":"article","og_title":"Rde\u010da murva - murve.um.si","og_description":"Rde\u010da murva (Morus rubra L.) je listopadno drevo, ki je naravno prisotno v osrednjem in vzhodnem delu Severne Amerike. Zraste okoli 15 metrov visoko, kratko deblo pa dose\u017ee premer 40 cm. Lubje je lahko gladko ali pa razbrazdano, temno rjave barve. Veje oblikujejo kroglasto kro\u0161njo. Listi so name\u0161\u010deni premenjalno in dose\u017eejo do 15 cm dol\u017eine.Continue reading &rarr;","og_url":"https:\/\/www.murve.um.si\/?page_id=54&lang=sl","og_site_name":"murve.um.si","article_modified_time":"2021-09-30T06:06:45+00:00","twitter_card":"summary_large_image","twitter_misc":{"Est. reading time":"1 minuta"},"schema":{"@context":"https:\/\/schema.org","@graph":[{"@type":"WebPage","@id":"https:\/\/www.murve.um.si\/?page_id=54&lang=sl","url":"https:\/\/www.murve.um.si\/?page_id=54&lang=sl","name":"Rde\u010da murva - murve.um.si","isPartOf":{"@id":"https:\/\/www.murve.um.si\/#website"},"datePublished":"2017-02-28T21:32:21+00:00","dateModified":"2021-09-30T06:06:45+00:00","breadcrumb":{"@id":"https:\/\/www.murve.um.si\/?page_id=54&lang=sl#breadcrumb"},"inLanguage":"sl-SI","potentialAction":[{"@type":"ReadAction","target":["https:\/\/www.murve.um.si\/?page_id=54&lang=sl"]}]},{"@type":"BreadcrumbList","@id":"https:\/\/www.murve.um.si\/?page_id=54&lang=sl#breadcrumb","itemListElement":[{"@type":"ListItem","position":1,"name":"Home","item":"http:\/\/www.murve.um.si\/?page_id=27&lang=en"},{"@type":"ListItem","position":2,"name":"Rde\u010da murva"}]},{"@type":"WebSite","@id":"https:\/\/www.murve.um.si\/#website","url":"https:\/\/www.murve.um.si\/","name":"murve.um.si","description":"Projekt murve","publisher":{"@id":"https:\/\/www.murve.um.si\/#organization"},"potentialAction":[{"@type":"SearchAction","target":{"@type":"EntryPoint","urlTemplate":"https:\/\/www.murve.um.si\/?s={search_term_string}"},"query-input":{"@type":"PropertyValueSpecification","valueRequired":true,"valueName":"search_term_string"}}],"inLanguage":"sl-SI"},{"@type":"Organization","@id":"https:\/\/www.murve.um.si\/#organization","name":"murve.um.si","url":"https:\/\/www.murve.um.si\/","logo":{"@type":"ImageObject","inLanguage":"sl-SI","@id":"https:\/\/www.murve.um.si\/#\/schema\/logo\/image\/","url":"https:\/\/www.murve.um.si\/wp-content\/uploads\/2017\/08\/logo-pop2.jpg","contentUrl":"https:\/\/www.murve.um.si\/wp-content\/uploads\/2017\/08\/logo-pop2.jpg","width":3281,"height":3593,"caption":"murve.um.si"},"image":{"@id":"https:\/\/www.murve.um.si\/#\/schema\/logo\/image\/"}}]}},"_links":{"self":[{"href":"https:\/\/www.murve.um.si\/index.php?rest_route=\/wp\/v2\/pages\/54","targetHints":{"allow":["GET"]}}],"collection":[{"href":"https:\/\/www.murve.um.si\/index.php?rest_route=\/wp\/v2\/pages"}],"about":[{"href":"https:\/\/www.murve.um.si\/index.php?rest_route=\/wp\/v2\/types\/page"}],"author":[{"embeddable":true,"href":"https:\/\/www.murve.um.si\/index.php?rest_route=\/wp\/v2\/users\/3"}],"replies":[{"embeddable":true,"href":"https:\/\/www.murve.um.si\/index.php?rest_route=%2Fwp%2Fv2%2Fcomments&post=54"}],"version-history":[{"count":4,"href":"https:\/\/www.murve.um.si\/index.php?rest_route=\/wp\/v2\/pages\/54\/revisions"}],"predecessor-version":[{"id":216,"href":"https:\/\/www.murve.um.si\/index.php?rest_route=\/wp\/v2\/pages\/54\/revisions\/216"}],"wp:attachment":[{"href":"https:\/\/www.murve.um.si\/index.php?rest_route=%2Fwp%2Fv2%2Fmedia&parent=54"}],"curies":[{"name":"wp","href":"https:\/\/api.w.org\/{rel}","templated":true}]}}