{"id":442,"date":"2017-03-31T12:28:45","date_gmt":"2017-03-31T10:28:45","guid":{"rendered":"http:\/\/murve.um.si\/?page_id=442"},"modified":"2017-11-08T15:38:38","modified_gmt":"2017-11-08T14:38:38","slug":"down-the-creative-path","status":"publish","type":"page","link":"https:\/\/www.murve.um.si\/?page_id=442&lang=en","title":{"rendered":"Taking a Creative Way Towards Knowledge"},"content":{"rendered":"<p><img decoding=\"async\" src=\"http:\/\/murve.um.si\/wp-content\/uploads\/2017\/03\/LOGO-PKP.png\" \/><\/p>\n<div id=\"pg-439-0\" class=\"panel-grid panel-no-style\">\n<div id=\"pgc-439-0-0\" class=\"panel-grid-cell\">\n<div id=\"panel-439-0-0-1\" class=\"so-panel widget widget_sow-editor panel-last-child\" data-index=\"1\">\n<div class=\"so-widget-sow-editor so-widget-sow-editor-base\">\n<div class=\"siteorigin-widget-tinymce textwidget\">\n<h2><strong>Development of production technologies, metabolite screening and usage analysis of old local mulberry genotypes in sustainable agriculture\u00a0<\/strong><\/h2>\n<p><strong>Project duration: 1.3.2017 &#8211; 31.7.2017<\/strong><\/p>\n<\/div>\n<\/div>\n<\/div>\n<\/div>\n<\/div>\n<div id=\"pg-439-1\" class=\"panel-grid panel-no-style\">\n<div id=\"pgc-439-1-0\" class=\"panel-grid-cell\">\n<div id=\"panel-439-1-0-0\" class=\"so-panel widget widget_sow-editor panel-first-child panel-last-child\" data-index=\"2\">\n<div class=\"so-widget-sow-editor so-widget-sow-editor-base\">\n<div class=\"siteorigin-widget-tinymce textwidget\">\n<p>Pedagogical mentor:<\/p>\n<p>Dr. Andreja Urbanek Kranjc<br \/>\nDepartment of botany ant plant physiology<br \/>\nFaculty of agriculture and life sciences<br \/>\nUniversity of Maribor<br \/>\nPivola 10, 2311 Ho\u010de, Slovenia<br \/>\nandreja.urbanek@um.si<\/p>\n<\/div>\n<\/div>\n<\/div>\n<\/div>\n<div id=\"pgc-439-1-1\" class=\"panel-grid-cell\">\n<div id=\"panel-439-1-1-0\" class=\"so-panel widget widget_sow-editor panel-first-child panel-last-child\" data-index=\"3\">\n<div class=\"so-widget-sow-editor so-widget-sow-editor-base\">\n<div class=\"siteorigin-widget-tinymce textwidget\">\n<p>Coordinator:<\/p>\n<p>Andreja \u010curin<br \/>\nUniversity of Maribor<br \/>\nSlom\u0161kov trg 15, 2000 Maribor<br \/>\nandreja.curin@um.si<\/p>\n<\/div>\n<\/div>\n<\/div>\n<\/div>\n<div id=\"pgc-439-1-2\" class=\"panel-grid-cell\">\n<div id=\"panel-439-1-2-0\" class=\"so-panel widget widget_sow-editor panel-first-child panel-last-child\" data-index=\"4\">\n<div class=\"so-widget-sow-editor so-widget-sow-editor-base\">\n<div class=\"siteorigin-widget-tinymce textwidget\">\n<p>Working mentor:<\/p>\n<p>Katja Urbanek<br \/>\nVrtnarija Urbanek<br \/>\nKralja Matja\u017ea 7, 2000 Maribor<br \/>\nkatja@vrtnarija-urbanek.si<\/p>\n<\/div>\n<\/div>\n<\/div>\n<\/div>\n<\/div>\n<div id=\"pg-439-2\" class=\"panel-grid panel-no-style\">\n<div id=\"pgc-439-2-0\" class=\"panel-grid-cell\">\n<div id=\"panel-439-2-0-0\" class=\"so-panel widget widget_sow-editor panel-first-child\" data-index=\"5\">\n<div class=\"so-widget-sow-editor so-widget-sow-editor-base\">\n<div class=\"siteorigin-widget-tinymce textwidget\">\n<p>Leading research organisation: University of Maribor, Faculty of agriculture and life sciences.<\/p>\n<p>&nbsp;<\/p>\n<p>The aims of the project are:<\/p>\n<p>1) Digital map and data library of collected genotypes, which will be used in GIS analyses and monitoring of vital status of trees<\/p>\n<p>2) Web site development for project introduction, distribution of mulberry trees presentation (maps), their history, cultural and natural value. Web site will allow collection of data from all site users, description of mulberry species characteristics<\/p>\n<p>3) Analysis of morphometrical data, which is crucial for selection of superior genotypes<\/p>\n<p>4) Gene bank of mulberry trees establishment for sustainable moriculture establishment<\/p>\n<p>5) Testing of different propagation manners, pruning and ecological cultivation of mulberry trees<\/p>\n<p>6) Analysis of primary and secondary metabolites in leaves and fruits, which will be used as basis for selection of superior genotypes for products<\/p>\n<p>&nbsp;<\/p>\n<p>Project activities:<br \/>\n1) Location of old mulberry trees data collection, establishment of digital map and data base<\/p>\n<p>2) Field work excursions for gathering plant material for cuttings (vegetative reproduction), leaves for molecular and biochemical analyses and herbarium collection<\/p>\n<p>3) Propagation and conservation of old local mulberry genotypes from different eco-geographic regions on experimental field<\/p>\n<p>4) Gene bank of mulberry trees establishment in permanent plantation<\/p>\n<p>5) Qualitative and quantitative screening of important primary (sugars, proteins and amino acids) and secondary metabolites (phenolics, ascorbate, glutathione) in leaves of different local mulberry varieties<\/p>\n<p>6) Usage analysis of products and manners of cultivation<\/p>\n<p>7) Usage analysis of local products with high added value from mulberry fruits (juice, jam), leaves (tea, fodder) and wood (instruments, crafts).<\/p>\n<p>Project group:<\/p>\n<p>dr.\u00a0<a href=\"http:\/\/www.sicris.si\/public\/jqm\/search_basic.aspx?lang=slv&amp;opdescr=search&amp;opt=2&amp;subopt=1&amp;code1=cmn&amp;code2=auto&amp;search_term=andreja%20urbanek\" target=\"_blank\" rel=\"noopener\">Andreja Urbanek Kranjc<\/a><br \/>\nandreja.urbanek@um.si<br \/>\nResearch field: Biology, plant physiology<\/p>\n<p>dr.\u00a0<a href=\"http:\/\/www.sicris.si\/public\/jqm\/rsr.aspx?lang=eng&amp;opdescr=search&amp;opt=2&amp;subopt=300&amp;code1=cmn&amp;code2=auto&amp;psize=10&amp;hits=1&amp;page=1&amp;count=&amp;search_term=vesna%20bukovac&amp;id=8632&amp;slng=&amp;order_by=\" target=\"_blank\" rel=\"noopener\">Vesna Bukovac<\/a><br \/>\nvesna.bukovac@um.si<br \/>\nResearch field: Chemistry, Analitical chemistry<\/p>\n<p>dr.\u00a0<a href=\"http:\/\/www.sicris.si\/public\/jqm\/rsr.aspx?lang=eng&amp;opdescr=search&amp;opt=2&amp;subopt=300&amp;code1=cmn&amp;code2=auto&amp;psize=10&amp;hits=1&amp;page=1&amp;count=&amp;search_term=Andrej%20Pau%C5%A1i%C4%8D&amp;id=33491&amp;slng=&amp;order_by=\" target=\"_blank\" rel=\"noopener\">Andrej Pau\u0161i\u010d<\/a><br \/>\nandrej.pausic@um.si<br \/>\nResearch field: Biology, botany<\/p>\n<p>dr.\u00a0<a href=\"http:\/\/www.sicris.si\/public\/jqm\/rsr.aspx?lang=eng&amp;opdescr=search&amp;opt=2&amp;subopt=300&amp;code1=cmn&amp;code2=auto&amp;psize=10&amp;hits=1&amp;page=1&amp;count=&amp;search_term=jurij%20rakun&amp;id=32181&amp;slng=&amp;order_by=\" target=\"_blank\" rel=\"noopener\">Jurij Rakun<\/a><br \/>\njurij.rakun@um.si<br \/>\nResearch field: Plant production and processing<\/p>\n<p>&nbsp;<\/p>\n<p>Students:<\/p>\n<p>Tina Ugulin, mag. kmet. (PhD student, Uni Graz, AT)<br \/>\nArnej\u010di\u010d Ana (Agrikultura in okolje UN; FKBV)<br \/>\n\u010cre\u0161nar Veronika (Ekolo\u0161ko kmetijstvo; FKBV)<br \/>\nFras Martin (Uporabno ra\u010dunalni\u0161tvo; FNM)<br \/>\nGomil\u0161ek Ga\u0161per (Agrikultura in okolje; FKBV)<br \/>\nHleb\u0161 Lana (Biosistemsko in\u017eenirstvo; FKBV)<br \/>\nKekec Tamara (Kmetijstvo II; FKBV)<br \/>\n\u0160erbinek \u017diga (Vinogradni\u0161tvo, vinarstvo in sadjarstvo; FKBV)<\/p>\n<\/div>\n<\/div>\n<\/div>\n<\/div>\n<\/div>\n","protected":false},"excerpt":{"rendered":"<p>Development of production technologies, metabolite screening and usage analysis of old local mulberry genotypes in sustainable agriculture\u00a0 Project duration: 1.3.2017 &#8211; 31.7.2017 Pedagogical mentor: Dr. Andreja Urbanek Kranjc Department of botany ant plant physiology Faculty of agriculture and life sciences University of Maribor Pivola 10, 2311 Ho\u010de, Slovenia andreja.urbanek@um.si Coordinator: Andreja \u010curin University of MariborContinue reading &rarr;<\/p>\n","protected":false},"author":3,"featured_media":0,"parent":0,"menu_order":0,"comment_status":"closed","ping_status":"closed","template":"","meta":{"ngg_post_thumbnail":0,"footnotes":""},"class_list":["post-442","page","type-page","status-publish","hentry","no-thumb"],"yoast_head":"<!-- This site is optimized with the Yoast SEO plugin v27.4 - https:\/\/yoast.com\/product\/yoast-seo-wordpress\/ -->\n<title>Taking a Creative Way Towards Knowledge - murve.um.si<\/title>\n<meta name=\"robots\" content=\"index, follow, max-snippet:-1, max-image-preview:large, max-video-preview:-1\" \/>\n<link rel=\"canonical\" href=\"https:\/\/www.murve.um.si\/?page_id=442&lang=en\" \/>\n<meta property=\"og:locale\" content=\"sl_SI\" \/>\n<meta property=\"og:type\" content=\"article\" \/>\n<meta property=\"og:title\" content=\"Taking a Creative Way Towards Knowledge - murve.um.si\" \/>\n<meta property=\"og:description\" content=\"Development of production technologies, metabolite screening and usage analysis of old local mulberry genotypes in sustainable agriculture\u00a0 Project duration: 1.3.2017 &#8211; 31.7.2017 Pedagogical mentor: Dr. Andreja Urbanek Kranjc Department of botany ant plant physiology Faculty of agriculture and life sciences University of Maribor Pivola 10, 2311 Ho\u010de, Slovenia andreja.urbanek@um.si Coordinator: Andreja \u010curin University of MariborContinue reading &rarr;\" \/>\n<meta property=\"og:url\" content=\"https:\/\/www.murve.um.si\/?page_id=442&amp;lang=en\" \/>\n<meta property=\"og:site_name\" content=\"murve.um.si\" \/>\n<meta property=\"article:modified_time\" content=\"2017-11-08T14:38:38+00:00\" \/>\n<meta property=\"og:image\" content=\"http:\/\/murve.um.si\/wp-content\/uploads\/2017\/03\/LOGO-PKP.png\" \/>\n<meta name=\"twitter:card\" content=\"summary_large_image\" \/>\n<meta name=\"twitter:label1\" content=\"Est. reading time\" \/>\n\t<meta name=\"twitter:data1\" content=\"2 minuti\" \/>\n<script type=\"application\/ld+json\" class=\"yoast-schema-graph\">{\"@context\":\"https:\\\/\\\/schema.org\",\"@graph\":[{\"@type\":\"WebPage\",\"@id\":\"https:\\\/\\\/www.murve.um.si\\\/?page_id=442&lang=en\",\"url\":\"https:\\\/\\\/www.murve.um.si\\\/?page_id=442&lang=en\",\"name\":\"Taking a Creative Way Towards Knowledge - murve.um.si\",\"isPartOf\":{\"@id\":\"https:\\\/\\\/www.murve.um.si\\\/#website\"},\"primaryImageOfPage\":{\"@id\":\"https:\\\/\\\/www.murve.um.si\\\/?page_id=442&lang=en#primaryimage\"},\"image\":{\"@id\":\"https:\\\/\\\/www.murve.um.si\\\/?page_id=442&lang=en#primaryimage\"},\"thumbnailUrl\":\"http:\\\/\\\/murve.um.si\\\/wp-content\\\/uploads\\\/2017\\\/03\\\/LOGO-PKP.png\",\"datePublished\":\"2017-03-31T10:28:45+00:00\",\"dateModified\":\"2017-11-08T14:38:38+00:00\",\"breadcrumb\":{\"@id\":\"https:\\\/\\\/www.murve.um.si\\\/?page_id=442&lang=en#breadcrumb\"},\"inLanguage\":\"sl-SI\",\"potentialAction\":[{\"@type\":\"ReadAction\",\"target\":[\"https:\\\/\\\/www.murve.um.si\\\/?page_id=442&lang=en\"]}]},{\"@type\":\"ImageObject\",\"inLanguage\":\"sl-SI\",\"@id\":\"https:\\\/\\\/www.murve.um.si\\\/?page_id=442&lang=en#primaryimage\",\"url\":\"http:\\\/\\\/murve.um.si\\\/wp-content\\\/uploads\\\/2017\\\/03\\\/LOGO-PKP.png\",\"contentUrl\":\"http:\\\/\\\/murve.um.si\\\/wp-content\\\/uploads\\\/2017\\\/03\\\/LOGO-PKP.png\"},{\"@type\":\"BreadcrumbList\",\"@id\":\"https:\\\/\\\/www.murve.um.si\\\/?page_id=442&lang=en#breadcrumb\",\"itemListElement\":[{\"@type\":\"ListItem\",\"position\":1,\"name\":\"Home\",\"item\":\"http:\\\/\\\/www.murve.um.si\\\/?page_id=27&lang=en\"},{\"@type\":\"ListItem\",\"position\":2,\"name\":\"Taking a Creative Way Towards Knowledge\"}]},{\"@type\":\"WebSite\",\"@id\":\"https:\\\/\\\/www.murve.um.si\\\/#website\",\"url\":\"https:\\\/\\\/www.murve.um.si\\\/\",\"name\":\"murve.um.si\",\"description\":\"Projekt murve\",\"publisher\":{\"@id\":\"https:\\\/\\\/www.murve.um.si\\\/#organization\"},\"potentialAction\":[{\"@type\":\"SearchAction\",\"target\":{\"@type\":\"EntryPoint\",\"urlTemplate\":\"https:\\\/\\\/www.murve.um.si\\\/?s={search_term_string}\"},\"query-input\":{\"@type\":\"PropertyValueSpecification\",\"valueRequired\":true,\"valueName\":\"search_term_string\"}}],\"inLanguage\":\"sl-SI\"},{\"@type\":\"Organization\",\"@id\":\"https:\\\/\\\/www.murve.um.si\\\/#organization\",\"name\":\"murve.um.si\",\"url\":\"https:\\\/\\\/www.murve.um.si\\\/\",\"logo\":{\"@type\":\"ImageObject\",\"inLanguage\":\"sl-SI\",\"@id\":\"https:\\\/\\\/www.murve.um.si\\\/#\\\/schema\\\/logo\\\/image\\\/\",\"url\":\"https:\\\/\\\/www.murve.um.si\\\/wp-content\\\/uploads\\\/2017\\\/08\\\/logo-pop2.jpg\",\"contentUrl\":\"https:\\\/\\\/www.murve.um.si\\\/wp-content\\\/uploads\\\/2017\\\/08\\\/logo-pop2.jpg\",\"width\":3281,\"height\":3593,\"caption\":\"murve.um.si\"},\"image\":{\"@id\":\"https:\\\/\\\/www.murve.um.si\\\/#\\\/schema\\\/logo\\\/image\\\/\"}}]}<\/script>\n<!-- \/ Yoast SEO plugin. -->","yoast_head_json":{"title":"Taking a Creative Way Towards Knowledge - murve.um.si","robots":{"index":"index","follow":"follow","max-snippet":"max-snippet:-1","max-image-preview":"max-image-preview:large","max-video-preview":"max-video-preview:-1"},"canonical":"https:\/\/www.murve.um.si\/?page_id=442&lang=en","og_locale":"sl_SI","og_type":"article","og_title":"Taking a Creative Way Towards Knowledge - murve.um.si","og_description":"Development of production technologies, metabolite screening and usage analysis of old local mulberry genotypes in sustainable agriculture\u00a0 Project duration: 1.3.2017 &#8211; 31.7.2017 Pedagogical mentor: Dr. Andreja Urbanek Kranjc Department of botany ant plant physiology Faculty of agriculture and life sciences University of Maribor Pivola 10, 2311 Ho\u010de, Slovenia andreja.urbanek@um.si Coordinator: Andreja \u010curin University of MariborContinue reading &rarr;","og_url":"https:\/\/www.murve.um.si\/?page_id=442&lang=en","og_site_name":"murve.um.si","article_modified_time":"2017-11-08T14:38:38+00:00","og_image":[{"url":"http:\/\/murve.um.si\/wp-content\/uploads\/2017\/03\/LOGO-PKP.png","type":"","width":"","height":""}],"twitter_card":"summary_large_image","twitter_misc":{"Est. reading time":"2 minuti"},"schema":{"@context":"https:\/\/schema.org","@graph":[{"@type":"WebPage","@id":"https:\/\/www.murve.um.si\/?page_id=442&lang=en","url":"https:\/\/www.murve.um.si\/?page_id=442&lang=en","name":"Taking a Creative Way Towards Knowledge - murve.um.si","isPartOf":{"@id":"https:\/\/www.murve.um.si\/#website"},"primaryImageOfPage":{"@id":"https:\/\/www.murve.um.si\/?page_id=442&lang=en#primaryimage"},"image":{"@id":"https:\/\/www.murve.um.si\/?page_id=442&lang=en#primaryimage"},"thumbnailUrl":"http:\/\/murve.um.si\/wp-content\/uploads\/2017\/03\/LOGO-PKP.png","datePublished":"2017-03-31T10:28:45+00:00","dateModified":"2017-11-08T14:38:38+00:00","breadcrumb":{"@id":"https:\/\/www.murve.um.si\/?page_id=442&lang=en#breadcrumb"},"inLanguage":"sl-SI","potentialAction":[{"@type":"ReadAction","target":["https:\/\/www.murve.um.si\/?page_id=442&lang=en"]}]},{"@type":"ImageObject","inLanguage":"sl-SI","@id":"https:\/\/www.murve.um.si\/?page_id=442&lang=en#primaryimage","url":"http:\/\/murve.um.si\/wp-content\/uploads\/2017\/03\/LOGO-PKP.png","contentUrl":"http:\/\/murve.um.si\/wp-content\/uploads\/2017\/03\/LOGO-PKP.png"},{"@type":"BreadcrumbList","@id":"https:\/\/www.murve.um.si\/?page_id=442&lang=en#breadcrumb","itemListElement":[{"@type":"ListItem","position":1,"name":"Home","item":"http:\/\/www.murve.um.si\/?page_id=27&lang=en"},{"@type":"ListItem","position":2,"name":"Taking a Creative Way Towards Knowledge"}]},{"@type":"WebSite","@id":"https:\/\/www.murve.um.si\/#website","url":"https:\/\/www.murve.um.si\/","name":"murve.um.si","description":"Projekt murve","publisher":{"@id":"https:\/\/www.murve.um.si\/#organization"},"potentialAction":[{"@type":"SearchAction","target":{"@type":"EntryPoint","urlTemplate":"https:\/\/www.murve.um.si\/?s={search_term_string}"},"query-input":{"@type":"PropertyValueSpecification","valueRequired":true,"valueName":"search_term_string"}}],"inLanguage":"sl-SI"},{"@type":"Organization","@id":"https:\/\/www.murve.um.si\/#organization","name":"murve.um.si","url":"https:\/\/www.murve.um.si\/","logo":{"@type":"ImageObject","inLanguage":"sl-SI","@id":"https:\/\/www.murve.um.si\/#\/schema\/logo\/image\/","url":"https:\/\/www.murve.um.si\/wp-content\/uploads\/2017\/08\/logo-pop2.jpg","contentUrl":"https:\/\/www.murve.um.si\/wp-content\/uploads\/2017\/08\/logo-pop2.jpg","width":3281,"height":3593,"caption":"murve.um.si"},"image":{"@id":"https:\/\/www.murve.um.si\/#\/schema\/logo\/image\/"}}]}},"_links":{"self":[{"href":"https:\/\/www.murve.um.si\/index.php?rest_route=\/wp\/v2\/pages\/442","targetHints":{"allow":["GET"]}}],"collection":[{"href":"https:\/\/www.murve.um.si\/index.php?rest_route=\/wp\/v2\/pages"}],"about":[{"href":"https:\/\/www.murve.um.si\/index.php?rest_route=\/wp\/v2\/types\/page"}],"author":[{"embeddable":true,"href":"https:\/\/www.murve.um.si\/index.php?rest_route=\/wp\/v2\/users\/3"}],"replies":[{"embeddable":true,"href":"https:\/\/www.murve.um.si\/index.php?rest_route=%2Fwp%2Fv2%2Fcomments&post=442"}],"version-history":[{"count":4,"href":"https:\/\/www.murve.um.si\/index.php?rest_route=\/wp\/v2\/pages\/442\/revisions"}],"predecessor-version":[{"id":1029,"href":"https:\/\/www.murve.um.si\/index.php?rest_route=\/wp\/v2\/pages\/442\/revisions\/1029"}],"wp:attachment":[{"href":"https:\/\/www.murve.um.si\/index.php?rest_route=%2Fwp%2Fv2%2Fmedia&parent=442"}],"curies":[{"name":"wp","href":"https:\/\/api.w.org\/{rel}","templated":true}]}}