{"id":41,"date":"2017-02-28T22:26:23","date_gmt":"2017-02-28T21:26:23","guid":{"rendered":"http:\/\/murve.um.si\/?page_id=41"},"modified":"2017-03-09T15:31:25","modified_gmt":"2017-03-09T14:31:25","slug":"white","status":"publish","type":"page","link":"https:\/\/www.murve.um.si\/?page_id=41&lang=en","title":{"rendered":"White mulberry"},"content":{"rendered":"<p>White mulberry origins from south and south-western China where it has been widely cultivated for more than 4500 years. It was brought to Europe in the 11th century for silkworm&#8217;s feed. The white mulberry is more adaptable to pruning, has smoother and softer leaves and it is therefore more suitable for sericulture compared to the black mulberry. Silkworm catterpillars were called \u201echevalieres\u201c by the local people, probably because of their erect, rigid pose during the moulting phase.<br \/>\nToday white mulberry trees can be found all over the Europe, especially in souhtern former silk-producing countries. In Slovenia the white mulberry is the most abundant at the coast, in Karst region, near Gorica, Vipava valley, Bela krajina, Lower Carniola near Bre\u017eice and in Prekmurje region. In Styria it was cultivated until the 2nd world war near \u017dalec.<\/p>\n<div id=\"attachment_207\" style=\"width: 510px\" class=\"wp-caption aligncenter\"><img loading=\"lazy\" decoding=\"async\" aria-describedby=\"caption-attachment-207\" class=\"wp-image-207\" src=\"http:\/\/murve.um.si\/wp-content\/uploads\/2017\/02\/bela-murva.jpg\" width=\"500\" height=\"367\" srcset=\"https:\/\/www.murve.um.si\/wp-content\/uploads\/2017\/02\/bela-murva.jpg 699w, https:\/\/www.murve.um.si\/wp-content\/uploads\/2017\/02\/bela-murva-300x220.jpg 300w\" sizes=\"auto, (max-width: 500px) 100vw, 500px\" \/><p id=\"caption-attachment-207\" class=\"wp-caption-text\">Photo: Johannes Rabensteiner<\/p><\/div>\n<p>White mulberry (<em>Morus alba<\/em> L.) is a deciduous tree which grows up to 18 m tall. The crown is bright, circular and sparse. Its trunk is short and knotted, bark is redish-brown to greenish-grey. Young shoots are yellow-grey, shiny and hairy at first, later hairs are lost. The leaves are simple and two or more lobed. Phenomenon when the leaves on one plant differ in shape and size is called heterophylly. Tendency to lobed leaves development depends on genotype as well as on age of leaves and shoots. Simple leaves more commonly appear on older branches. The key determination characteristic is presence of hairs only on the leaf vessels on the lower side of leaf. The flowers of the white mulberry are single-sex catkins and they bloom in May. Male and female flowers are usually on seperate trees although they can occur on the same tree. Male flowers are merged in yellow hanging catkins with 4 stamens while woman flowers are merged into erect eye-shaped inflorescences. The colour of fruits varies from white to pink, rarely to dark red.<\/p>\n<div id=\"attachment_269\" style=\"width: 510px\" class=\"wp-caption aligncenter\"><img loading=\"lazy\" decoding=\"async\" aria-describedby=\"caption-attachment-269\" class=\"wp-image-269\" src=\"http:\/\/murve.um.si\/wp-content\/uploads\/2017\/02\/IMG_6554b.jpg\" width=\"500\" height=\"412\" srcset=\"https:\/\/www.murve.um.si\/wp-content\/uploads\/2017\/02\/IMG_6554b.jpg 1000w, https:\/\/www.murve.um.si\/wp-content\/uploads\/2017\/02\/IMG_6554b-300x247.jpg 300w, https:\/\/www.murve.um.si\/wp-content\/uploads\/2017\/02\/IMG_6554b-768x633.jpg 768w\" sizes=\"auto, (max-width: 500px) 100vw, 500px\" \/><p id=\"caption-attachment-269\" class=\"wp-caption-text\">Photo: Polona Su\u0161nik<\/p><\/div>\n<p>The mulberry appears in family symbolism. The mulberry tree was traditionally planted by the house at the wedding or after the childbirth. As a fruit tree it was often planted next to barns, as hedges between fields, wineyards, next to roads and ruts. The mightiest Slovenian white mulberry and at the same time the widest fruit tree is Fabiani&#8217;s mulberry at the Fabiani homestead in Kobdilje. It has more than 650 cm of circumference. There are some beautiful mulberry avenues in Lokev, next to \u0160kolj castle at the Famlje village and by the monastery on Krog near the village of Se\u010dovlje. In Bela krajina the oldest mulberry tree still grows in Adle\u0161i\u010di, while the whole mulberry avenue by the Turn castle in Dragatu\u0161 was cut down and sold to Brda for wooden casks.<\/p>\n<p><img loading=\"lazy\" decoding=\"async\" class=\"alignnone size-full wp-image-208\" src=\"http:\/\/murve.um.si\/wp-content\/uploads\/2017\/02\/bela-murva-1.jpg\" alt=\"\" width=\"1000\" height=\"708\" srcset=\"https:\/\/www.murve.um.si\/wp-content\/uploads\/2017\/02\/bela-murva-1.jpg 1000w, https:\/\/www.murve.um.si\/wp-content\/uploads\/2017\/02\/bela-murva-1-300x212.jpg 300w, https:\/\/www.murve.um.si\/wp-content\/uploads\/2017\/02\/bela-murva-1-768x544.jpg 768w\" sizes=\"auto, (max-width: 1000px) 100vw, 1000px\" \/><\/p>\n<p>&nbsp;<\/p>\n","protected":false},"excerpt":{"rendered":"<p>White mulberry origins from south and south-western China where it has been widely cultivated for more than 4500 years. It was brought to Europe in the 11th century for silkworm&#8217;s feed. The white mulberry is more adaptable to pruning, has smoother and softer leaves and it is therefore more suitable for sericulture compared to theContinue reading &rarr;<\/p>\n","protected":false},"author":3,"featured_media":0,"parent":0,"menu_order":0,"comment_status":"closed","ping_status":"closed","template":"","meta":{"ngg_post_thumbnail":0,"footnotes":""},"class_list":["post-41","page","type-page","status-publish","hentry","no-thumb"],"yoast_head":"<!-- This site is optimized with the Yoast SEO plugin v27.4 - https:\/\/yoast.com\/product\/yoast-seo-wordpress\/ -->\n<title>White mulberry - murve.um.si<\/title>\n<meta name=\"robots\" content=\"index, follow, max-snippet:-1, max-image-preview:large, max-video-preview:-1\" \/>\n<link rel=\"canonical\" href=\"https:\/\/www.murve.um.si\/?page_id=41&lang=en\" \/>\n<meta property=\"og:locale\" content=\"sl_SI\" \/>\n<meta property=\"og:type\" content=\"article\" \/>\n<meta property=\"og:title\" content=\"White mulberry - murve.um.si\" \/>\n<meta property=\"og:description\" content=\"White mulberry origins from south and south-western China where it has been widely cultivated for more than 4500 years. It was brought to Europe in the 11th century for silkworm&#8217;s feed. The white mulberry is more adaptable to pruning, has smoother and softer leaves and it is therefore more suitable for sericulture compared to theContinue reading &rarr;\" \/>\n<meta property=\"og:url\" content=\"https:\/\/www.murve.um.si\/?page_id=41&amp;lang=en\" \/>\n<meta property=\"og:site_name\" content=\"murve.um.si\" \/>\n<meta property=\"article:modified_time\" content=\"2017-03-09T14:31:25+00:00\" \/>\n<meta property=\"og:image\" content=\"http:\/\/murve.um.si\/wp-content\/uploads\/2017\/02\/bela-murva.jpg\" \/>\n<meta name=\"twitter:card\" content=\"summary_large_image\" \/>\n<meta name=\"twitter:label1\" content=\"Est. reading time\" \/>\n\t<meta name=\"twitter:data1\" content=\"2 minuti\" \/>\n<script type=\"application\/ld+json\" class=\"yoast-schema-graph\">{\"@context\":\"https:\\\/\\\/schema.org\",\"@graph\":[{\"@type\":\"WebPage\",\"@id\":\"https:\\\/\\\/www.murve.um.si\\\/?page_id=41&lang=en\",\"url\":\"https:\\\/\\\/www.murve.um.si\\\/?page_id=41&lang=en\",\"name\":\"White mulberry - murve.um.si\",\"isPartOf\":{\"@id\":\"https:\\\/\\\/www.murve.um.si\\\/#website\"},\"primaryImageOfPage\":{\"@id\":\"https:\\\/\\\/www.murve.um.si\\\/?page_id=41&lang=en#primaryimage\"},\"image\":{\"@id\":\"https:\\\/\\\/www.murve.um.si\\\/?page_id=41&lang=en#primaryimage\"},\"thumbnailUrl\":\"http:\\\/\\\/murve.um.si\\\/wp-content\\\/uploads\\\/2017\\\/02\\\/bela-murva.jpg\",\"datePublished\":\"2017-02-28T21:26:23+00:00\",\"dateModified\":\"2017-03-09T14:31:25+00:00\",\"breadcrumb\":{\"@id\":\"https:\\\/\\\/www.murve.um.si\\\/?page_id=41&lang=en#breadcrumb\"},\"inLanguage\":\"sl-SI\",\"potentialAction\":[{\"@type\":\"ReadAction\",\"target\":[\"https:\\\/\\\/www.murve.um.si\\\/?page_id=41&lang=en\"]}]},{\"@type\":\"ImageObject\",\"inLanguage\":\"sl-SI\",\"@id\":\"https:\\\/\\\/www.murve.um.si\\\/?page_id=41&lang=en#primaryimage\",\"url\":\"http:\\\/\\\/murve.um.si\\\/wp-content\\\/uploads\\\/2017\\\/02\\\/bela-murva.jpg\",\"contentUrl\":\"http:\\\/\\\/murve.um.si\\\/wp-content\\\/uploads\\\/2017\\\/02\\\/bela-murva.jpg\"},{\"@type\":\"BreadcrumbList\",\"@id\":\"https:\\\/\\\/www.murve.um.si\\\/?page_id=41&lang=en#breadcrumb\",\"itemListElement\":[{\"@type\":\"ListItem\",\"position\":1,\"name\":\"Home\",\"item\":\"http:\\\/\\\/www.murve.um.si\\\/?page_id=27&lang=en\"},{\"@type\":\"ListItem\",\"position\":2,\"name\":\"White mulberry\"}]},{\"@type\":\"WebSite\",\"@id\":\"https:\\\/\\\/www.murve.um.si\\\/#website\",\"url\":\"https:\\\/\\\/www.murve.um.si\\\/\",\"name\":\"murve.um.si\",\"description\":\"Projekt murve\",\"publisher\":{\"@id\":\"https:\\\/\\\/www.murve.um.si\\\/#organization\"},\"potentialAction\":[{\"@type\":\"SearchAction\",\"target\":{\"@type\":\"EntryPoint\",\"urlTemplate\":\"https:\\\/\\\/www.murve.um.si\\\/?s={search_term_string}\"},\"query-input\":{\"@type\":\"PropertyValueSpecification\",\"valueRequired\":true,\"valueName\":\"search_term_string\"}}],\"inLanguage\":\"sl-SI\"},{\"@type\":\"Organization\",\"@id\":\"https:\\\/\\\/www.murve.um.si\\\/#organization\",\"name\":\"murve.um.si\",\"url\":\"https:\\\/\\\/www.murve.um.si\\\/\",\"logo\":{\"@type\":\"ImageObject\",\"inLanguage\":\"sl-SI\",\"@id\":\"https:\\\/\\\/www.murve.um.si\\\/#\\\/schema\\\/logo\\\/image\\\/\",\"url\":\"https:\\\/\\\/www.murve.um.si\\\/wp-content\\\/uploads\\\/2017\\\/08\\\/logo-pop2.jpg\",\"contentUrl\":\"https:\\\/\\\/www.murve.um.si\\\/wp-content\\\/uploads\\\/2017\\\/08\\\/logo-pop2.jpg\",\"width\":3281,\"height\":3593,\"caption\":\"murve.um.si\"},\"image\":{\"@id\":\"https:\\\/\\\/www.murve.um.si\\\/#\\\/schema\\\/logo\\\/image\\\/\"}}]}<\/script>\n<!-- \/ Yoast SEO plugin. -->","yoast_head_json":{"title":"White mulberry - murve.um.si","robots":{"index":"index","follow":"follow","max-snippet":"max-snippet:-1","max-image-preview":"max-image-preview:large","max-video-preview":"max-video-preview:-1"},"canonical":"https:\/\/www.murve.um.si\/?page_id=41&lang=en","og_locale":"sl_SI","og_type":"article","og_title":"White mulberry - murve.um.si","og_description":"White mulberry origins from south and south-western China where it has been widely cultivated for more than 4500 years. It was brought to Europe in the 11th century for silkworm&#8217;s feed. The white mulberry is more adaptable to pruning, has smoother and softer leaves and it is therefore more suitable for sericulture compared to theContinue reading &rarr;","og_url":"https:\/\/www.murve.um.si\/?page_id=41&lang=en","og_site_name":"murve.um.si","article_modified_time":"2017-03-09T14:31:25+00:00","og_image":[{"url":"http:\/\/murve.um.si\/wp-content\/uploads\/2017\/02\/bela-murva.jpg","type":"","width":"","height":""}],"twitter_card":"summary_large_image","twitter_misc":{"Est. reading time":"2 minuti"},"schema":{"@context":"https:\/\/schema.org","@graph":[{"@type":"WebPage","@id":"https:\/\/www.murve.um.si\/?page_id=41&lang=en","url":"https:\/\/www.murve.um.si\/?page_id=41&lang=en","name":"White mulberry - murve.um.si","isPartOf":{"@id":"https:\/\/www.murve.um.si\/#website"},"primaryImageOfPage":{"@id":"https:\/\/www.murve.um.si\/?page_id=41&lang=en#primaryimage"},"image":{"@id":"https:\/\/www.murve.um.si\/?page_id=41&lang=en#primaryimage"},"thumbnailUrl":"http:\/\/murve.um.si\/wp-content\/uploads\/2017\/02\/bela-murva.jpg","datePublished":"2017-02-28T21:26:23+00:00","dateModified":"2017-03-09T14:31:25+00:00","breadcrumb":{"@id":"https:\/\/www.murve.um.si\/?page_id=41&lang=en#breadcrumb"},"inLanguage":"sl-SI","potentialAction":[{"@type":"ReadAction","target":["https:\/\/www.murve.um.si\/?page_id=41&lang=en"]}]},{"@type":"ImageObject","inLanguage":"sl-SI","@id":"https:\/\/www.murve.um.si\/?page_id=41&lang=en#primaryimage","url":"http:\/\/murve.um.si\/wp-content\/uploads\/2017\/02\/bela-murva.jpg","contentUrl":"http:\/\/murve.um.si\/wp-content\/uploads\/2017\/02\/bela-murva.jpg"},{"@type":"BreadcrumbList","@id":"https:\/\/www.murve.um.si\/?page_id=41&lang=en#breadcrumb","itemListElement":[{"@type":"ListItem","position":1,"name":"Home","item":"http:\/\/www.murve.um.si\/?page_id=27&lang=en"},{"@type":"ListItem","position":2,"name":"White mulberry"}]},{"@type":"WebSite","@id":"https:\/\/www.murve.um.si\/#website","url":"https:\/\/www.murve.um.si\/","name":"murve.um.si","description":"Projekt murve","publisher":{"@id":"https:\/\/www.murve.um.si\/#organization"},"potentialAction":[{"@type":"SearchAction","target":{"@type":"EntryPoint","urlTemplate":"https:\/\/www.murve.um.si\/?s={search_term_string}"},"query-input":{"@type":"PropertyValueSpecification","valueRequired":true,"valueName":"search_term_string"}}],"inLanguage":"sl-SI"},{"@type":"Organization","@id":"https:\/\/www.murve.um.si\/#organization","name":"murve.um.si","url":"https:\/\/www.murve.um.si\/","logo":{"@type":"ImageObject","inLanguage":"sl-SI","@id":"https:\/\/www.murve.um.si\/#\/schema\/logo\/image\/","url":"https:\/\/www.murve.um.si\/wp-content\/uploads\/2017\/08\/logo-pop2.jpg","contentUrl":"https:\/\/www.murve.um.si\/wp-content\/uploads\/2017\/08\/logo-pop2.jpg","width":3281,"height":3593,"caption":"murve.um.si"},"image":{"@id":"https:\/\/www.murve.um.si\/#\/schema\/logo\/image\/"}}]}},"_links":{"self":[{"href":"https:\/\/www.murve.um.si\/index.php?rest_route=\/wp\/v2\/pages\/41","targetHints":{"allow":["GET"]}}],"collection":[{"href":"https:\/\/www.murve.um.si\/index.php?rest_route=\/wp\/v2\/pages"}],"about":[{"href":"https:\/\/www.murve.um.si\/index.php?rest_route=\/wp\/v2\/types\/page"}],"author":[{"embeddable":true,"href":"https:\/\/www.murve.um.si\/index.php?rest_route=\/wp\/v2\/users\/3"}],"replies":[{"embeddable":true,"href":"https:\/\/www.murve.um.si\/index.php?rest_route=%2Fwp%2Fv2%2Fcomments&post=41"}],"version-history":[{"count":9,"href":"https:\/\/www.murve.um.si\/index.php?rest_route=\/wp\/v2\/pages\/41\/revisions"}],"predecessor-version":[{"id":271,"href":"https:\/\/www.murve.um.si\/index.php?rest_route=\/wp\/v2\/pages\/41\/revisions\/271"}],"wp:attachment":[{"href":"https:\/\/www.murve.um.si\/index.php?rest_route=%2Fwp%2Fv2%2Fmedia&parent=41"}],"curies":[{"name":"wp","href":"https:\/\/api.w.org\/{rel}","templated":true}]}}