{"id":409,"date":"2017-03-22T13:45:12","date_gmt":"2017-03-22T12:45:12","guid":{"rendered":"http:\/\/murve.um.si\/?page_id=409"},"modified":"2017-11-13T11:20:34","modified_gmt":"2017-11-13T10:20:34","slug":"prijavi-murvo","status":"publish","type":"page","link":"https:\/\/www.murve.um.si\/?page_id=409&lang=sl","title":{"rendered":"Prijavi murvo"},"content":{"rendered":"<div id=\"pl-409\"  class=\"panel-layout\" ><div id=\"pg-409-0\"  class=\"panel-grid panel-no-style\" ><div id=\"pgc-409-0-0\"  class=\"panel-grid-cell\" ><div id=\"panel-409-0-0-0\" class=\"so-panel widget widget_sow-editor panel-first-child panel-last-child\" data-index=\"0\" ><div\n\t\t\t\n\t\t\tclass=\"so-widget-sow-editor so-widget-sow-editor-base\"\n\t\t\t\n\t\t>\n<div class=\"siteorigin-widget-tinymce textwidget\">\n\t\n<div class=\"wpcf7 no-js\" id=\"wpcf7-f1031-o1\" lang=\"sl-SI\" dir=\"ltr\" data-wpcf7-id=\"1031\">\n<div class=\"screen-reader-response\"><p role=\"status\" aria-live=\"polite\" aria-atomic=\"true\"><\/p> <ul><\/ul><\/div>\n<form action=\"\/index.php?rest_route=%2Fwp%2Fv2%2Fpages%2F409#wpcf7-f1031-o1\" method=\"post\" class=\"wpcf7-form init\" aria-label=\"Kontaktni obrazec\" enctype=\"multipart\/form-data\" novalidate=\"novalidate\" data-status=\"init\">\n<fieldset class=\"hidden-fields-container\"><input type=\"hidden\" name=\"_wpcf7\" value=\"1031\" \/><input type=\"hidden\" name=\"_wpcf7_version\" value=\"6.1.5\" \/><input type=\"hidden\" name=\"_wpcf7_locale\" value=\"sl_SI\" \/><input type=\"hidden\" name=\"_wpcf7_unit_tag\" value=\"wpcf7-f1031-o1\" \/><input type=\"hidden\" name=\"_wpcf7_container_post\" value=\"0\" \/><input type=\"hidden\" name=\"_wpcf7_posted_data_hash\" value=\"\" \/>\n<\/fieldset>\n<p><label> Obseg doprsne vi\u0161ine (cm)<br \/>\n<span class=\"wpcf7-form-control-wrap\" data-name=\"doprsna-visina\"><input size=\"40\" maxlength=\"400\" class=\"wpcf7-form-control wpcf7-text\" aria-invalid=\"false\" value=\"\" type=\"text\" name=\"doprsna-visina\" \/><\/span> <\/label>\n<\/p>\n<p><label> Barva soplodja je:<br \/>\n<span class=\"wpcf7-form-control-wrap\" data-name=\"barva-soplodja\"><span class=\"wpcf7-form-control wpcf7-checkbox wpcf7-exclusive-checkbox\"><span class=\"wpcf7-list-item first\"><input type=\"checkbox\" name=\"barva-soplodja\" value=\"Belo\" \/><span class=\"wpcf7-list-item-label\">Belo<\/span><\/span><span class=\"wpcf7-list-item\"><input type=\"checkbox\" name=\"barva-soplodja\" value=\"Ro\u017enato\" \/><span class=\"wpcf7-list-item-label\">Ro\u017enato<\/span><\/span><span class=\"wpcf7-list-item\"><input type=\"checkbox\" name=\"barva-soplodja\" value=\"\u0160krlatno\" \/><span class=\"wpcf7-list-item-label\">\u0160krlatno<\/span><\/span><span class=\"wpcf7-list-item\"><input type=\"checkbox\" name=\"barva-soplodja\" value=\"\u010crno\" \/><span class=\"wpcf7-list-item-label\">\u010crno<\/span><\/span><span class=\"wpcf7-list-item last\"><input type=\"checkbox\" name=\"barva-soplodja\" value=\"\u0160e ne rodi\" \/><span class=\"wpcf7-list-item-label\">\u0160e ne rodi<\/span><\/span><\/span><\/span> <\/label>\n<\/p>\n<p><label> Spodnja stran listja<br \/>\n<span class=\"wpcf7-form-control-wrap\" data-name=\"listje-spodaj\"><span class=\"wpcf7-form-control wpcf7-checkbox wpcf7-exclusive-checkbox\"><span class=\"wpcf7-list-item first\"><input type=\"checkbox\" name=\"listje-spodaj\" value=\"Mehko dlakava po celotni povr\u0161ini\" \/><span class=\"wpcf7-list-item-label\">Mehko dlakava po celotni povr\u0161ini<\/span><\/span><span class=\"wpcf7-list-item last\"><input type=\"checkbox\" name=\"listje-spodaj\" value=\"Gola ali dlakava samo po \u017eilah\" \/><span class=\"wpcf7-list-item-label\">Gola ali dlakava samo po \u017eilah<\/span><\/span><\/span><\/span> <\/label>\n<\/p>\n<p><label> Ime in priimek<br \/>\n<span class=\"wpcf7-form-control-wrap\" data-name=\"ime-priimek\"><input size=\"40\" maxlength=\"400\" class=\"wpcf7-form-control wpcf7-text wpcf7-validates-as-required\" aria-required=\"true\" aria-invalid=\"false\" value=\"\" type=\"text\" name=\"ime-priimek\" \/><\/span> <\/label>\n<\/p>\n<p><label> Naslov<br \/>\n<span class=\"wpcf7-form-control-wrap\" data-name=\"naslov\"><input size=\"40\" maxlength=\"400\" class=\"wpcf7-form-control wpcf7-text wpcf7-validates-as-required\" aria-required=\"true\" aria-invalid=\"false\" value=\"\" type=\"text\" name=\"naslov\" \/><\/span> <\/label>\n<\/p>\n<p><label> Telefonska \u0161tevilka<br \/>\n<span class=\"wpcf7-form-control-wrap\" data-name=\"telefon\"><input size=\"40\" maxlength=\"400\" class=\"wpcf7-form-control wpcf7-text wpcf7-validates-as-required\" aria-required=\"true\" aria-invalid=\"false\" value=\"\" type=\"text\" name=\"telefon\" \/><\/span> <\/label>\n<\/p>\n<p><label> e-po\u0161ta<br \/>\n<span class=\"wpcf7-form-control-wrap\" data-name=\"your-email\"><input size=\"40\" maxlength=\"400\" class=\"wpcf7-form-control wpcf7-email wpcf7-validates-as-required wpcf7-text wpcf7-validates-as-email\" aria-required=\"true\" aria-invalid=\"false\" value=\"\" type=\"email\" name=\"your-email\" \/><\/span> <\/label>\n<\/p>\n<p><label> Vnos osebnih podatkov ni obvezen. V kolikor nam jih zaupate, slu\u017eijo v namen pri morebitnem terenskem vzor\u010denju dreves.<br \/>\n<span class=\"wpcf7-form-control-wrap\" data-name=\"vnos-podatkov\"><span class=\"wpcf7-form-control wpcf7-checkbox wpcf7-validates-as-required wpcf7-exclusive-checkbox\"><span class=\"wpcf7-list-item first\"><input type=\"checkbox\" name=\"vnos-podatkov\" value=\"DA\" \/><span class=\"wpcf7-list-item-label\">DA<\/span><\/span><span class=\"wpcf7-list-item last\"><input type=\"checkbox\" name=\"vnos-podatkov\" value=\"NE\" \/><span class=\"wpcf7-list-item-label\">NE<\/span><\/span><\/span><\/span> <\/label>\n<\/p>\n<p><label> Sogla\u0161am, da se lokacija drevesa objavi na digitalnem zemljevidu.<br \/>\n<span class=\"wpcf7-form-control-wrap\" data-name=\"soglasje\"><span class=\"wpcf7-form-control wpcf7-checkbox wpcf7-validates-as-required wpcf7-exclusive-checkbox\"><span class=\"wpcf7-list-item first\"><input type=\"checkbox\" name=\"soglasje\" value=\"DA\" \/><span class=\"wpcf7-list-item-label\">DA<\/span><\/span><span class=\"wpcf7-list-item last\"><input type=\"checkbox\" name=\"soglasje\" value=\"NE\" \/><span class=\"wpcf7-list-item-label\">NE<\/span><\/span><\/span><\/span> <\/label>\n<\/p>\n<p><label> Dodatno sporo\u010dilo:<br \/>\n<span class=\"wpcf7-form-control-wrap\" data-name=\"your-message\"><textarea cols=\"40\" rows=\"10\" maxlength=\"2000\" class=\"wpcf7-form-control wpcf7-textarea\" aria-invalid=\"false\" name=\"your-message\"><\/textarea><\/span> <\/label>\n<\/p>\n<p><label> Dodaj fotografijo<br \/>\n<span class=\"wpcf7-form-control-wrap\" data-name=\"file-334\"><input size=\"40\" class=\"wpcf7-form-control wpcf7-file\" accept=\"audio\/*,video\/*,image\/*\" aria-invalid=\"false\" type=\"file\" name=\"file-334\" \/><\/span> <\/label>\n<\/p>\n<p><input class=\"wpcf7-form-control wpcf7-submit has-spinner\" type=\"submit\" value=\"Po\u0161lji\" \/>\n<\/p><div class=\"wpcf7-response-output\" aria-hidden=\"true\"><\/div>\n<\/form>\n<\/div>\n\n<\/div>\n<\/div><\/div><\/div><\/div><\/div>","protected":false},"excerpt":{"rendered":"<p>Obseg doprsne vi\u0161ine (cm) Barva soplodja je: BeloRo\u017enato\u0160krlatno\u010crno\u0160e ne rodi Spodnja stran listja Mehko dlakava po celotni povr\u0161iniGola ali dlakava samo po \u017eilah Ime in priimek Naslov Telefonska \u0161tevilka e-po\u0161ta Vnos osebnih podatkov ni obvezen. V kolikor nam jih zaupate, slu\u017eijo v namen pri morebitnem terenskem vzor\u010denju dreves. DANE Sogla\u0161am, da se lokacija drevesa objaviContinue reading &rarr;<\/p>\n","protected":false},"author":3,"featured_media":0,"parent":0,"menu_order":0,"comment_status":"closed","ping_status":"closed","template":"","meta":{"ngg_post_thumbnail":0,"footnotes":""},"class_list":["post-409","page","type-page","status-publish","hentry","no-thumb"],"yoast_head":"<!-- This site is optimized with the Yoast SEO plugin v27.4 - https:\/\/yoast.com\/product\/yoast-seo-wordpress\/ -->\n<title>Prijavi murvo - murve.um.si<\/title>\n<meta name=\"robots\" content=\"index, follow, max-snippet:-1, max-image-preview:large, max-video-preview:-1\" \/>\n<link rel=\"canonical\" href=\"https:\/\/www.murve.um.si\/?page_id=409&lang=sl\" \/>\n<meta property=\"og:locale\" content=\"sl_SI\" \/>\n<meta property=\"og:type\" content=\"article\" \/>\n<meta property=\"og:title\" content=\"Prijavi murvo - murve.um.si\" \/>\n<meta property=\"og:description\" content=\"Obseg doprsne vi\u0161ine (cm) Barva soplodja je: BeloRo\u017enato\u0160krlatno\u010crno\u0160e ne rodi Spodnja stran listja Mehko dlakava po celotni povr\u0161iniGola ali dlakava samo po \u017eilah Ime in priimek Naslov Telefonska \u0161tevilka e-po\u0161ta Vnos osebnih podatkov ni obvezen. V kolikor nam jih zaupate, slu\u017eijo v namen pri morebitnem terenskem vzor\u010denju dreves. DANE Sogla\u0161am, da se lokacija drevesa objaviContinue reading &rarr;\" \/>\n<meta property=\"og:url\" content=\"https:\/\/www.murve.um.si\/?page_id=409&amp;lang=sl\" \/>\n<meta property=\"og:site_name\" content=\"murve.um.si\" \/>\n<meta property=\"article:modified_time\" content=\"2017-11-13T10:20:34+00:00\" \/>\n<meta name=\"twitter:card\" content=\"summary_large_image\" \/>\n<script type=\"application\/ld+json\" class=\"yoast-schema-graph\">{\"@context\":\"https:\\\/\\\/schema.org\",\"@graph\":[{\"@type\":\"WebPage\",\"@id\":\"https:\\\/\\\/www.murve.um.si\\\/?page_id=409&lang=sl\",\"url\":\"https:\\\/\\\/www.murve.um.si\\\/?page_id=409&lang=sl\",\"name\":\"Prijavi murvo - murve.um.si\",\"isPartOf\":{\"@id\":\"https:\\\/\\\/www.murve.um.si\\\/#website\"},\"datePublished\":\"2017-03-22T12:45:12+00:00\",\"dateModified\":\"2017-11-13T10:20:34+00:00\",\"breadcrumb\":{\"@id\":\"https:\\\/\\\/www.murve.um.si\\\/?page_id=409&lang=sl#breadcrumb\"},\"inLanguage\":\"sl-SI\",\"potentialAction\":[{\"@type\":\"ReadAction\",\"target\":[\"https:\\\/\\\/www.murve.um.si\\\/?page_id=409&lang=sl\"]}]},{\"@type\":\"BreadcrumbList\",\"@id\":\"https:\\\/\\\/www.murve.um.si\\\/?page_id=409&lang=sl#breadcrumb\",\"itemListElement\":[{\"@type\":\"ListItem\",\"position\":1,\"name\":\"Home\",\"item\":\"http:\\\/\\\/www.murve.um.si\\\/?page_id=27&lang=en\"},{\"@type\":\"ListItem\",\"position\":2,\"name\":\"Prijavi murvo\"}]},{\"@type\":\"WebSite\",\"@id\":\"https:\\\/\\\/www.murve.um.si\\\/#website\",\"url\":\"https:\\\/\\\/www.murve.um.si\\\/\",\"name\":\"murve.um.si\",\"description\":\"Projekt murve\",\"publisher\":{\"@id\":\"https:\\\/\\\/www.murve.um.si\\\/#organization\"},\"potentialAction\":[{\"@type\":\"SearchAction\",\"target\":{\"@type\":\"EntryPoint\",\"urlTemplate\":\"https:\\\/\\\/www.murve.um.si\\\/?s={search_term_string}\"},\"query-input\":{\"@type\":\"PropertyValueSpecification\",\"valueRequired\":true,\"valueName\":\"search_term_string\"}}],\"inLanguage\":\"sl-SI\"},{\"@type\":\"Organization\",\"@id\":\"https:\\\/\\\/www.murve.um.si\\\/#organization\",\"name\":\"murve.um.si\",\"url\":\"https:\\\/\\\/www.murve.um.si\\\/\",\"logo\":{\"@type\":\"ImageObject\",\"inLanguage\":\"sl-SI\",\"@id\":\"https:\\\/\\\/www.murve.um.si\\\/#\\\/schema\\\/logo\\\/image\\\/\",\"url\":\"https:\\\/\\\/www.murve.um.si\\\/wp-content\\\/uploads\\\/2017\\\/08\\\/logo-pop2.jpg\",\"contentUrl\":\"https:\\\/\\\/www.murve.um.si\\\/wp-content\\\/uploads\\\/2017\\\/08\\\/logo-pop2.jpg\",\"width\":3281,\"height\":3593,\"caption\":\"murve.um.si\"},\"image\":{\"@id\":\"https:\\\/\\\/www.murve.um.si\\\/#\\\/schema\\\/logo\\\/image\\\/\"}}]}<\/script>\n<!-- \/ Yoast SEO plugin. -->","yoast_head_json":{"title":"Prijavi murvo - murve.um.si","robots":{"index":"index","follow":"follow","max-snippet":"max-snippet:-1","max-image-preview":"max-image-preview:large","max-video-preview":"max-video-preview:-1"},"canonical":"https:\/\/www.murve.um.si\/?page_id=409&lang=sl","og_locale":"sl_SI","og_type":"article","og_title":"Prijavi murvo - murve.um.si","og_description":"Obseg doprsne vi\u0161ine (cm) Barva soplodja je: BeloRo\u017enato\u0160krlatno\u010crno\u0160e ne rodi Spodnja stran listja Mehko dlakava po celotni povr\u0161iniGola ali dlakava samo po \u017eilah Ime in priimek Naslov Telefonska \u0161tevilka e-po\u0161ta Vnos osebnih podatkov ni obvezen. V kolikor nam jih zaupate, slu\u017eijo v namen pri morebitnem terenskem vzor\u010denju dreves. DANE Sogla\u0161am, da se lokacija drevesa objaviContinue reading &rarr;","og_url":"https:\/\/www.murve.um.si\/?page_id=409&lang=sl","og_site_name":"murve.um.si","article_modified_time":"2017-11-13T10:20:34+00:00","twitter_card":"summary_large_image","schema":{"@context":"https:\/\/schema.org","@graph":[{"@type":"WebPage","@id":"https:\/\/www.murve.um.si\/?page_id=409&lang=sl","url":"https:\/\/www.murve.um.si\/?page_id=409&lang=sl","name":"Prijavi murvo - murve.um.si","isPartOf":{"@id":"https:\/\/www.murve.um.si\/#website"},"datePublished":"2017-03-22T12:45:12+00:00","dateModified":"2017-11-13T10:20:34+00:00","breadcrumb":{"@id":"https:\/\/www.murve.um.si\/?page_id=409&lang=sl#breadcrumb"},"inLanguage":"sl-SI","potentialAction":[{"@type":"ReadAction","target":["https:\/\/www.murve.um.si\/?page_id=409&lang=sl"]}]},{"@type":"BreadcrumbList","@id":"https:\/\/www.murve.um.si\/?page_id=409&lang=sl#breadcrumb","itemListElement":[{"@type":"ListItem","position":1,"name":"Home","item":"http:\/\/www.murve.um.si\/?page_id=27&lang=en"},{"@type":"ListItem","position":2,"name":"Prijavi murvo"}]},{"@type":"WebSite","@id":"https:\/\/www.murve.um.si\/#website","url":"https:\/\/www.murve.um.si\/","name":"murve.um.si","description":"Projekt murve","publisher":{"@id":"https:\/\/www.murve.um.si\/#organization"},"potentialAction":[{"@type":"SearchAction","target":{"@type":"EntryPoint","urlTemplate":"https:\/\/www.murve.um.si\/?s={search_term_string}"},"query-input":{"@type":"PropertyValueSpecification","valueRequired":true,"valueName":"search_term_string"}}],"inLanguage":"sl-SI"},{"@type":"Organization","@id":"https:\/\/www.murve.um.si\/#organization","name":"murve.um.si","url":"https:\/\/www.murve.um.si\/","logo":{"@type":"ImageObject","inLanguage":"sl-SI","@id":"https:\/\/www.murve.um.si\/#\/schema\/logo\/image\/","url":"https:\/\/www.murve.um.si\/wp-content\/uploads\/2017\/08\/logo-pop2.jpg","contentUrl":"https:\/\/www.murve.um.si\/wp-content\/uploads\/2017\/08\/logo-pop2.jpg","width":3281,"height":3593,"caption":"murve.um.si"},"image":{"@id":"https:\/\/www.murve.um.si\/#\/schema\/logo\/image\/"}}]}},"_links":{"self":[{"href":"https:\/\/www.murve.um.si\/index.php?rest_route=\/wp\/v2\/pages\/409","targetHints":{"allow":["GET"]}}],"collection":[{"href":"https:\/\/www.murve.um.si\/index.php?rest_route=\/wp\/v2\/pages"}],"about":[{"href":"https:\/\/www.murve.um.si\/index.php?rest_route=\/wp\/v2\/types\/page"}],"author":[{"embeddable":true,"href":"https:\/\/www.murve.um.si\/index.php?rest_route=\/wp\/v2\/users\/3"}],"replies":[{"embeddable":true,"href":"https:\/\/www.murve.um.si\/index.php?rest_route=%2Fwp%2Fv2%2Fcomments&post=409"}],"version-history":[{"count":20,"href":"https:\/\/www.murve.um.si\/index.php?rest_route=\/wp\/v2\/pages\/409\/revisions"}],"predecessor-version":[{"id":1042,"href":"https:\/\/www.murve.um.si\/index.php?rest_route=\/wp\/v2\/pages\/409\/revisions\/1042"}],"wp:attachment":[{"href":"https:\/\/www.murve.um.si\/index.php?rest_route=%2Fwp%2Fv2%2Fmedia&parent=409"}],"curies":[{"name":"wp","href":"https:\/\/api.w.org\/{rel}","templated":true}]}}