{"id":36,"date":"2017-02-28T22:37:26","date_gmt":"2017-02-28T21:37:26","guid":{"rendered":"http:\/\/murve.um.si\/?page_id=36"},"modified":"2022-11-24T10:59:49","modified_gmt":"2022-11-24T09:59:49","slug":"sistematika-razsirjenost-murv","status":"publish","type":"page","link":"https:\/\/www.murve.um.si\/?page_id=36&lang=sl","title":{"rendered":"Glavni prepoznavni znaki"},"content":{"rendered":"<p>Murve uvr\u0161\u010damo v dru\u017eino murvovk (Moraceae), v katero spadajo tudi rod smokvovec (<em>Ficus<\/em>), papirjevka (<em>Broussonetia<\/em>) in maklura (<em>Maclura<\/em>). Rod murv (<em>Morus<\/em>) je raz\u0161irjen na \u0161irokem obmo\u010dju tropskih, subtropskih in zmernih obmo\u010djih Azije, Evrope, Severne in Ju\u017ene Amerike ter Afrike med 50\u00ba severne in 10\u00ba ju\u017ene geografske \u0161irine.<\/p>\n<p>\u0160tevilo vrst v rodu <em>Morus<\/em>&nbsp;glede na razli\u010dne avtorje in metodologijo razlikovanja (genetski markerji, morfolo\u0161ki znaki) variira med 60 in vse do 150 razli\u010dnih vrst. Pri murvah pride pogosto do kri\u017eanja med vrstami in tudi do poliploidije, kar je tudi razlog za variiranje \u0161tevila vrst. Najbolj splo\u0161no prepoznavnih in sprejetih je med 10 in 16 vrst. Med njimi so<em> M. alba<\/em>, <em>M. latifolia<\/em>, <em>M. mutlicaulis<\/em> gojijo za listje, medtem ko je <em>M. nigra<\/em> pomembna za proizvodnjo sadja in <em>M. serrata<\/em> za les. Bela murva (<em>Morus alba<\/em> L.) je najprimernej\u0161a za hranjenje gosenic sviloprejke <em>Bombyx mori<\/em> L. (Vijayan in sod. 2014).<\/p>\n<p>\u010crna murva je v Sloveniji zelo redka, kljub temu da so podatki o raz\u0161irjenosti nepopolni \u2013 na podlagi barve plodov jo pogosto zamenjujejo s temnoplodnimi genotipi bele murve. Soplodja so pri beli murvi razlo\u010dno pecljata, pri \u010drni pa na kratkih pecljih ali skoraj sede\u010da. \u010crna murva ima ve\u010dja, bolj mesnata soplodja, ki so zelo aromati\u010dna.<\/p>\n<div id=\"attachment_1008\" style=\"width: 1376px\" class=\"wp-caption alignnone\"><img loading=\"lazy\" decoding=\"async\" aria-describedby=\"caption-attachment-1008\" class=\"wp-image-1008 size-full\" src=\"http:\/\/murve.um.si\/wp-content\/uploads\/2017\/02\/plod.png\" alt=\"\" width=\"1366\" height=\"483\" srcset=\"https:\/\/www.murve.um.si\/wp-content\/uploads\/2017\/02\/plod.png 1366w, https:\/\/www.murve.um.si\/wp-content\/uploads\/2017\/02\/plod-300x106.png 300w, https:\/\/www.murve.um.si\/wp-content\/uploads\/2017\/02\/plod-768x272.png 768w, https:\/\/www.murve.um.si\/wp-content\/uploads\/2017\/02\/plod-1024x362.png 1024w\" sizes=\"auto, (max-width: 1366px) 100vw, 1366px\" \/><p id=\"caption-attachment-1008\" class=\"wp-caption-text\">Foto: Polona Su\u0161nik in Johannes Rabensteiner<\/p><\/div>\n<p>Listi bele murve so dvoji, enostavni ali dlanasto krpati. Na zgornji strani so svetlo zeleni in ble\u0161\u010de\u010di, spodaj pa so samo ob \u017eilah dlakavi, kar je klju\u010dno pri prepoznavanju te vrste. Listi \u010drne murve so enostavni, \u0161iroko jaj\u010dasti, na dnu listne ploskve mo\u010dno sr\u010dasti z dlakavim, najve\u010d 2 cm dolgim pecljem. Za razliko od bele murve so na spodnji strani mo\u010dno dlakavi, kar daje srebrnkast izgled. Zgornja stran je temnozelena in hrapava.<\/p>\n<div id=\"attachment_1006\" style=\"width: 610px\" class=\"wp-caption aligncenter\"><img loading=\"lazy\" decoding=\"async\" aria-describedby=\"caption-attachment-1006\" class=\"wp-image-1006\" src=\"http:\/\/murve.um.si\/wp-content\/uploads\/2017\/02\/listt.png\" alt=\"\" width=\"600\" height=\"436\" srcset=\"https:\/\/www.murve.um.si\/wp-content\/uploads\/2017\/02\/listt.png 1010w, https:\/\/www.murve.um.si\/wp-content\/uploads\/2017\/02\/listt-300x218.png 300w, https:\/\/www.murve.um.si\/wp-content\/uploads\/2017\/02\/listt-768x557.png 768w\" sizes=\"auto, (max-width: 600px) 100vw, 600px\" \/><p id=\"caption-attachment-1006\" class=\"wp-caption-text\">Foto: Johannes Rabensteiner<\/p><\/div>\n<div id=\"attachment_1007\" style=\"width: 1234px\" class=\"wp-caption alignnone\"><img loading=\"lazy\" decoding=\"async\" aria-describedby=\"caption-attachment-1007\" class=\"wp-image-1007 size-full\" src=\"http:\/\/murve.um.si\/wp-content\/uploads\/2017\/02\/list.png\" alt=\"\" width=\"1224\" height=\"487\" srcset=\"https:\/\/www.murve.um.si\/wp-content\/uploads\/2017\/02\/list.png 1224w, https:\/\/www.murve.um.si\/wp-content\/uploads\/2017\/02\/list-300x119.png 300w, https:\/\/www.murve.um.si\/wp-content\/uploads\/2017\/02\/list-768x306.png 768w, https:\/\/www.murve.um.si\/wp-content\/uploads\/2017\/02\/list-1024x407.png 1024w\" sizes=\"auto, (max-width: 1224px) 100vw, 1224px\" \/><p id=\"caption-attachment-1007\" class=\"wp-caption-text\">Foto: Polona Su\u0161nik in Johannes Rabensteiner<\/p><\/div>\n<p>Listi so pri obeh vrstah enostavni ali dlanasto krpati, zna\u010dilna je o\u010ditna heterofilija.&nbsp;Tendenca k tvorjenju krpatih listov je odvisna od genotipa in starosti listov in poganjkov.<\/p>\n<div id=\"attachment_1017\" style=\"width: 610px\" class=\"wp-caption aligncenter\"><img loading=\"lazy\" decoding=\"async\" aria-describedby=\"caption-attachment-1017\" class=\"wp-image-1017\" src=\"http:\/\/murve.um.si\/wp-content\/uploads\/2017\/02\/23232111_10214292229680089_875996259_n.jpg\" alt=\"\" width=\"600\" height=\"600\" srcset=\"https:\/\/www.murve.um.si\/wp-content\/uploads\/2017\/02\/23232111_10214292229680089_875996259_n.jpg 1000w, https:\/\/www.murve.um.si\/wp-content\/uploads\/2017\/02\/23232111_10214292229680089_875996259_n-150x150.jpg 150w, https:\/\/www.murve.um.si\/wp-content\/uploads\/2017\/02\/23232111_10214292229680089_875996259_n-300x300.jpg 300w, https:\/\/www.murve.um.si\/wp-content\/uploads\/2017\/02\/23232111_10214292229680089_875996259_n-768x768.jpg 768w\" sizes=\"auto, (max-width: 600px) 100vw, 600px\" \/><p id=\"caption-attachment-1017\" class=\"wp-caption-text\">Foto: Polona Su\u0161nik<\/p><\/div>\n<p>Pomemben razlikovalni znak so tudi oblika in velikost zalistnih brstov ter barva mladih poganjkov. Poganjki so pri beli murvi sprva dlakavi in pozneje goli, rumenosivi, pri \u010drni pa so bolj debeli, temnej\u0161i in dlakavi. Bela murva ima&nbsp;kratke, \u0161iroko jaj\u010daste in kratko za\u0161iljene brste, \u010drna pa sto\u017e\u010daste, rjave, ble\u0161\u010de\u010de.<\/p>\n<div id=\"attachment_1004\" style=\"width: 611px\" class=\"wp-caption aligncenter\"><img loading=\"lazy\" decoding=\"async\" aria-describedby=\"caption-attachment-1004\" class=\"wp-image-1004\" src=\"http:\/\/murve.um.si\/wp-content\/uploads\/2017\/02\/poganjk.png\" alt=\"\" width=\"601\" height=\"463\" srcset=\"https:\/\/www.murve.um.si\/wp-content\/uploads\/2017\/02\/poganjk.png 851w, https:\/\/www.murve.um.si\/wp-content\/uploads\/2017\/02\/poganjk-300x231.png 300w, https:\/\/www.murve.um.si\/wp-content\/uploads\/2017\/02\/poganjk-768x591.png 768w\" sizes=\"auto, (max-width: 601px) 100vw, 601px\" \/><p id=\"caption-attachment-1004\" class=\"wp-caption-text\">Foto: Johannes Rabensteiner<\/p><\/div>\n<div class=\"mceTemp\"><\/div>\n<p>Bela murva je listopadno do 18 metrov visoko drevo. Deblo je kratko in gr\u010davo, skorja je rde\u010dkastorjava, vzdol\u017eno razpokana, kro\u0161nja pa je redka. \u010crna murva je praviloma ni\u017eja, ra\u0161\u010dena krivo, zavito z gr\u010dami, zanjo je zna\u010dilna \u0161iroka, gosta kro\u0161nja.<\/p>\n<div id=\"attachment_1015\" style=\"width: 920px\" class=\"wp-caption alignnone\"><img loading=\"lazy\" decoding=\"async\" aria-describedby=\"caption-attachment-1015\" class=\"wp-image-1015\" src=\"http:\/\/murve.um.si\/wp-content\/uploads\/2017\/02\/krosnja.png\" alt=\"\" width=\"910\" height=\"414\" srcset=\"https:\/\/www.murve.um.si\/wp-content\/uploads\/2017\/02\/krosnja.png 1366w, https:\/\/www.murve.um.si\/wp-content\/uploads\/2017\/02\/krosnja-300x136.png 300w, https:\/\/www.murve.um.si\/wp-content\/uploads\/2017\/02\/krosnja-768x349.png 768w, https:\/\/www.murve.um.si\/wp-content\/uploads\/2017\/02\/krosnja-1024x466.png 1024w\" sizes=\"auto, (max-width: 910px) 100vw, 910px\" \/><p id=\"caption-attachment-1015\" class=\"wp-caption-text\">Foto: Polona Su\u0161nik in Andreja Urbanek Kranjc<\/p><\/div>\n<p>Zadnja leta je precej bolj kot bela ali \u010drna murva popularno zasajanje okrasnih pove\u0161avih razli\u010dkov bele murve, t.i. tip &#8220;pendula&#8221;, ki pa so nizki in ne tvorijo plodov.<\/p>\n<div id=\"attachment_1019\" style=\"width: 413px\" class=\"wp-caption aligncenter\"><img loading=\"lazy\" decoding=\"async\" aria-describedby=\"caption-attachment-1019\" class=\"wp-image-1019\" src=\"http:\/\/murve.um.si\/wp-content\/uploads\/2017\/02\/GMS2327-1.jpg\" alt=\"\" width=\"403\" height=\"543\" srcset=\"https:\/\/www.murve.um.si\/wp-content\/uploads\/2017\/02\/GMS2327-1.jpg 569w, https:\/\/www.murve.um.si\/wp-content\/uploads\/2017\/02\/GMS2327-1-223x300.jpg 223w\" sizes=\"auto, (max-width: 403px) 100vw, 403px\" \/><p id=\"caption-attachment-1019\" class=\"wp-caption-text\">Foto: Polona Su\u0161nik<\/p><\/div>\n<p>Raz\u0161irjenost murv je v Sloveniji zaenkrat slabo poznana. V okviru terenskega dela na projektu smo \u017ee popisali ve\u010d kot 600 dreves belih murv in 4 \u010drne. Podrobni zemljevidi raz\u0161irjenosti (tudi iz Mad\u017earske) so na zavihkih o posameznih vrstah.<\/p>\n","protected":false},"excerpt":{"rendered":"<p>Murve uvr\u0161\u010damo v dru\u017eino murvovk (Moraceae), v katero spadajo tudi rod smokvovec (Ficus), papirjevka (Broussonetia) in maklura (Maclura). Rod murv (Morus) je raz\u0161irjen na \u0161irokem obmo\u010dju tropskih, subtropskih in zmernih obmo\u010djih Azije, Evrope, Severne in Ju\u017ene Amerike ter Afrike med 50\u00ba severne in 10\u00ba ju\u017ene geografske \u0161irine. \u0160tevilo vrst v rodu Morus&nbsp;glede na razli\u010dne avtorjeContinue reading &rarr;<\/p>\n","protected":false},"author":4,"featured_media":0,"parent":0,"menu_order":2,"comment_status":"closed","ping_status":"closed","template":"","meta":{"ngg_post_thumbnail":0,"footnotes":""},"class_list":["post-36","page","type-page","status-publish","hentry","no-thumb"],"yoast_head":"<!-- This site is optimized with the Yoast SEO plugin v27.4 - https:\/\/yoast.com\/product\/yoast-seo-wordpress\/ -->\n<title>Glavni prepoznavni znaki - murve.um.si<\/title>\n<meta name=\"robots\" content=\"index, follow, max-snippet:-1, max-image-preview:large, max-video-preview:-1\" \/>\n<link rel=\"canonical\" href=\"https:\/\/www.murve.um.si\/?page_id=36&lang=sl\" \/>\n<meta property=\"og:locale\" content=\"sl_SI\" \/>\n<meta property=\"og:type\" content=\"article\" \/>\n<meta property=\"og:title\" content=\"Glavni prepoznavni znaki - murve.um.si\" \/>\n<meta property=\"og:description\" content=\"Murve uvr\u0161\u010damo v dru\u017eino murvovk (Moraceae), v katero spadajo tudi rod smokvovec (Ficus), papirjevka (Broussonetia) in maklura (Maclura). Rod murv (Morus) je raz\u0161irjen na \u0161irokem obmo\u010dju tropskih, subtropskih in zmernih obmo\u010djih Azije, Evrope, Severne in Ju\u017ene Amerike ter Afrike med 50\u00ba severne in 10\u00ba ju\u017ene geografske \u0161irine. \u0160tevilo vrst v rodu Morus&nbsp;glede na razli\u010dne avtorjeContinue reading &rarr;\" \/>\n<meta property=\"og:url\" content=\"https:\/\/www.murve.um.si\/?page_id=36&amp;lang=sl\" \/>\n<meta property=\"og:site_name\" content=\"murve.um.si\" \/>\n<meta property=\"article:modified_time\" content=\"2022-11-24T09:59:49+00:00\" \/>\n<meta property=\"og:image\" content=\"http:\/\/murve.um.si\/wp-content\/uploads\/2017\/02\/plod.png\" \/>\n<meta name=\"twitter:card\" content=\"summary_large_image\" \/>\n<meta name=\"twitter:label1\" content=\"Est. reading time\" \/>\n\t<meta name=\"twitter:data1\" content=\"5 minut\" \/>\n<script type=\"application\/ld+json\" class=\"yoast-schema-graph\">{\"@context\":\"https:\\\/\\\/schema.org\",\"@graph\":[{\"@type\":\"WebPage\",\"@id\":\"https:\\\/\\\/www.murve.um.si\\\/?page_id=36&lang=sl\",\"url\":\"https:\\\/\\\/www.murve.um.si\\\/?page_id=36&lang=sl\",\"name\":\"Glavni prepoznavni znaki - murve.um.si\",\"isPartOf\":{\"@id\":\"https:\\\/\\\/www.murve.um.si\\\/#website\"},\"primaryImageOfPage\":{\"@id\":\"https:\\\/\\\/www.murve.um.si\\\/?page_id=36&lang=sl#primaryimage\"},\"image\":{\"@id\":\"https:\\\/\\\/www.murve.um.si\\\/?page_id=36&lang=sl#primaryimage\"},\"thumbnailUrl\":\"http:\\\/\\\/murve.um.si\\\/wp-content\\\/uploads\\\/2017\\\/02\\\/plod.png\",\"datePublished\":\"2017-02-28T21:37:26+00:00\",\"dateModified\":\"2022-11-24T09:59:49+00:00\",\"breadcrumb\":{\"@id\":\"https:\\\/\\\/www.murve.um.si\\\/?page_id=36&lang=sl#breadcrumb\"},\"inLanguage\":\"sl-SI\",\"potentialAction\":[{\"@type\":\"ReadAction\",\"target\":[\"https:\\\/\\\/www.murve.um.si\\\/?page_id=36&lang=sl\"]}]},{\"@type\":\"ImageObject\",\"inLanguage\":\"sl-SI\",\"@id\":\"https:\\\/\\\/www.murve.um.si\\\/?page_id=36&lang=sl#primaryimage\",\"url\":\"http:\\\/\\\/murve.um.si\\\/wp-content\\\/uploads\\\/2017\\\/02\\\/plod.png\",\"contentUrl\":\"http:\\\/\\\/murve.um.si\\\/wp-content\\\/uploads\\\/2017\\\/02\\\/plod.png\"},{\"@type\":\"BreadcrumbList\",\"@id\":\"https:\\\/\\\/www.murve.um.si\\\/?page_id=36&lang=sl#breadcrumb\",\"itemListElement\":[{\"@type\":\"ListItem\",\"position\":1,\"name\":\"Home\",\"item\":\"http:\\\/\\\/www.murve.um.si\\\/?page_id=27&lang=en\"},{\"@type\":\"ListItem\",\"position\":2,\"name\":\"Glavni prepoznavni znaki\"}]},{\"@type\":\"WebSite\",\"@id\":\"https:\\\/\\\/www.murve.um.si\\\/#website\",\"url\":\"https:\\\/\\\/www.murve.um.si\\\/\",\"name\":\"murve.um.si\",\"description\":\"Projekt murve\",\"publisher\":{\"@id\":\"https:\\\/\\\/www.murve.um.si\\\/#organization\"},\"potentialAction\":[{\"@type\":\"SearchAction\",\"target\":{\"@type\":\"EntryPoint\",\"urlTemplate\":\"https:\\\/\\\/www.murve.um.si\\\/?s={search_term_string}\"},\"query-input\":{\"@type\":\"PropertyValueSpecification\",\"valueRequired\":true,\"valueName\":\"search_term_string\"}}],\"inLanguage\":\"sl-SI\"},{\"@type\":\"Organization\",\"@id\":\"https:\\\/\\\/www.murve.um.si\\\/#organization\",\"name\":\"murve.um.si\",\"url\":\"https:\\\/\\\/www.murve.um.si\\\/\",\"logo\":{\"@type\":\"ImageObject\",\"inLanguage\":\"sl-SI\",\"@id\":\"https:\\\/\\\/www.murve.um.si\\\/#\\\/schema\\\/logo\\\/image\\\/\",\"url\":\"https:\\\/\\\/www.murve.um.si\\\/wp-content\\\/uploads\\\/2017\\\/08\\\/logo-pop2.jpg\",\"contentUrl\":\"https:\\\/\\\/www.murve.um.si\\\/wp-content\\\/uploads\\\/2017\\\/08\\\/logo-pop2.jpg\",\"width\":3281,\"height\":3593,\"caption\":\"murve.um.si\"},\"image\":{\"@id\":\"https:\\\/\\\/www.murve.um.si\\\/#\\\/schema\\\/logo\\\/image\\\/\"}}]}<\/script>\n<!-- \/ Yoast SEO plugin. -->","yoast_head_json":{"title":"Glavni prepoznavni znaki - murve.um.si","robots":{"index":"index","follow":"follow","max-snippet":"max-snippet:-1","max-image-preview":"max-image-preview:large","max-video-preview":"max-video-preview:-1"},"canonical":"https:\/\/www.murve.um.si\/?page_id=36&lang=sl","og_locale":"sl_SI","og_type":"article","og_title":"Glavni prepoznavni znaki - murve.um.si","og_description":"Murve uvr\u0161\u010damo v dru\u017eino murvovk (Moraceae), v katero spadajo tudi rod smokvovec (Ficus), papirjevka (Broussonetia) in maklura (Maclura). Rod murv (Morus) je raz\u0161irjen na \u0161irokem obmo\u010dju tropskih, subtropskih in zmernih obmo\u010djih Azije, Evrope, Severne in Ju\u017ene Amerike ter Afrike med 50\u00ba severne in 10\u00ba ju\u017ene geografske \u0161irine. \u0160tevilo vrst v rodu Morus&nbsp;glede na razli\u010dne avtorjeContinue reading &rarr;","og_url":"https:\/\/www.murve.um.si\/?page_id=36&lang=sl","og_site_name":"murve.um.si","article_modified_time":"2022-11-24T09:59:49+00:00","og_image":[{"url":"http:\/\/murve.um.si\/wp-content\/uploads\/2017\/02\/plod.png","type":"","width":"","height":""}],"twitter_card":"summary_large_image","twitter_misc":{"Est. reading time":"5 minut"},"schema":{"@context":"https:\/\/schema.org","@graph":[{"@type":"WebPage","@id":"https:\/\/www.murve.um.si\/?page_id=36&lang=sl","url":"https:\/\/www.murve.um.si\/?page_id=36&lang=sl","name":"Glavni prepoznavni znaki - murve.um.si","isPartOf":{"@id":"https:\/\/www.murve.um.si\/#website"},"primaryImageOfPage":{"@id":"https:\/\/www.murve.um.si\/?page_id=36&lang=sl#primaryimage"},"image":{"@id":"https:\/\/www.murve.um.si\/?page_id=36&lang=sl#primaryimage"},"thumbnailUrl":"http:\/\/murve.um.si\/wp-content\/uploads\/2017\/02\/plod.png","datePublished":"2017-02-28T21:37:26+00:00","dateModified":"2022-11-24T09:59:49+00:00","breadcrumb":{"@id":"https:\/\/www.murve.um.si\/?page_id=36&lang=sl#breadcrumb"},"inLanguage":"sl-SI","potentialAction":[{"@type":"ReadAction","target":["https:\/\/www.murve.um.si\/?page_id=36&lang=sl"]}]},{"@type":"ImageObject","inLanguage":"sl-SI","@id":"https:\/\/www.murve.um.si\/?page_id=36&lang=sl#primaryimage","url":"http:\/\/murve.um.si\/wp-content\/uploads\/2017\/02\/plod.png","contentUrl":"http:\/\/murve.um.si\/wp-content\/uploads\/2017\/02\/plod.png"},{"@type":"BreadcrumbList","@id":"https:\/\/www.murve.um.si\/?page_id=36&lang=sl#breadcrumb","itemListElement":[{"@type":"ListItem","position":1,"name":"Home","item":"http:\/\/www.murve.um.si\/?page_id=27&lang=en"},{"@type":"ListItem","position":2,"name":"Glavni prepoznavni znaki"}]},{"@type":"WebSite","@id":"https:\/\/www.murve.um.si\/#website","url":"https:\/\/www.murve.um.si\/","name":"murve.um.si","description":"Projekt murve","publisher":{"@id":"https:\/\/www.murve.um.si\/#organization"},"potentialAction":[{"@type":"SearchAction","target":{"@type":"EntryPoint","urlTemplate":"https:\/\/www.murve.um.si\/?s={search_term_string}"},"query-input":{"@type":"PropertyValueSpecification","valueRequired":true,"valueName":"search_term_string"}}],"inLanguage":"sl-SI"},{"@type":"Organization","@id":"https:\/\/www.murve.um.si\/#organization","name":"murve.um.si","url":"https:\/\/www.murve.um.si\/","logo":{"@type":"ImageObject","inLanguage":"sl-SI","@id":"https:\/\/www.murve.um.si\/#\/schema\/logo\/image\/","url":"https:\/\/www.murve.um.si\/wp-content\/uploads\/2017\/08\/logo-pop2.jpg","contentUrl":"https:\/\/www.murve.um.si\/wp-content\/uploads\/2017\/08\/logo-pop2.jpg","width":3281,"height":3593,"caption":"murve.um.si"},"image":{"@id":"https:\/\/www.murve.um.si\/#\/schema\/logo\/image\/"}}]}},"_links":{"self":[{"href":"https:\/\/www.murve.um.si\/index.php?rest_route=\/wp\/v2\/pages\/36","targetHints":{"allow":["GET"]}}],"collection":[{"href":"https:\/\/www.murve.um.si\/index.php?rest_route=\/wp\/v2\/pages"}],"about":[{"href":"https:\/\/www.murve.um.si\/index.php?rest_route=\/wp\/v2\/types\/page"}],"author":[{"embeddable":true,"href":"https:\/\/www.murve.um.si\/index.php?rest_route=\/wp\/v2\/users\/4"}],"replies":[{"embeddable":true,"href":"https:\/\/www.murve.um.si\/index.php?rest_route=%2Fwp%2Fv2%2Fcomments&post=36"}],"version-history":[{"count":9,"href":"https:\/\/www.murve.um.si\/index.php?rest_route=\/wp\/v2\/pages\/36\/revisions"}],"predecessor-version":[{"id":1284,"href":"https:\/\/www.murve.um.si\/index.php?rest_route=\/wp\/v2\/pages\/36\/revisions\/1284"}],"wp:attachment":[{"href":"https:\/\/www.murve.um.si\/index.php?rest_route=%2Fwp%2Fv2%2Fmedia&parent=36"}],"curies":[{"name":"wp","href":"https:\/\/api.w.org\/{rel}","templated":true}]}}