{"id":1962,"date":"2023-03-28T08:19:24","date_gmt":"2023-03-28T06:19:24","guid":{"rendered":"http:\/\/www.murve.um.si\/?page_id=1962"},"modified":"2023-03-31T09:18:24","modified_gmt":"2023-03-31T07:18:24","slug":"bilateralni-3-2","status":"publish","type":"page","link":"https:\/\/www.murve.um.si\/?page_id=1962&lang=sl","title":{"rendered":"ARACNE-OBZORJE PROJEKT"},"content":{"rendered":"<p><img loading=\"lazy\" decoding=\"async\" class=\"aligncenter size-full wp-image-2016\" src=\"http:\/\/www.murve.um.si\/wp-content\/uploads\/2023\/03\/ARACNE-Logo-SLO_manjsi.png\" alt=\"\" width=\"989\" height=\"383\"><\/p>\n<p>&nbsp;<\/p>\n<p>&nbsp;<\/p>\n<p>Naslov:<strong> SPODBUJANJE POMENA UMETNOSTI IN KULTURNE DEDI\u0160\u010cINE SVILE NA NACIONALNI IN EVROPSKI RAVNI<\/strong><\/p>\n<p>Koda projekta: <strong>HORIZON-CL2-2022-HERITAGE-01<\/strong><\/p>\n<p>Trajanje projekta: 1.3 2023 \u2013 1.3.2026<\/p>\n<p>Koordinator projekta: CREA Kmetijstvo in okolje (Consiglio per la Ricerca in Agricoltura e l&#8217;Analisi dell&#8217;Economia Agraria), Italija, dr. Silvia Cappellozza<\/p>\n<p>Slovenski partner: Univerza v Mariboru, dr. Andreja Urbanek Krajnc <a href=\"mailto:andreja.urbanek@um.si\">andreja.urbanek@um.si<\/a><\/p>\n<p>&nbsp;<\/p>\n<p>Pod okriljem Univerze v Mariboru so v projekt interdisciplinarno vklju\u010dene tri fakultete:<\/p>\n<p><img loading=\"lazy\" decoding=\"async\" class=\"alignleft wp-image-1992\" src=\"http:\/\/www.murve.um.si\/wp-content\/uploads\/2023\/03\/logo-um-fkbv_slo.png\" alt=\"\" width=\"287\" height=\"157\"><\/p>\n<p>&nbsp;<\/p>\n<p>&nbsp;<\/p>\n<p>&nbsp;<\/p>\n<p>&nbsp;<\/p>\n<p>&nbsp;<\/p>\n<p><strong>Fakulteta za kmetijstvo in biosistemske vede<\/strong><\/p>\n<p>Andreja Urbanek Krajnc: <a href=\"mailto:andreja.urbanek@um.si\">andreja.urbanek@um.si<\/a><\/p>\n<p>\u0160pela Jelen: <a href=\"mailto:spela.jelen3@um.si\">spela.jelen3@um.si<\/a><\/p>\n<p>Martin Kozmos: <a href=\"mailto:martin.kozmos@um.si\">martin.kozmos@um.si<\/a><\/p>\n<p>&nbsp;<\/p>\n<p>Na Fakulteti za kmetijstvo in biosistemske vede potekajo raziskave murve, ki se osredoto\u010dajo na identifikacijo starih sort murve v kolekcijskih zbirkah razli\u010dnih evropskih dr\u017eav. Glavni nalogi bosta vzor\u010denje starih lokalnih razli\u010dic murv v svilogojskih regijah sodelujo\u010dih partnerjev in genetska analiza njihove sorodnosti, da bi sledili anti\u010dni poti \u0161irjenja murv iz Azije v Zahodno Evropo. Stare lokalne razli\u010dice murv, ki se bodo izkazale za bolj\u0161e v smislu morfolo\u0161kih in genetskih lastnosti, bodo razmno\u017eene in na voljo lokalnim skupnostim. Cilj raziskave je ponovno uvajanje murv v kulturno krajino in ozave\u0161\u010danje \u0161ir\u0161e javnosti o pomembni ekolo\u0161ki koristi zasajanja murv v konceptu ekosistemske storitve.<\/p>\n<hr>\n<p>&nbsp;<\/p>\n<p style=\"text-align: left;\"><strong> <img loading=\"lazy\" decoding=\"async\" class=\"wp-image-1993 alignleft\" src=\"http:\/\/www.murve.um.si\/wp-content\/uploads\/2023\/03\/logo-um-fs.png\" alt=\"\" width=\"287\" height=\"138\"><\/strong><\/p>\n<p>&nbsp;<\/p>\n<p>&nbsp;<\/p>\n<p>&nbsp;<\/p>\n<p>&nbsp;<\/p>\n<p>&nbsp;<\/p>\n<p><img loading=\"lazy\" decoding=\"async\" class=\"wp-image-1994 alignleft\" src=\"http:\/\/www.murve.um.si\/wp-content\/uploads\/2023\/03\/logo-um-fs-institut-1.png\" alt=\"\" width=\"287\" height=\"47\"><\/p>\n<p>&nbsp;<\/p>\n<p>&nbsp;<\/p>\n<p>&nbsp;<\/p>\n<p><strong>Fakulteta za strojni\u0161tvo<\/strong><\/p>\n<p>Manja Kure\u010di\u010d: <a href=\"mailto:manja.kurecic@um.si\">manja.kurecic@um.si<\/a><\/p>\n<p>Sonja \u0160terman: <a href=\"mailto:sonja.sterman@um.si\">sonja.sterman@um.si<\/a><\/p>\n<p>Andreja Rudolf: <a href=\"mailto:andreja.rudolf@um.si\">andreja.rudolf@um.si<\/a><\/p>\n<p>In\u0161titut za tekstilne materiale in oblikovanje Fakultete za strojni\u0161tvo Univerze v Mariboru sodeluje v projektu ARACNE z vidika tehnolo\u0161kih inovacij iz ostankov murv in svilenih kokonov, elektropredenja, nanodelcev in rekonstrukcije starih vzorcev svilenih artefaktov. V tem okviru se bomo ukvarjali z odnosom svila-dru\u017eba-zgodovina in inovativnim oblikovanjem razli\u010dnih svilenih izdelkov.<\/p>\n<hr>\n<p>&nbsp;<\/p>\n<p>&nbsp;<\/p>\n<p><img loading=\"lazy\" decoding=\"async\" class=\"alignleft wp-image-1997\" src=\"http:\/\/www.murve.um.si\/wp-content\/uploads\/2023\/03\/logo-um-feri.png\" alt=\"\" width=\"287\" height=\"157\"><\/p>\n<p>&nbsp;<\/p>\n<p>&nbsp;<\/p>\n<p>&nbsp;<\/p>\n<p>&nbsp;<\/p>\n<p>&nbsp;<\/p>\n<p><strong>Fakulteta za elektrotehniko, ra\u010dunalni\u0161tvo in informatiko<\/strong><\/p>\n<p><strong>In\u0161titut za avtomatiko<\/strong><\/p>\n<p>Silvo Hribernik: <a href=\"mailto:silvo\">silvo<\/a><a href=\"mailto:silvo.hribernik@um.si\">.hribernik@um.si<\/a><\/p>\n<p>In\u0161titut za avtomatizacijo tesno sodeluje z In\u0161titutom za tekstilne materiale in oblikovanje na podro\u010dju tehnolo\u0161kih inovacij iz ostankov murv in svilenih kokonov, elektropredenja in nanodelcev.<\/p>\n<p><strong>&nbsp;<\/strong><\/p>\n<p><strong>In\u0161titut za medijske komunikacije<\/strong><\/p>\n<p>Katja Udir Mi\u0161i\u010d: <a href=\"mailto:katja.misic@um.si\">katja.misic@um.si<\/a><\/p>\n<p>&nbsp;<\/p>\n<p>In\u0161titut za medijske komunikacije Fakultete za elektrotehniko in ra\u010dunalni\u0161tvo Univerze v Mariboru je vklju\u010den v projekt ARACNE kot podpora pri narativni raziskavi dedi\u0161\u010dine in zgodovine svilogojstva v Evropi, v okviru katere bo izdelan vizualni katalog. In\u0161titut za medijske komunikacije (FERI) bo sodeloval tudi pri izdelavi kratkega videa z izobra\u017eevalnimi in kulturnimi nameni za krepitev renesanse evropskih industrijskih, kulturnih in turisti\u010dnih sektorjev, povezanih s svilo, ter pri oblikovanju virtualne razstave v okviru projekta Soustvarjanje inovativnih re\u0161itev za oblikovanje svile in mode, kjer bodo &#8220;virtualne vitrine&#8221; prikazane potencialnim kupcem in drugim dele\u017enikom na podro\u010dju mode in umetnosti.<\/p>\n<hr>\n<p>&nbsp;<\/p>\n<p>Partnerji konzorcija:<\/p>\n<ul>\n<li>CREA \u2013 Kmetijstvo in okolje (Consiglio per la Ricerca in Agricoltura e l&#8217;Analisi dell&#8217;Economia Agraria), Italija <a href=\"https:\/\/www.crea.gov.it\/\">https:\/\/www.crea.gov.it\/<\/a><\/li>\n<\/ul>\n<ul>\n<li>Iniziativa Cube, Italija (INI) <a href=\"https:\/\/www.iniziativa.cc\/en\/\">https:\/\/www.iniziativa.cc\/en\/<\/a><\/li>\n<li>Dr\u017eavni muzej svile v Tbilisiju, Gruzija (SSM) <a href=\"https:\/\/museu.ms\/museum\/details\/16726\/tbilisi-state-silk-museum\">https:\/\/museu.ms\/museum\/details\/16726\/tbilisi-state-silk-museum<\/a><\/li>\n<li>Znanstveni center za serikulturo, Bulgarija (SCS) <a href=\"https:\/\/ses-vratza.bacsa-silk.org\/\">https:\/\/ses-vratza.bacsa-silk.org\/<\/a><\/li>\n<li>Kulturna fundacija skupine Piraeus Bank Group, Gr\u010dija (PIOP) <a href=\"https:\/\/www.piop.gr\/en.aspx\">https:\/\/www.piop.gr\/en.aspx#<\/a><\/li>\n<li>Univerza v Mariboru, Slovenija (UM) <a href=\"https:\/\/www.um.si\/en\/home-page\/\">https:\/\/www.um.si\/en\/home-page\/<\/a><\/li>\n<li>Nacionalna in Kapodistrijska univerza Atene, Gr\u010dija (NKUA) <a href=\"https:\/\/en.uoa.gr\/\">https:\/\/en.uoa.gr\/<\/a><\/li>\n<li>In\u0161titut za raziskave in razvoj kmetijstva v Murciji (Instituto Murciano de Investigaci\u00f3n y Desarrollo Agrario y Alimentario), \u0160panija (IMIDA) <a href=\"https:\/\/www.imida.com\/home\">https:\/\/www.imida.com\/home<\/a><\/li>\n<li>D&#8217;orica Benefit Corporation, (DOR), &nbsp;Italija <a href=\"https:\/\/dorica.com\/en\/\">https:\/\/dorica.com\/en\/<\/a><\/li>\n<li>Zdru\u017eenje &#8220;Svilene poti &#8211; od C\u00e9vennesa do Alpujarrasa, Francija (ASSOIE)<\/li>\n<li>Sericyne (SER), Francija <a href=\"https:\/\/www.sericyne.fr\/en\/about-us\/\">https:\/\/www.sericyne.fr\/en\/about-us\/<\/a><\/li>\n<\/ul>\n<ul>\n<li>Univerza v Padovi Universit\u00e0 degli Studi Di Padova (UNIPD), Italija <a href=\"https:\/\/www.unipd.it\/\">https:\/\/www.unipd.it\/<\/a><\/li>\n<\/ul>\n<ul>\n<li>Svet Evrope (CoE), Francija<a href=\"https:\/\/www.coe.int\/en\/web\/venice\/home\">https:\/\/www.coe.int\/en\/web\/venice\/home<\/a><\/li>\n<li>Nacionalni muzej svilene umetnosti v Soufli (ASMS), Gr\u010dija <a href=\"https:\/\/www.silkmuseum.gr\/\">https:\/\/www.silkmuseum.gr\/<\/a><\/li>\n<\/ul>\n<p>&nbsp;<\/p>\n<p><img loading=\"lazy\" decoding=\"async\" class=\"aligncenter size-full wp-image-1942\" src=\"http:\/\/www.murve.um.si\/wp-content\/uploads\/2023\/03\/sestanek-delovne-skupine.jpg\" alt=\"\" width=\"1024\" height=\"768\"><\/p>\n<p>Partnerji projekta ARACNE s koordinaterico projekta dr. Silvio Cappellozza, CREA-Kmetijstvo in Okolje, pred muzejem Esapolis v Padovi.<\/p>\n<p><strong>&nbsp;<\/strong><\/p>\n<p><strong>Osnutek: <\/strong><\/p>\n<p>Projekt ARACNE se osredoto\u010da na kulturno dedi\u0161\u010dino evropske proizvodnje svile ter njeno ohranjanje, za\u0161\u010dito in ovrednotenje. Njegov cilj je o\u017eiviti tradicionalne ve\u0161\u010dine z na lokalni ravni prilagojeno ponovno uporabo skupne kulturne in umetni\u0161ke dedi\u0161\u010dine z namenom oblikovanja evropske kulturne identitete, povezano s svilo. Svila je dobesedna in metafori\u010dna nit, ki je stkala evropsko kulturo, saj je mo\u010dno prispevala k razvoju evropskega gospodarstva in umetnosti. Proizvodnja ter pretekli in sedanji razvoj svilenega sektorja so lahko ponovno skupna osnova za prihodnjo evropsko svileno pot, ki naj bi predstavljala kulturno pot po Evropi. Namen projekta je ustvariti \u0161iroko in dobro povezano mre\u017eo, za\u010den\u0161i z zgodovinsko potjo, ki ji je sledil Marco Polo na svojih potovanjih na Vzhod.<\/p>\n<p><strong>&nbsp;<\/strong><\/p>\n<p><strong>V okviru projekta si prizadevamo:<\/strong><\/p>\n<p>&#8211; z rekonstrukcijo odpornega in inovativnega ekosistema svile, ki bo sledil zadevnim evropskim dr\u017eavam in spodbujal tradicije, arhitekturo ter materialno in nematerialno dedi\u0161\u010dino, vrniti proizvodnjo svile v modo. Utrditev evropske svilene poti bo spodbudila povezave in skupne dejavnosti med evropskimi mesti in regijami, zlasti med muzeji, \u0161tudijskimi in raziskovalnimi sredi\u0161\u010di, da bi okrepili ohranjanje in za\u0161\u010dito njihove kulture ter spodbujali inovacije v proizvodnji in trgovini;<\/p>\n<p>&nbsp;<\/p>\n<p>&#8211; prispevati k izbolj\u0161anju znanja in spretnosti ter konkuren\u010dnosti evropskih kulturnih in ustvarjalnih industrij, povezanih s svilo, s prenovo, skupnim razvojem in izvajanjem kulturnih proizvodov, osnovi svile, ki so osredoto\u010deni na \u010dloveka in specifi\u010dni za dolo\u010den kraj, s pomo\u010djo digitalnih aplikacij in najsodobnej\u0161ih tehnologij, da bi spodbudili prehod na bolj trajnostne poslovne modele ter spodbudili gospodarsko in socialno rast ter okrepili ugled evropskih dr\u017eav v tujini. Projekt bo izpolnjeval tudi makro cilje Evropskega Zelenega dogovora in Novega evropskega Bauhausa.<\/p>\n<p>&nbsp;<\/p>\n<p><strong>Naloge Univerze v Mariboru:<\/strong><\/p>\n<p><strong>Obuditev evropske dedi\u0161\u010dine murv<\/strong> (Nosilec: UM. Drugi vklju\u010deni partnerji: CREA, NKUA, IMIDA, SCS, SSM)<\/p>\n<p>Identifikacija starih lokalnih genotipov murv, razpr\u0161enih v razli\u010dnih kolekcijah evropskih dr\u017eav, vzor\u010denje histori\u010dnih lokalnih murv v svilogojskih regijah partnerskih dr\u017eav in genetska analiza njihove sorodnosti za sledenje zgodovinske \u0161iritve murv od Azije do zahodne Evrope. Ohranjanje in ponovno zasajanje murv v krajino kot zna\u010dilni element naravne in kulturne dedi\u0161\u010dine povezane s svilogojstvom in z namenom dviga ekosistemske storitve. Univerza v Atenah je znotraj naloge 1.3 osredoto\u010dena na filogenijo starih ras sviloprejk na podlagi \u0161e ohranjenih kokonov v muzejih in privatnih zbirkah z namenom ponovnega uvajanja pridelave starih lokalnih ras v svilogojskih regijah partnerskih dr\u017eav.<\/p>\n<p>&nbsp;<\/p>\n<p><strong>Pripovedna raziskava dedi\u0161\u010dine pridelave svile in zgodovine svilogojstva v Evropi<\/strong> (Vodja: UM. Drugi sodelujo\u010di partnerji: vsi partnerji)<\/p>\n<p>Ta dejavnost se bo izvajala ves \u010das trajanja projekta: bolj intenzivno v prvih dvanajstih mesecih; posodobitev dejavnosti se pri\u010dakuje v M24 in M35. Ta naloga se bo izvajala ob podpori \u0161tevilnih muzejev evropskih in vzhodnih sosednjih dr\u017eav, da bi ovrednotili bogastvo zgodovinskih orodij in instrumentov za proizvodnjo svile, ki se ohranjajo in cenijo kot skupna dedi\u0161\u010dina ter navdihujejo tehnolo\u0161ke inovacije za proizvodnjo svile.<\/p>\n<p>&nbsp;<\/p>\n<p><strong>Soustvarjanje inovativnih re\u0161itev za oblikovanje modnih izdelkov iz svile<\/strong> (vodja UM. Drugi vklju\u010deni partnerji: SER, DOR, INI, ASMS) &nbsp;<\/p>\n<p>Razli\u010dni dizajni in modno zasnovane re\u0161itve iz svile bodo soustvarjane s pomo\u010djo inovativnih tehnik in digitalnih tehnologij. UM se bo ukvarjala z odnosom med svilo-dru\u017ebo-zgodovino in inovativnim oblikovanjem, analizirala uporabo svile v umetnosti: slikarstvo, moda in dizajn, grafika in dekoracija skozi \u0161tudije o trajnostni modi in oblikovanju iz svile za socialno vklju\u010denost in sodelovanje z zadrugami. UM bo raziskovala razvoj svilarstva od obdobja avstro-ogrske monarhije (doba nadvojvode Janeza) pa vse do jugoslovanske revolucije, zaradi katere je Maribor postal veliko tekstilno sredi\u0161\u010de, znano kot \u00bbjugoslovanski Manchester\u00ab. Izvedena bo inventarizacija svilenih eksponatov, hranjenih v muzejih v Sloveniji, predvsem ovratnikov in modnih dodatkov. Po navdihu obla\u010dil Anne Plochl in nadvojvode Janeza bo izvedena 3D rekonstrukcija njihovih obla\u010dil, izdelani novi modni dodatki in sodobni vzorci za digitalni tisk. Poglobljena \u0161tudija tega zgodovinskega gradiva bo v svet svile prinesla tako strukturne kot estetske inovacije.<\/p>\n<p>Serycine (SER) bo ustvaril inovativne oblike in izdelke iz naravne in netkane svile ter z naprednimi tehnikami. Izdelki SER bodo zdru\u017eevali nov patentiran na\u010din pridobivanja biosimbioti\u010dne svile, ki jo predejo sviloprejke (brez uni\u010denja bub, kar je postopek pri obi\u010dajnem navijanju svile), z oblikovanjem predmetov, ki lahko tvorijo trendovsko biorazgradljivo opremo za dom (svetilke), ali moden in luksuzen nakit (izvedeno v sodelovanju z D&#8217;orica (DOR)). DOR bo proizvajal svilo \u00bbzero km\u00ab s pomo\u010djo obnovljenih in predelanih strojev za navijanje svile, pri \u010demer bo poudarek na trajnostni in eti\u010dni proizvodnji svile. Pridru\u017eeni partner ASMS bo izdeloval nove svilene dodatke iz odpadnih svilenih obla\u010dil z novo metodologijo in inovativnim dizajnom za njihovo recikliranje v okviru paradigme kro\u017enega gospodarstva. Vse te kreacije bo UM podprla z zasnovo virtualnih razstav, da bi jih v \u00bbvirtualnih izlo\u017ebah\u00ab prikazala potencialnim kupcem in drugim modnim in umetni\u0161kim dele\u017enikom.<\/p>\n<p>&nbsp;<\/p>\n<p><strong>Implementacija najsodobnej\u0161ih tehnologij za aplikacije na osnovi svile<\/strong> (vodja: UM. drugi partner: IMIDA)<\/p>\n<p>Ta naloga bo namenjena implementaciji novih tehnolo\u0161kih re\u0161itev, v smislu raziskovanja modnih trendov za razvoj materialov, z upo\u0161tevanjem na\u010del kro\u017enega gospodarstva in recikliranja ter \u0161irjenja tradicionalne uporabe svilenih izdelkov. Na\u010drtovanje, razvoj in izdelava novih materialov iz svile in odpadkov pridelave murv in predelave svile bodo potekali z uporabo ve\u010d naprednih tehnik, kot sta elektropredenje in 3D-tiskanje, ki bodo raztopljene komponente svile (fibroin in sericin) pretvorile v strukturirane materiale, tj. mre\u017ea nano-vlaken oziroma 3D objektov. Poseben poudarek bo na uporabi fibroinskih filamentov in sericina (&#8221;seri-waste&#8221;), ki bodo bodisi raztopljeni ali predelani v submikronske delce s tehniko su\u0161enja z razpr\u0161evanjem in uporabljeni za pripravo predilnih raztopin in formulacij za tiskanje, ki ustrezajo na paradigmo zelene kemije (npr. zelena topila). V konceptu kro\u017enega gospodarstva bomo nadaljnje uporabili naravne snovi pridobljene iz razli\u010dnih delov murv za razvoj funkcionalnih delcev in premazov, ki bodo izdelkom na osnovi svile podelili inovativne in izbolj\u0161ane lastnosti, kot so UV-za\u0161\u010dita kar bo izbolj\u0161alo lastnosti svile in zagotovilo njeno dalj\u0161o uporabo, tudi za uporabo na prostem. Razviti in izdelani materiali na osnovi svile bodo obravnavani kot nove sestavine v modi in oblikovanju izdelkov, ter ocenjeni za nadaljnje uporabe v biomedicinskih in tehni\u010dnih sektorjih.<\/p>\n<p>&nbsp;<\/p>\n<p><strong>Vzpostavitev genske banke lokalnih genotipov murv in lokalnih ras sviloprejk za lokalne skupnosti z namenom vzpodbujanja lokalne proizvodnje svile<\/strong> (vodilni del: CREA; drugi vklju\u010deni partnerji: UM, NKUA, IMIDA, SCS, ASSOIE)<\/p>\n<p>Lokalni genotipi murv, ki jih bomo odbrali na podlagi genetskih in morfolo\u0161kih lastnosti, bodo razmno\u017eeni in posajene v kolekcije murv raziskovalnih in\u0161titutov (CREA, UM, NKUA, IMIDA, SCS) z namenom njihovega ohranjanja, nadaljnjega razmno\u017eevanja in izmenjave med partnerskimi dr\u017eavami. Partnerji bomo sodelovali z Zavodi za ohranjanje narave in drugimi dele\u017eniki, da bi omogo\u010dili njihovo ohranitev. Enako bo storjeno za lokalne rase sviloprejk, izbrane za vsako sodelujo\u010do dr\u017eavo. Zamisel je ustvariti osnovo za razvoj evropske svilne poti z revitalizacijo lokalne biotske raznovrstnosti murv in sviloprejk, z namenom ponovne vzpostavitve lokalne proizvodnje.<\/p>\n","protected":false},"excerpt":{"rendered":"<p>&nbsp; &nbsp; Naslov: SPODBUJANJE POMENA UMETNOSTI IN KULTURNE DEDI\u0160\u010cINE SVILE NA NACIONALNI IN EVROPSKI RAVNI Koda projekta: HORIZON-CL2-2022-HERITAGE-01 Trajanje projekta: 1.3 2023 \u2013 1.3.2026 Koordinator projekta: CREA Kmetijstvo in okolje (Consiglio per la Ricerca in Agricoltura e l&#8217;Analisi dell&#8217;Economia Agraria), Italija, dr. Silvia Cappellozza Slovenski partner: Univerza v Mariboru, dr. Andreja Urbanek Krajnc andreja.urbanek@um.si &nbsp;Continue reading &rarr;<\/p>\n","protected":false},"author":4,"featured_media":0,"parent":0,"menu_order":0,"comment_status":"closed","ping_status":"closed","template":"","meta":{"ngg_post_thumbnail":0,"footnotes":""},"class_list":["post-1962","page","type-page","status-publish","hentry","no-thumb"],"yoast_head":"<!-- This site is optimized with the Yoast SEO plugin v27.4 - https:\/\/yoast.com\/product\/yoast-seo-wordpress\/ -->\n<title>ARACNE-OBZORJE PROJEKT - murve.um.si<\/title>\n<meta name=\"robots\" content=\"index, follow, max-snippet:-1, max-image-preview:large, max-video-preview:-1\" \/>\n<link rel=\"canonical\" href=\"https:\/\/www.murve.um.si\/?page_id=1962&lang=sl\" \/>\n<meta property=\"og:locale\" content=\"sl_SI\" \/>\n<meta property=\"og:type\" content=\"article\" \/>\n<meta property=\"og:title\" content=\"ARACNE-OBZORJE PROJEKT - murve.um.si\" \/>\n<meta property=\"og:description\" content=\"&nbsp; &nbsp; Naslov: SPODBUJANJE POMENA UMETNOSTI IN KULTURNE DEDI\u0160\u010cINE SVILE NA NACIONALNI IN EVROPSKI RAVNI Koda projekta: HORIZON-CL2-2022-HERITAGE-01 Trajanje projekta: 1.3 2023 \u2013 1.3.2026 Koordinator projekta: CREA Kmetijstvo in okolje (Consiglio per la Ricerca in Agricoltura e l&#8217;Analisi dell&#8217;Economia Agraria), Italija, dr. Silvia Cappellozza Slovenski partner: Univerza v Mariboru, dr. Andreja Urbanek Krajnc andreja.urbanek@um.si &nbsp;Continue reading &rarr;\" \/>\n<meta property=\"og:url\" content=\"https:\/\/www.murve.um.si\/?page_id=1962&amp;lang=sl\" \/>\n<meta property=\"og:site_name\" content=\"murve.um.si\" \/>\n<meta property=\"article:modified_time\" content=\"2023-03-31T07:18:24+00:00\" \/>\n<meta property=\"og:image\" content=\"http:\/\/www.murve.um.si\/wp-content\/uploads\/2023\/03\/ARACNE-Logo-SLO_manjsi.png\" \/>\n<meta name=\"twitter:card\" content=\"summary_large_image\" \/>\n<meta name=\"twitter:label1\" content=\"Est. reading time\" \/>\n\t<meta name=\"twitter:data1\" content=\"11 minut\" \/>\n<script type=\"application\/ld+json\" class=\"yoast-schema-graph\">{\"@context\":\"https:\\\/\\\/schema.org\",\"@graph\":[{\"@type\":\"WebPage\",\"@id\":\"https:\\\/\\\/www.murve.um.si\\\/?page_id=1962&lang=sl\",\"url\":\"https:\\\/\\\/www.murve.um.si\\\/?page_id=1962&lang=sl\",\"name\":\"ARACNE-OBZORJE PROJEKT - murve.um.si\",\"isPartOf\":{\"@id\":\"https:\\\/\\\/www.murve.um.si\\\/#website\"},\"primaryImageOfPage\":{\"@id\":\"https:\\\/\\\/www.murve.um.si\\\/?page_id=1962&lang=sl#primaryimage\"},\"image\":{\"@id\":\"https:\\\/\\\/www.murve.um.si\\\/?page_id=1962&lang=sl#primaryimage\"},\"thumbnailUrl\":\"http:\\\/\\\/www.murve.um.si\\\/wp-content\\\/uploads\\\/2023\\\/03\\\/ARACNE-Logo-SLO_manjsi.png\",\"datePublished\":\"2023-03-28T06:19:24+00:00\",\"dateModified\":\"2023-03-31T07:18:24+00:00\",\"breadcrumb\":{\"@id\":\"https:\\\/\\\/www.murve.um.si\\\/?page_id=1962&lang=sl#breadcrumb\"},\"inLanguage\":\"sl-SI\",\"potentialAction\":[{\"@type\":\"ReadAction\",\"target\":[\"https:\\\/\\\/www.murve.um.si\\\/?page_id=1962&lang=sl\"]}]},{\"@type\":\"ImageObject\",\"inLanguage\":\"sl-SI\",\"@id\":\"https:\\\/\\\/www.murve.um.si\\\/?page_id=1962&lang=sl#primaryimage\",\"url\":\"https:\\\/\\\/www.murve.um.si\\\/wp-content\\\/uploads\\\/2023\\\/03\\\/ARACNE-Logo-SLO_manjsi.png\",\"contentUrl\":\"https:\\\/\\\/www.murve.um.si\\\/wp-content\\\/uploads\\\/2023\\\/03\\\/ARACNE-Logo-SLO_manjsi.png\",\"width\":989,\"height\":383},{\"@type\":\"BreadcrumbList\",\"@id\":\"https:\\\/\\\/www.murve.um.si\\\/?page_id=1962&lang=sl#breadcrumb\",\"itemListElement\":[{\"@type\":\"ListItem\",\"position\":1,\"name\":\"Home\",\"item\":\"http:\\\/\\\/www.murve.um.si\\\/?page_id=27&lang=en\"},{\"@type\":\"ListItem\",\"position\":2,\"name\":\"ARACNE-OBZORJE PROJEKT\"}]},{\"@type\":\"WebSite\",\"@id\":\"https:\\\/\\\/www.murve.um.si\\\/#website\",\"url\":\"https:\\\/\\\/www.murve.um.si\\\/\",\"name\":\"murve.um.si\",\"description\":\"Projekt murve\",\"publisher\":{\"@id\":\"https:\\\/\\\/www.murve.um.si\\\/#organization\"},\"potentialAction\":[{\"@type\":\"SearchAction\",\"target\":{\"@type\":\"EntryPoint\",\"urlTemplate\":\"https:\\\/\\\/www.murve.um.si\\\/?s={search_term_string}\"},\"query-input\":{\"@type\":\"PropertyValueSpecification\",\"valueRequired\":true,\"valueName\":\"search_term_string\"}}],\"inLanguage\":\"sl-SI\"},{\"@type\":\"Organization\",\"@id\":\"https:\\\/\\\/www.murve.um.si\\\/#organization\",\"name\":\"murve.um.si\",\"url\":\"https:\\\/\\\/www.murve.um.si\\\/\",\"logo\":{\"@type\":\"ImageObject\",\"inLanguage\":\"sl-SI\",\"@id\":\"https:\\\/\\\/www.murve.um.si\\\/#\\\/schema\\\/logo\\\/image\\\/\",\"url\":\"https:\\\/\\\/www.murve.um.si\\\/wp-content\\\/uploads\\\/2017\\\/08\\\/logo-pop2.jpg\",\"contentUrl\":\"https:\\\/\\\/www.murve.um.si\\\/wp-content\\\/uploads\\\/2017\\\/08\\\/logo-pop2.jpg\",\"width\":3281,\"height\":3593,\"caption\":\"murve.um.si\"},\"image\":{\"@id\":\"https:\\\/\\\/www.murve.um.si\\\/#\\\/schema\\\/logo\\\/image\\\/\"}}]}<\/script>\n<!-- \/ Yoast SEO plugin. -->","yoast_head_json":{"title":"ARACNE-OBZORJE PROJEKT - murve.um.si","robots":{"index":"index","follow":"follow","max-snippet":"max-snippet:-1","max-image-preview":"max-image-preview:large","max-video-preview":"max-video-preview:-1"},"canonical":"https:\/\/www.murve.um.si\/?page_id=1962&lang=sl","og_locale":"sl_SI","og_type":"article","og_title":"ARACNE-OBZORJE PROJEKT - murve.um.si","og_description":"&nbsp; &nbsp; Naslov: SPODBUJANJE POMENA UMETNOSTI IN KULTURNE DEDI\u0160\u010cINE SVILE NA NACIONALNI IN EVROPSKI RAVNI Koda projekta: HORIZON-CL2-2022-HERITAGE-01 Trajanje projekta: 1.3 2023 \u2013 1.3.2026 Koordinator projekta: CREA Kmetijstvo in okolje (Consiglio per la Ricerca in Agricoltura e l&#8217;Analisi dell&#8217;Economia Agraria), Italija, dr. Silvia Cappellozza Slovenski partner: Univerza v Mariboru, dr. Andreja Urbanek Krajnc andreja.urbanek@um.si &nbsp;Continue reading &rarr;","og_url":"https:\/\/www.murve.um.si\/?page_id=1962&lang=sl","og_site_name":"murve.um.si","article_modified_time":"2023-03-31T07:18:24+00:00","og_image":[{"url":"http:\/\/www.murve.um.si\/wp-content\/uploads\/2023\/03\/ARACNE-Logo-SLO_manjsi.png","type":"","width":"","height":""}],"twitter_card":"summary_large_image","twitter_misc":{"Est. reading time":"11 minut"},"schema":{"@context":"https:\/\/schema.org","@graph":[{"@type":"WebPage","@id":"https:\/\/www.murve.um.si\/?page_id=1962&lang=sl","url":"https:\/\/www.murve.um.si\/?page_id=1962&lang=sl","name":"ARACNE-OBZORJE PROJEKT - murve.um.si","isPartOf":{"@id":"https:\/\/www.murve.um.si\/#website"},"primaryImageOfPage":{"@id":"https:\/\/www.murve.um.si\/?page_id=1962&lang=sl#primaryimage"},"image":{"@id":"https:\/\/www.murve.um.si\/?page_id=1962&lang=sl#primaryimage"},"thumbnailUrl":"http:\/\/www.murve.um.si\/wp-content\/uploads\/2023\/03\/ARACNE-Logo-SLO_manjsi.png","datePublished":"2023-03-28T06:19:24+00:00","dateModified":"2023-03-31T07:18:24+00:00","breadcrumb":{"@id":"https:\/\/www.murve.um.si\/?page_id=1962&lang=sl#breadcrumb"},"inLanguage":"sl-SI","potentialAction":[{"@type":"ReadAction","target":["https:\/\/www.murve.um.si\/?page_id=1962&lang=sl"]}]},{"@type":"ImageObject","inLanguage":"sl-SI","@id":"https:\/\/www.murve.um.si\/?page_id=1962&lang=sl#primaryimage","url":"https:\/\/www.murve.um.si\/wp-content\/uploads\/2023\/03\/ARACNE-Logo-SLO_manjsi.png","contentUrl":"https:\/\/www.murve.um.si\/wp-content\/uploads\/2023\/03\/ARACNE-Logo-SLO_manjsi.png","width":989,"height":383},{"@type":"BreadcrumbList","@id":"https:\/\/www.murve.um.si\/?page_id=1962&lang=sl#breadcrumb","itemListElement":[{"@type":"ListItem","position":1,"name":"Home","item":"http:\/\/www.murve.um.si\/?page_id=27&lang=en"},{"@type":"ListItem","position":2,"name":"ARACNE-OBZORJE PROJEKT"}]},{"@type":"WebSite","@id":"https:\/\/www.murve.um.si\/#website","url":"https:\/\/www.murve.um.si\/","name":"murve.um.si","description":"Projekt murve","publisher":{"@id":"https:\/\/www.murve.um.si\/#organization"},"potentialAction":[{"@type":"SearchAction","target":{"@type":"EntryPoint","urlTemplate":"https:\/\/www.murve.um.si\/?s={search_term_string}"},"query-input":{"@type":"PropertyValueSpecification","valueRequired":true,"valueName":"search_term_string"}}],"inLanguage":"sl-SI"},{"@type":"Organization","@id":"https:\/\/www.murve.um.si\/#organization","name":"murve.um.si","url":"https:\/\/www.murve.um.si\/","logo":{"@type":"ImageObject","inLanguage":"sl-SI","@id":"https:\/\/www.murve.um.si\/#\/schema\/logo\/image\/","url":"https:\/\/www.murve.um.si\/wp-content\/uploads\/2017\/08\/logo-pop2.jpg","contentUrl":"https:\/\/www.murve.um.si\/wp-content\/uploads\/2017\/08\/logo-pop2.jpg","width":3281,"height":3593,"caption":"murve.um.si"},"image":{"@id":"https:\/\/www.murve.um.si\/#\/schema\/logo\/image\/"}}]}},"_links":{"self":[{"href":"https:\/\/www.murve.um.si\/index.php?rest_route=\/wp\/v2\/pages\/1962","targetHints":{"allow":["GET"]}}],"collection":[{"href":"https:\/\/www.murve.um.si\/index.php?rest_route=\/wp\/v2\/pages"}],"about":[{"href":"https:\/\/www.murve.um.si\/index.php?rest_route=\/wp\/v2\/types\/page"}],"author":[{"embeddable":true,"href":"https:\/\/www.murve.um.si\/index.php?rest_route=\/wp\/v2\/users\/4"}],"replies":[{"embeddable":true,"href":"https:\/\/www.murve.um.si\/index.php?rest_route=%2Fwp%2Fv2%2Fcomments&post=1962"}],"version-history":[{"count":8,"href":"https:\/\/www.murve.um.si\/index.php?rest_route=\/wp\/v2\/pages\/1962\/revisions"}],"predecessor-version":[{"id":2023,"href":"https:\/\/www.murve.um.si\/index.php?rest_route=\/wp\/v2\/pages\/1962\/revisions\/2023"}],"wp:attachment":[{"href":"https:\/\/www.murve.um.si\/index.php?rest_route=%2Fwp%2Fv2%2Fmedia&parent=1962"}],"curies":[{"name":"wp","href":"https:\/\/api.w.org\/{rel}","templated":true}]}}